{"id":802,"date":"2024-03-16T12:23:43","date_gmt":"2024-03-16T17:23:43","guid":{"rendered":"https:\/\/0barreras.com\/?post_type=product&#038;p=802"},"modified":"2024-06-18T02:14:21","modified_gmt":"2024-06-18T07:14:21","slug":"reloj-parlante-para-damas-con-estuche-de-dos-tonos-y-correa-de-cuentas-1-boton","status":"publish","type":"product","link":"https:\/\/0barreras.com\/en\/product\/reloj-parlante-para-damas-con-estuche-de-dos-tonos-y-correa-de-cuentas-1-boton\/","title":{"rendered":"Reloj Parlante Cl\u00e1sico Ila para dama con Opci\u00f3n de Voz de 1 Bot\u00f3n en Tonos Plateado y Dorado con Correa de Cuentas"},"content":{"rendered":"<p>Nuestro hermoso reloj parlante cl\u00e1sico con opci\u00f3n de voz de 1 bot\u00f3n es la elecci\u00f3n perfecta para aquellos que buscan un reloj en tono plateado y dorado, con una bonita correa de cuentas que complementar\u00e1 todas sus joyas. Las cuentas grabadas en tono plateado est\u00e1n separadas por cuentas muy peque\u00f1as en tono dorado, creando un elegante y vers\u00e1til accesorio.<\/p>","protected":false},"excerpt":{"rendered":"<p>El reloj parlante cl\u00e1sico de ILA con opci\u00f3n de voz de 1 bot\u00f3n es perfecto para quienes buscan un reloj en tono plateado y dorado, con una correa de cuentas que complementar\u00e1 sus joyas. Su dise\u00f1o elegante y vers\u00e1til lo hace ideal para cualquier ocasi\u00f3n.<\/p>","protected":false},"featured_media":800,"comment_status":"open","ping_status":"closed","template":"","meta":[],"product_cat":[18,65,227,85,88,229,86],"product_tag":[],"class_list":["post-802","product","type-product","status-publish","has-post-thumbnail","hentry","product_cat-baja-vision","product_cat-ila","product_cat-productos-parlantes","product_cat-relojes","product_cat-relojes-parlantes","product_cat-relojes-parlantes-productos-parlantes","product_cat-relojes-parlantes-ila-one-button"],"_links":{"self":[{"href":"https:\/\/0barreras.com\/en\/wp-json\/wp\/v2\/product\/802","targetHints":{"allow":["GET"]}}],"collection":[{"href":"https:\/\/0barreras.com\/en\/wp-json\/wp\/v2\/product"}],"about":[{"href":"https:\/\/0barreras.com\/en\/wp-json\/wp\/v2\/types\/product"}],"replies":[{"embeddable":true,"href":"https:\/\/0barreras.com\/en\/wp-json\/wp\/v2\/comments?post=802"}],"version-history":[{"count":1,"href":"https:\/\/0barreras.com\/en\/wp-json\/wp\/v2\/product\/802\/revisions"}],"predecessor-version":[{"id":1506,"href":"https:\/\/0barreras.com\/en\/wp-json\/wp\/v2\/product\/802\/revisions\/1506"}],"wp:featuredmedia":[{"embeddable":true,"href":"https:\/\/0barreras.com\/en\/wp-json\/wp\/v2\/media\/800"}],"wp:attachment":[{"href":"https:\/\/0barreras.com\/en\/wp-json\/wp\/v2\/media?parent=802"}],"wp:term":[{"taxonomy":"product_cat","embeddable":true,"href":"https:\/\/0barreras.com\/en\/wp-json\/wp\/v2\/product_cat?post=802"},{"taxonomy":"product_tag","embeddable":true,"href":"https:\/\/0barreras.com\/en\/wp-json\/wp\/v2\/product_tag?post=802"}],"curies":[{"name":"wp","href":"https:\/\/api.w.org\/{rel}","templated":true}]}}