{"id":779,"date":"2024-03-16T05:51:16","date_gmt":"2024-03-16T10:51:16","guid":{"rendered":"https:\/\/0barreras.com\/?post_type=product&#038;p=779"},"modified":"2024-04-08T00:28:25","modified_gmt":"2024-04-08T05:28:25","slug":"5x-ila-lupa-de-mano-no-iluminada-de-2-5","status":"publish","type":"product","link":"https:\/\/0barreras.com\/en\/product\/5x-ila-lupa-de-mano-no-iluminada-de-2-5\/","title":{"rendered":"Lupa de mano Ila No Iluminada de 5X: Ampliaci\u00f3n clara y conveniente"},"content":{"rendered":"<div class=\"productView thumbnail-unclicked\" data-event-type=\"product\" data-entity-id=\"1085\" data-name=\"2.5X\/6D Schweizer Functional Series Magnifier\" data-product-category=\"Vision\/Magnifiers for the Visually Impaired\/Non-Illuminated Magnifiers\" data-product-brand=\"\" data-product-price=\"57.95\" data-product-variant=\"single-product-option\">\n<article class=\"productView-description\">\n<div class=\"tabs-contents\">\n<div id=\"tab-description\" class=\"tab-content overview is-active\">\n<div class=\"productView thumbnail-unclicked\" data-event-type=\"product\" data-entity-id=\"1083\" data-name=\"3X ila Non Illuminated 3&quot; x 4&quot; Hand Held Magnifier\" data-product-category=\"Vision\/Magnifiers for the Visually Impaired\/Non-Illuminated Magnifiers\" data-product-brand=\"\" data-product-price=\"21.95\" data-product-variant=\"single-product-option\">\n<article class=\"productView-description\">\n<div class=\"tabs-contents\">\n<div id=\"tab-description\" class=\"tab-content overview is-active\">\n<div class=\"productView thumbnail-unclicked\" data-event-type=\"product\" data-entity-id=\"1082\" data-name=\"7X ila Non Illuminated 2&quot; Hand Held Magnifier\" data-product-category=\"Vision\/Magnifiers for the Visually Impaired\/Non-Illuminated Magnifiers\" data-product-brand=\"\" data-product-price=\"14.95\" data-product-variant=\"single-product-option\">\n<article class=\"productView-description\">\n<div class=\"tabs-contents\">\n<div id=\"tab-description\" class=\"tab-content overview is-active\">\n<div id=\"modal\" class=\"modal modal--large open\" data-reveal=\"\" data-prevent-quick-search-close=\"\" aria-hidden=\"false\" data-uw-cer-popup-wrapper=\"\">\n<div class=\"modal-content\">\n<div class=\"modal-body quickView\">\n<div class=\"productView thumbnail-unclicked productView--quickView\" data-event-type=\"product\" data-entity-id=\"1081\" data-name=\"5X ila Non Illuminated 2.5&quot; Hand Held Magnifier\" data-product-category=\"Vision\/Magnifiers for the Visually Impaired\/Non-Illuminated Magnifiers\" data-product-brand=\"\" data-product-price=\"14.95\" data-product-variant=\"single-product-option\">\n<article class=\"productView-description\">\n<div class=\"tabs-contents\">\n<div id=\"tab-description\" class=\"tab-content overview is-active\">La lupa de mano Ila No Iluminada de 5X es una herramienta \u00fatil para ampliar objetos peque\u00f1os y texto con claridad. Su dise\u00f1o compacto y ligero la hace f\u00e1cil de transportar y usar en cualquier momento. Perfecta para llevar en el bolsillo o bolso, esta lupa te proporciona una ampliaci\u00f3n 5 veces m\u00e1s que el tama\u00f1o original sin necesidad<br \/>\nde iluminaci\u00f3n adicional. Ideal para leer letras peque\u00f1as, examinar detalles de objetos o disfrutar de pasatiempos como la numism\u00e1tica o la joyer\u00eda.<\/div>\n<\/div>\n<\/article>\n<\/div>\n<\/div>\n<\/div>\n<\/div>\n<\/div>\n<\/div>\n<\/article>\n<\/div>\n<\/div>\n<\/div>\n<\/article>\n<\/div>\n<\/div>\n<\/div>\n<\/article>\n<\/div>","protected":false},"excerpt":{"rendered":"<div class=\"productView thumbnail-unclicked\" data-event-type=\"product\" data-entity-id=\"1085\" data-name=\"2.5X\/6D Schweizer Functional Series Magnifier\" data-product-category=\"Vision\/Magnifiers for the Visually Impaired\/Non-Illuminated Magnifiers\" data-product-brand=\"\" data-product-price=\"57.95\" data-product-variant=\"single-product-option\">\n<article class=\"productView-description\">\n<div class=\"tabs-contents\">\n<div id=\"tab-description\" class=\"tab-content overview is-active\">\n<div class=\"productView thumbnail-unclicked\" data-event-type=\"product\" data-entity-id=\"1083\" data-name=\"3X ila Non Illuminated 3&quot; x 4&quot; Hand Held Magnifier\" data-product-category=\"Vision\/Magnifiers for the Visually Impaired\/Non-Illuminated Magnifiers\" data-product-brand=\"\" data-product-price=\"21.95\" data-product-variant=\"single-product-option\">\n<article class=\"productView-description\">\n<div class=\"tabs-contents\">\n<div id=\"tab-description\" class=\"tab-content overview is-active\">\n<div class=\"productView thumbnail-unclicked\" data-event-type=\"product\" data-entity-id=\"1082\" data-name=\"7X ila Non Illuminated 2&quot; Hand Held Magnifier\" data-product-category=\"Vision\/Magnifiers for the Visually Impaired\/Non-Illuminated Magnifiers\" data-product-brand=\"\" data-product-price=\"14.95\" data-product-variant=\"single-product-option\">\n<article class=\"productView-description\">\n<div class=\"tabs-contents\">\n<div id=\"tab-description\" class=\"tab-content overview is-active\">\n<div id=\"modal\" class=\"modal modal--large open\" data-reveal=\"\" data-prevent-quick-search-close=\"\" aria-hidden=\"false\" data-uw-cer-popup-wrapper=\"\">\n<div class=\"modal-content\">\n<div class=\"modal-body quickView\">\n<div class=\"productView thumbnail-unclicked productView--quickView\" data-event-type=\"product\" data-entity-id=\"1081\" data-name=\"5X ila Non Illuminated 2.5&quot; Hand Held Magnifier\" data-product-category=\"Vision\/Magnifiers for the Visually Impaired\/Non-Illuminated Magnifiers\" data-product-brand=\"\" data-product-price=\"14.95\" data-product-variant=\"single-product-option\">\n<article class=\"productView-description\">\n<div class=\"tabs-contents\"><\/div>\n<\/article>\n<\/div>\n<\/div>\n<\/div>\n<\/div>\n<div class=\"global-region screen-width above-footer\">\n<div class=\"global-region body-width\">\n<div data-content-region=\"footer_above--global\">La lupa de mano Ila No Iluminada de 5X es compacta y ligera, ideal para ampliar objetos peque\u00f1os y texto con claridad en cualquier momento. Ofrece una ampliaci\u00f3n 5 veces m\u00e1s que el tama\u00f1o original, sin necesidad de iluminaci\u00f3n adicional, perfecta para llevar en el bolsillo o bolso.<\/div>\n<\/div>\n<\/div>\n<\/div>\n<\/div>\n<\/article>\n<\/div>\n<\/div>\n<\/div>\n<\/article>\n<\/div>\n<\/div>\n<\/div>\n<\/article>\n<\/div>","protected":false},"featured_media":780,"comment_status":"open","ping_status":"closed","template":"","meta":[],"product_cat":[18,65,52,84],"product_tag":[],"class_list":["post-779","product","type-product","status-publish","has-post-thumbnail","hentry","product_cat-baja-vision","product_cat-ila","product_cat-lupas","product_cat-lupas-no-iluminadas"],"_links":{"self":[{"href":"https:\/\/0barreras.com\/en\/wp-json\/wp\/v2\/product\/779","targetHints":{"allow":["GET"]}}],"collection":[{"href":"https:\/\/0barreras.com\/en\/wp-json\/wp\/v2\/product"}],"about":[{"href":"https:\/\/0barreras.com\/en\/wp-json\/wp\/v2\/types\/product"}],"replies":[{"embeddable":true,"href":"https:\/\/0barreras.com\/en\/wp-json\/wp\/v2\/comments?post=779"}],"version-history":[{"count":1,"href":"https:\/\/0barreras.com\/en\/wp-json\/wp\/v2\/product\/779\/revisions"}],"predecessor-version":[{"id":1441,"href":"https:\/\/0barreras.com\/en\/wp-json\/wp\/v2\/product\/779\/revisions\/1441"}],"wp:featuredmedia":[{"embeddable":true,"href":"https:\/\/0barreras.com\/en\/wp-json\/wp\/v2\/media\/780"}],"wp:attachment":[{"href":"https:\/\/0barreras.com\/en\/wp-json\/wp\/v2\/media?parent=779"}],"wp:term":[{"taxonomy":"product_cat","embeddable":true,"href":"https:\/\/0barreras.com\/en\/wp-json\/wp\/v2\/product_cat?post=779"},{"taxonomy":"product_tag","embeddable":true,"href":"https:\/\/0barreras.com\/en\/wp-json\/wp\/v2\/product_tag?post=779"}],"curies":[{"name":"wp","href":"https:\/\/api.w.org\/{rel}","templated":true}]}}