{"id":771,"date":"2024-03-16T05:41:04","date_gmt":"2024-03-16T10:41:04","guid":{"rendered":"https:\/\/0barreras.com\/?post_type=product&#038;p=771"},"modified":"2024-04-07T23:52:40","modified_gmt":"2024-04-08T04:52:40","slug":"lupa-de-la-serie-funcional-schweizer-2-5x-6d","status":"publish","type":"product","link":"https:\/\/0barreras.com\/en\/product\/lupa-de-la-serie-funcional-schweizer-2-5x-6d\/","title":{"rendered":"Lupa de lectura Schweizer: 2.5 Ayuda confiable para la baja visi\u00f3n"},"content":{"rendered":"<div class=\"related recommended products-section\">La lupa de lectura Schweizer est\u00e1 dise\u00f1ada con una lente asf\u00e9rica ligera y un mango gris de alta calidad. El mango duradero cuenta con un orificio para acomodar una cadena, cuerda o cord\u00f3n. Con un tama\u00f1o de lente de 2.5X\/6D y 3.9 pulgadas de ancho, esta lupa ofrece una ayuda confiable y confiable para la baja visi\u00f3n.<\/div>","protected":false},"excerpt":{"rendered":"<div class=\"productView thumbnail-unclicked\" data-event-type=\"product\" data-entity-id=\"1085\" data-name=\"2.5X\/6D Schweizer Functional Series Magnifier\" data-product-category=\"Vision\/Magnifiers for the Visually Impaired\/Non-Illuminated Magnifiers\" data-product-brand=\"\" data-product-price=\"57.95\" data-product-variant=\"single-product-option\">\n<article class=\"productView-description\">La lupa de lectura Schweizer cuenta con una lente asf\u00e9rica ligera, un mango duradero con un orificio para acomodar una cadena y proporciona una<br \/>\nayuda confiable para la baja visi\u00f3n.<\/article>\n<\/div>","protected":false},"featured_media":772,"comment_status":"open","ping_status":"closed","template":"","meta":[],"product_cat":[18,52,84,63],"product_tag":[],"class_list":["post-771","product","type-product","status-publish","has-post-thumbnail","hentry","product_cat-baja-vision","product_cat-lupas","product_cat-lupas-no-iluminadas","product_cat-schweizer"],"_links":{"self":[{"href":"https:\/\/0barreras.com\/en\/wp-json\/wp\/v2\/product\/771","targetHints":{"allow":["GET"]}}],"collection":[{"href":"https:\/\/0barreras.com\/en\/wp-json\/wp\/v2\/product"}],"about":[{"href":"https:\/\/0barreras.com\/en\/wp-json\/wp\/v2\/types\/product"}],"replies":[{"embeddable":true,"href":"https:\/\/0barreras.com\/en\/wp-json\/wp\/v2\/comments?post=771"}],"version-history":[{"count":1,"href":"https:\/\/0barreras.com\/en\/wp-json\/wp\/v2\/product\/771\/revisions"}],"predecessor-version":[{"id":1437,"href":"https:\/\/0barreras.com\/en\/wp-json\/wp\/v2\/product\/771\/revisions\/1437"}],"wp:featuredmedia":[{"embeddable":true,"href":"https:\/\/0barreras.com\/en\/wp-json\/wp\/v2\/media\/772"}],"wp:attachment":[{"href":"https:\/\/0barreras.com\/en\/wp-json\/wp\/v2\/media?parent=771"}],"wp:term":[{"taxonomy":"product_cat","embeddable":true,"href":"https:\/\/0barreras.com\/en\/wp-json\/wp\/v2\/product_cat?post=771"},{"taxonomy":"product_tag","embeddable":true,"href":"https:\/\/0barreras.com\/en\/wp-json\/wp\/v2\/product_tag?post=771"}],"curies":[{"name":"wp","href":"https:\/\/api.w.org\/{rel}","templated":true}]}}