{"id":754,"date":"2024-03-16T05:18:06","date_gmt":"2024-03-16T10:18:06","guid":{"rendered":"https:\/\/0barreras.com\/?post_type=product&#038;p=754"},"modified":"2024-04-07T23:38:45","modified_gmt":"2024-04-08T04:38:45","slug":"soporte-para-telefono-celular-y-ampliador-de-pantalla-2","status":"publish","type":"product","link":"https:\/\/0barreras.com\/en\/product\/soporte-para-telefono-celular-y-ampliador-de-pantalla-2\/","title":{"rendered":"Soporte amplificador de pantalla de tel\u00e9fono celular: Visualizaci\u00f3n ampliada y manos libres"},"content":{"rendered":"<div class=\"productView thumbnail-unclicked\" data-event-type=\"product\" data-entity-id=\"1581\" data-name=\"MagniVisor Deluxe\" data-product-category=\"Vision\/Magnifiers for the Visually Impaired\/Hands Free Magnifiers\" data-product-brand=\"\" data-product-price=\"48.95\" data-product-variant=\"single-product-option\">\n<article class=\"productView-description\">\n<div class=\"tabs-contents\">\n<div id=\"tab-description\" class=\"tab-content overview is-active\">\n<div class=\"productView thumbnail-unclicked\" data-event-type=\"product\" data-entity-id=\"1537\" data-name=\"Cell Phone Holder and Screen Enlarger\" data-product-category=\"Vision\/Magnifiers for the Visually Impaired\/Hands Free Magnifiers, Vision\/Telephones\/Cell Phone Accessories\" data-product-brand=\"\" data-product-price=\"11.95\" data-product-variant=\"single-product-option\">\n<article class=\"productView-description\">\n<div class=\"tabs-contents\">\n<div id=\"tab-description\" class=\"tab-content overview is-active\">\n<div class=\"productView thumbnail-unclicked\" data-event-type=\"product\" data-entity-id=\"1537\" data-name=\"Cell Phone Holder and Screen Enlarger\" data-product-category=\"Vision\/Magnifiers for the Visually Impaired\/Hands Free Magnifiers, Vision\/Telephones\/Cell Phone Accessories\" data-product-brand=\"\" data-product-price=\"11.95\" data-product-variant=\"single-product-option\">\n<article class=\"productView-description\">\n<div class=\"tabs-contents\">\n<div id=\"tab-description\" class=\"tab-content overview is-active\"><\/div>\n<\/div>\n<\/article>\n<\/div>\n<\/div>\n<\/div>\n<\/article>\n<\/div>\n<div class=\"related recommended products-section\">Este pr\u00e1ctico soporte para tel\u00e9fono celular o tableta personal sostiene tu dispositivo y ampl\u00eda su pantalla, proporcionando una visualizaci\u00f3n ampliada y manos libres. Con una pantalla de aumento de 12&#8243;, este soporte integrado es ideal para ver pel\u00edculas y disfrutar de una visualizaci\u00f3n c\u00f3moda a largo plazo. El expansor de pantalla del tel\u00e9fono m\u00f3vil es especialmente \u00fatil para proporcionar un aumento adicional a tu tel\u00e9fono celular. El soporte plegable se guarda plano cuando no est\u00e1 en uso, facilitando su almacenamiento. Disponible en color rojo para una alta visibilidad.<\/div>\n<\/div>\n<\/div>\n<\/article>\n<\/div>","protected":false},"excerpt":{"rendered":"<p>El soporte para tel\u00e9fono celular y tableta personal ampl\u00eda la pantalla de tu dispositivo, brind\u00e1ndote una visualizaci\u00f3n ampliada y manos libres.<br \/>\nIdeal para ver pel\u00edculas y disfrutar de una visualizaci\u00f3n c\u00f3moda a largo plazo.<\/p>","protected":false},"featured_media":749,"comment_status":"open","ping_status":"closed","template":"","meta":[],"product_cat":[18,52,82],"product_tag":[],"class_list":["post-754","product","type-product","status-publish","has-post-thumbnail","hentry","product_cat-baja-vision","product_cat-lupas","product_cat-lupas-manos-libres"],"_links":{"self":[{"href":"https:\/\/0barreras.com\/en\/wp-json\/wp\/v2\/product\/754","targetHints":{"allow":["GET"]}}],"collection":[{"href":"https:\/\/0barreras.com\/en\/wp-json\/wp\/v2\/product"}],"about":[{"href":"https:\/\/0barreras.com\/en\/wp-json\/wp\/v2\/types\/product"}],"replies":[{"embeddable":true,"href":"https:\/\/0barreras.com\/en\/wp-json\/wp\/v2\/comments?post=754"}],"version-history":[{"count":1,"href":"https:\/\/0barreras.com\/en\/wp-json\/wp\/v2\/product\/754\/revisions"}],"predecessor-version":[{"id":1435,"href":"https:\/\/0barreras.com\/en\/wp-json\/wp\/v2\/product\/754\/revisions\/1435"}],"wp:featuredmedia":[{"embeddable":true,"href":"https:\/\/0barreras.com\/en\/wp-json\/wp\/v2\/media\/749"}],"wp:attachment":[{"href":"https:\/\/0barreras.com\/en\/wp-json\/wp\/v2\/media?parent=754"}],"wp:term":[{"taxonomy":"product_cat","embeddable":true,"href":"https:\/\/0barreras.com\/en\/wp-json\/wp\/v2\/product_cat?post=754"},{"taxonomy":"product_tag","embeddable":true,"href":"https:\/\/0barreras.com\/en\/wp-json\/wp\/v2\/product_tag?post=754"}],"curies":[{"name":"wp","href":"https:\/\/api.w.org\/{rel}","templated":true}]}}