{"id":738,"date":"2024-03-15T14:32:13","date_gmt":"2024-03-15T19:32:13","guid":{"rendered":"https:\/\/0barreras.com\/?post_type=product&#038;p=738"},"modified":"2024-04-07T18:35:36","modified_gmt":"2024-04-07T23:35:36","slug":"abrazadera-en-lupa-2x","status":"publish","type":"product","link":"https:\/\/0barreras.com\/en\/product\/abrazadera-en-lupa-2x\/","title":{"rendered":"Lupa Tabletop Attach-A-Mag de 2X y 4&#8243; con iluminaci\u00f3n LED y base de abrazadera ajustable&#8221;"},"content":{"rendered":"<p>La lupa Tabletop Attach-A-Mag ofrece un aumento de 2X y 4 pulgadas para proporcionar una visi\u00f3n ampliada y manos libres. Su dise\u00f1o totalmente ajustable y iluminado por LED cuenta con una base de abrazadera que se adhiere f\u00e1cilmente a la mayor\u00eda de los tableros de mesa, proporcionando una iluminaci\u00f3n \u00f3ptima<br \/>\ny una visi\u00f3n clara y n\u00edtida. La lente acr\u00edlica de alta calidad garantiza im\u00e1genes n\u00edtidas y detalladas. La abrazadera puede abrirse casi 2 pulgadas, lo que la hace compatible con una variedad de superficies de trabajo. El cuello de bola y bisagra permite colocar la lupa en la posici\u00f3n deseada y ajustar<br \/>\nla tensi\u00f3n seg\u00fan sea necesario. Se incluyen tres pilas de bot\u00f3n para un uso inmediato y conveniente.<\/p>","protected":false},"excerpt":{"rendered":"<p>Lupa Tabletop Attach-A-Mag de 2X y 4 pulgadas con base de abrazadera ajustable e iluminaci\u00f3n LED. Lente acr\u00edlica de alta calidad para im\u00e1genes n\u00edtidas. Incluye tres pilas de bot\u00f3n.<\/p>","protected":false},"featured_media":739,"comment_status":"open","ping_status":"closed","template":"","meta":[],"product_cat":[18,52,82],"product_tag":[],"class_list":["post-738","product","type-product","status-publish","has-post-thumbnail","hentry","product_cat-baja-vision","product_cat-lupas","product_cat-lupas-manos-libres"],"_links":{"self":[{"href":"https:\/\/0barreras.com\/en\/wp-json\/wp\/v2\/product\/738","targetHints":{"allow":["GET"]}}],"collection":[{"href":"https:\/\/0barreras.com\/en\/wp-json\/wp\/v2\/product"}],"about":[{"href":"https:\/\/0barreras.com\/en\/wp-json\/wp\/v2\/types\/product"}],"replies":[{"embeddable":true,"href":"https:\/\/0barreras.com\/en\/wp-json\/wp\/v2\/comments?post=738"}],"version-history":[{"count":1,"href":"https:\/\/0barreras.com\/en\/wp-json\/wp\/v2\/product\/738\/revisions"}],"predecessor-version":[{"id":1431,"href":"https:\/\/0barreras.com\/en\/wp-json\/wp\/v2\/product\/738\/revisions\/1431"}],"wp:featuredmedia":[{"embeddable":true,"href":"https:\/\/0barreras.com\/en\/wp-json\/wp\/v2\/media\/739"}],"wp:attachment":[{"href":"https:\/\/0barreras.com\/en\/wp-json\/wp\/v2\/media?parent=738"}],"wp:term":[{"taxonomy":"product_cat","embeddable":true,"href":"https:\/\/0barreras.com\/en\/wp-json\/wp\/v2\/product_cat?post=738"},{"taxonomy":"product_tag","embeddable":true,"href":"https:\/\/0barreras.com\/en\/wp-json\/wp\/v2\/product_tag?post=738"}],"curies":[{"name":"wp","href":"https:\/\/api.w.org\/{rel}","templated":true}]}}