{"id":729,"date":"2024-03-15T14:19:14","date_gmt":"2024-03-15T19:19:14","guid":{"rendered":"https:\/\/0barreras.com\/?post_type=product&#038;p=729"},"modified":"2024-04-07T18:06:41","modified_gmt":"2024-04-07T23:06:41","slug":"lupa-de-pagina-completa-sin-marco-2x-7-x-11","status":"publish","type":"product","link":"https:\/\/0barreras.com\/en\/product\/lupa-de-pagina-completa-sin-marco-2x-7-x-11\/","title":{"rendered":"Lupa de p\u00e1gina completa sin marco Fresnel 2X  7&#8243; x 11&#8243;"},"content":{"rendered":"<div class=\"productView thumbnail-unclicked\" data-event-type=\"product\" data-entity-id=\"1090\" data-name=\"2X Rigid Unframed Full Page Magnifier, 8.5&quot; x 11&quot;\" data-product-category=\"Vision\/Magnifiers for the Visually Impaired\/Page Magnifiers\" data-product-brand=\"\" data-product-price=\"7.95\" data-product-variant=\"single-product-option\">\n<article class=\"productView-description\">\n<div class=\"tabs-contents\">\n<div id=\"tab-description\" class=\"tab-content overview is-active\">\n<div class=\"productView thumbnail-unclicked\" data-event-type=\"product\" data-entity-id=\"1088\" data-name=\"2X Framed Full Page Magnifier (6&quot; x 8.5&quot;)\" data-product-category=\"Vision\/Magnifiers for the Visually Impaired\/Page Magnifiers\" data-product-brand=\"\" data-product-price=\"1.95\" data-product-variant=\"single-product-option\">\n<article class=\"productView-description\">\n<div class=\"tabs-contents\">\n<div id=\"tab-description\" class=\"tab-content overview is-active\">\n<div class=\"productView thumbnail-unclicked\" data-event-type=\"product\" data-entity-id=\"226\" data-name=\"2X Full Page Magnifier on Legs With LED Light\" data-product-category=\"Vision\/Magnifiers for the Visually Impaired\/Hands Free Magnifiers, Vision\/Magnifiers for the Visually Impaired\/Page Magnifiers, Vision\/Magnifiers for the Visually Impaired\/Stand Magnifiers\" data-product-brand=\"\" data-product-price=\"16.95\" data-product-variant=\"single-product-option\">\n<article class=\"productView-description\">\n<div class=\"tabs-contents\">\n<div id=\"tab-description\" class=\"tab-content overview is-active\">\n<div class=\"productView thumbnail-unclicked\" data-event-type=\"product\" data-entity-id=\"231\" data-name=\"2X Full Page Unframed Magnifier, 7&quot; x 11&quot;\" data-product-category=\"Vision\/Magnifiers for the Visually Impaired\/Page Magnifiers\" data-product-brand=\"\" data-product-price=\"1.95\" data-product-variant=\"single-product-option\">\n<article class=\"productView-description\">\n<div class=\"tabs-contents\">\n<div id=\"tab-description\" class=\"tab-content overview is-active\">Lupa de P\u00e1gina Completa Sin Marco 2X 7&#8243; x 11&#8243;<br \/>\nEsta lupa de p\u00e1gina completa sin marco te ofrece una ampliaci\u00f3n de 2X para una visualizaci\u00f3n clara y c\u00f3moda. Con unas dimensiones de 7&#8243; x 11&#8243;, es ideal<br \/>\npara tareas detalladas y lectura f\u00e1cil. Su dise\u00f1o sin marco proporciona un campo de visi\u00f3n amplio y sin obstrucciones. Perfecta para usar en casa, la escuela o en el trabajo, esta lupa es ligera y f\u00e1cil de transportar. \u00a1Descubre una nueva forma de ver el mundo con esta lupa sin marco!<\/div>\n<\/div>\n<\/article>\n<\/div>\n<\/div>\n<\/div>\n<\/article>\n<\/div>\n<\/div>\n<\/div>\n<\/article>\n<\/div>\n<\/div>\n<\/div>\n<\/article>\n<\/div>","protected":false},"excerpt":{"rendered":"<p>Esta lupa de p\u00e1gina completa sin marco ofrece una ampliaci\u00f3n de 2X para una visualizaci\u00f3n clara y c\u00f3moda. Con dimensiones de 7&#8243; x 11&#8243;, es ideal<br \/>\npara tareas detalladas y lectura f\u00e1cil. Su dise\u00f1o sin marco proporciona un campo de visi\u00f3n amplio y sin obstrucciones.<\/p>","protected":false},"featured_media":726,"comment_status":"open","ping_status":"closed","template":"","meta":[],"product_cat":[18,52,81],"product_tag":[],"class_list":["post-729","product","type-product","status-publish","has-post-thumbnail","hentry","product_cat-baja-vision","product_cat-lupas","product_cat-lupas-de-pagina"],"_links":{"self":[{"href":"https:\/\/0barreras.com\/en\/wp-json\/wp\/v2\/product\/729","targetHints":{"allow":["GET"]}}],"collection":[{"href":"https:\/\/0barreras.com\/en\/wp-json\/wp\/v2\/product"}],"about":[{"href":"https:\/\/0barreras.com\/en\/wp-json\/wp\/v2\/types\/product"}],"replies":[{"embeddable":true,"href":"https:\/\/0barreras.com\/en\/wp-json\/wp\/v2\/comments?post=729"}],"version-history":[{"count":1,"href":"https:\/\/0barreras.com\/en\/wp-json\/wp\/v2\/product\/729\/revisions"}],"predecessor-version":[{"id":1428,"href":"https:\/\/0barreras.com\/en\/wp-json\/wp\/v2\/product\/729\/revisions\/1428"}],"wp:featuredmedia":[{"embeddable":true,"href":"https:\/\/0barreras.com\/en\/wp-json\/wp\/v2\/media\/726"}],"wp:attachment":[{"href":"https:\/\/0barreras.com\/en\/wp-json\/wp\/v2\/media?parent=729"}],"wp:term":[{"taxonomy":"product_cat","embeddable":true,"href":"https:\/\/0barreras.com\/en\/wp-json\/wp\/v2\/product_cat?post=729"},{"taxonomy":"product_tag","embeddable":true,"href":"https:\/\/0barreras.com\/en\/wp-json\/wp\/v2\/product_tag?post=729"}],"curies":[{"name":"wp","href":"https:\/\/api.w.org\/{rel}","templated":true}]}}