{"id":696,"date":"2024-03-15T13:19:06","date_gmt":"2024-03-15T18:19:06","guid":{"rendered":"https:\/\/0barreras.com\/?post_type=product&#038;p=696"},"modified":"2024-04-05T19:43:41","modified_gmt":"2024-04-06T00:43:41","slug":"gafas-eschenbach-maxtv","status":"publish","type":"product","link":"https:\/\/0barreras.com\/en\/product\/gafas-eschenbach-maxtv\/","title":{"rendered":"Gafas de Visi\u00f3n de Lejos Eschenbach 2.1X con Enfoque Independiente- para ver TV"},"content":{"rendered":"<div class=\"productView thumbnail-unclicked\" data-event-type=\"product\" data-entity-id=\"1017\" data-name=\"6X16 Monocular\" data-product-category=\"Vision\/Magnifiers for the Visually Impaired\/Binoculars &amp; Monoculars for Low Vision\" data-product-brand=\"\" data-product-price=\"40.95\" data-product-variant=\"single-product-option\">\n<article class=\"productView-description\">\n<div class=\"tabs-contents\">\n<div id=\"tab-description\" class=\"tab-content overview is-active\">\n<div class=\"productView thumbnail-unclicked\" data-event-type=\"product\" data-entity-id=\"1016\" data-name=\"8x21 Monocular\" data-product-category=\"Vision\/Magnifiers for the Visually Impaired\/Binoculars &amp; Monoculars for Low Vision\" data-product-brand=\"\" data-product-price=\"40.95\" data-product-variant=\"single-product-option\">\n<article class=\"productView-description\">\n<div class=\"tabs-contents\">\n<div id=\"tab-description\" class=\"tab-content overview is-active\">\n<div class=\"productView thumbnail-unclicked\" data-event-type=\"product\" data-entity-id=\"1015\" data-name=\"2.5X x 25mm Hand Held Monocular\" data-product-category=\"Vision\/Magnifiers for the Visually Impaired\/Binoculars &amp; Monoculars for Low Vision\" data-product-brand=\"\" data-product-price=\"40.95\" data-product-variant=\"single-product-option\">\n<article class=\"productView-description\">\n<div class=\"tabs-contents\">\n<div id=\"tab-description\" class=\"tab-content overview is-active\">\n<div class=\"productView thumbnail-unclicked\" data-event-type=\"product\" data-entity-id=\"1012\" data-name=\"2.8X Eyeglass Clip-On Monocular\" data-product-category=\"Vision\/Magnifiers for the Visually Impaired\/Binoculars &amp; Monoculars for Low Vision\" data-product-brand=\"\" data-product-price=\"40.95\" data-product-variant=\"single-product-option\">\n<article class=\"productView-description\">\n<div class=\"tabs-contents\">\n<div class=\"clear\">\n<div class=\"productView thumbnail-unclicked\" data-event-type=\"product\" data-entity-id=\"996\" data-name=\"Far View Spectacle Binoculars 2X with Clear Lenses\" data-product-category=\"Vision\/Magnifiers for the Visually Impaired\/Binoculars &amp; Monoculars for Low Vision\" data-product-brand=\"Coil\" data-product-price=\"63.95\" data-product-variant=\"single-product-option\">\n<article class=\"productView-description\">\n<div class=\"tabs-contents\">\n<div id=\"tab-description\" class=\"tab-content overview is-active\"><\/div>\n<\/div>\n<\/article>\n<\/div>\n<\/div>\n<\/div>\n<\/article>\n<\/div>\n<div class=\"related recommended products-section\">Las gafas de visi\u00f3n de lejos de Eschenbach proporcionan un aumento de 2.1X y permiten al usuario enfocar cada ojo de forma independiente, lo que permite un enfoque m\u00e1s preciso. Son ideales para ver televisi\u00f3n, eventos deportivos, pel\u00edculas y m\u00e1s. Estas gafas vienen con un estuche de nailon resistente, protector y enmarcado (con cremallera) incluido, para mantenerlas seguras cuando no est\u00e1n en uso.<br \/>\nCaracter\u00edsticas t\u00e9cnicas:<br \/>\n\u2022 Aumento: 2.1X<br \/>\n\u2022 Tipo de lente: Galileo<br \/>\n\u2022 Material de la lente: pl\u00e1stico PXM<br \/>\n\u2022 Montura: marco negro<br \/>\n\u2022 Tama\u00f1o del marco: 137 mm<br \/>\n\u2022 Tama\u00f1o de la patilla: 135 mm<br \/>\n\u2022 Tama\u00f1o del puente: Sill\u00edn abierto<br \/>\n\u2022 Tama\u00f1o de la lente: 1.25&#8243;<br \/>\n\u2022 Rango focal: 10 pies hasta el infinito<br \/>\n\u2022 Campo de visi\u00f3n: 20 grados<br \/>\n\u2022 Rango de PD: 60 &#8211; 68 mm<br \/>\n\u2022 Peso: 1.7 oz<br \/>\nfin de lista<\/div>\n<\/div>\n<\/div>\n<\/article>\n<\/div>\n<\/div>\n<\/div>\n<\/article>\n<\/div>\n<\/div>\n<\/div>\n<\/article>\n<\/div>","protected":false},"excerpt":{"rendered":"<div class=\"productView thumbnail-unclicked\" data-event-type=\"product\" data-entity-id=\"1017\" data-name=\"6X16 Monocular\" data-product-category=\"Vision\/Magnifiers for the Visually Impaired\/Binoculars &amp; Monoculars for Low Vision\" data-product-brand=\"\" data-product-price=\"40.95\" data-product-variant=\"single-product-option\">\n<article class=\"productView-description\">\n<div class=\"tabs-contents\">\n<div id=\"tab-description\" class=\"tab-content overview is-active\">\n<div class=\"productView thumbnail-unclicked\" data-event-type=\"product\" data-entity-id=\"1016\" data-name=\"8x21 Monocular\" data-product-category=\"Vision\/Magnifiers for the Visually Impaired\/Binoculars &amp; Monoculars for Low Vision\" data-product-brand=\"\" data-product-price=\"40.95\" data-product-variant=\"single-product-option\">\n<article class=\"productView-description\">\n<div class=\"tabs-contents\">\n<div id=\"tab-description\" class=\"tab-content overview is-active\">\n<div class=\"productView thumbnail-unclicked\" data-event-type=\"product\" data-entity-id=\"1015\" data-name=\"2.5X x 25mm Hand Held Monocular\" data-product-category=\"Vision\/Magnifiers for the Visually Impaired\/Binoculars &amp; Monoculars for Low Vision\" data-product-brand=\"\" data-product-price=\"40.95\" data-product-variant=\"single-product-option\">\n<article class=\"productView-description\">\n<div class=\"tabs-contents\">\n<div id=\"tab-description\" class=\"tab-content overview is-active\">\n<div class=\"productView thumbnail-unclicked\" data-event-type=\"product\" data-entity-id=\"996\" data-name=\"Far View Spectacle Binoculars 2X with Clear Lenses\" data-product-category=\"Vision\/Magnifiers for the Visually Impaired\/Binoculars &amp; Monoculars for Low Vision\" data-product-brand=\"Coil\" data-product-price=\"63.95\" data-product-variant=\"single-product-option\">\n<article class=\"productView-description\">\n<div class=\"tabs-contents\">\n<div id=\"tab-description\" class=\"tab-content overview is-active\">Las gafas de visi\u00f3n de lejos de Eschenbach ofrecen un aumento de 2.1X y permiten al usuario enfocar cada ojo de forma independiente para un enfoque preciso.<br \/>\nSon ideales para ver televisi\u00f3n, eventos deportivos, pel\u00edculas y m\u00e1s. Incluyen un estuche de nailon resistente y protector.<\/div>\n<\/div>\n<\/article>\n<\/div>\n<\/div>\n<\/div>\n<\/article>\n<\/div>\n<\/div>\n<\/div>\n<\/article>\n<\/div>\n<\/div>\n<\/div>\n<\/article>\n<\/div>","protected":false},"featured_media":697,"comment_status":"open","ping_status":"closed","template":"","meta":[],"product_cat":[18,76],"product_tag":[],"class_list":["post-696","product","type-product","status-publish","has-post-thumbnail","hentry","product_cat-baja-vision","product_cat-prismaticos-y-monoculares-para-baja-vision"],"_links":{"self":[{"href":"https:\/\/0barreras.com\/en\/wp-json\/wp\/v2\/product\/696","targetHints":{"allow":["GET"]}}],"collection":[{"href":"https:\/\/0barreras.com\/en\/wp-json\/wp\/v2\/product"}],"about":[{"href":"https:\/\/0barreras.com\/en\/wp-json\/wp\/v2\/types\/product"}],"replies":[{"embeddable":true,"href":"https:\/\/0barreras.com\/en\/wp-json\/wp\/v2\/comments?post=696"}],"version-history":[{"count":1,"href":"https:\/\/0barreras.com\/en\/wp-json\/wp\/v2\/product\/696\/revisions"}],"predecessor-version":[{"id":1350,"href":"https:\/\/0barreras.com\/en\/wp-json\/wp\/v2\/product\/696\/revisions\/1350"}],"wp:featuredmedia":[{"embeddable":true,"href":"https:\/\/0barreras.com\/en\/wp-json\/wp\/v2\/media\/697"}],"wp:attachment":[{"href":"https:\/\/0barreras.com\/en\/wp-json\/wp\/v2\/media?parent=696"}],"wp:term":[{"taxonomy":"product_cat","embeddable":true,"href":"https:\/\/0barreras.com\/en\/wp-json\/wp\/v2\/product_cat?post=696"},{"taxonomy":"product_tag","embeddable":true,"href":"https:\/\/0barreras.com\/en\/wp-json\/wp\/v2\/product_tag?post=696"}],"curies":[{"name":"wp","href":"https:\/\/api.w.org\/{rel}","templated":true}]}}