{"id":687,"date":"2024-03-15T13:02:18","date_gmt":"2024-03-15T18:02:18","guid":{"rendered":"https:\/\/0barreras.com\/?post_type=product&#038;p=687"},"modified":"2024-04-05T18:44:45","modified_gmt":"2024-04-05T23:44:45","slug":"optivisor-1-75x-lupa-de-cabeza-de-joyero","status":"publish","type":"product","link":"https:\/\/0barreras.com\/en\/product\/optivisor-1-75x-lupa-de-cabeza-de-joyero\/","title":{"rendered":"OptiVISOR 1.75X Lupa de cabeza de joyero Donegan"},"content":{"rendered":"<div class=\"productView thumbnail-unclicked\" data-event-type=\"product\" data-entity-id=\"1017\" data-name=\"6X16 Monocular\" data-product-category=\"Vision\/Magnifiers for the Visually Impaired\/Binoculars &amp; Monoculars for Low Vision\" data-product-brand=\"\" data-product-price=\"40.95\" data-product-variant=\"single-product-option\">\n<article class=\"productView-description\">\n<div class=\"tabs-contents\">\n<div id=\"tab-description\" class=\"tab-content overview is-active\">\n<div class=\"productView thumbnail-unclicked\" data-event-type=\"product\" data-entity-id=\"1016\" data-name=\"8x21 Monocular\" data-product-category=\"Vision\/Magnifiers for the Visually Impaired\/Binoculars &amp; Monoculars for Low Vision\" data-product-brand=\"\" data-product-price=\"40.95\" data-product-variant=\"single-product-option\">\n<article class=\"productView-description\">\n<div class=\"tabs-contents\">\n<div id=\"tab-description\" class=\"tab-content overview is-active\">\n<div class=\"productView thumbnail-unclicked\" data-event-type=\"product\" data-entity-id=\"1015\" data-name=\"2.5X x 25mm Hand Held Monocular\" data-product-category=\"Vision\/Magnifiers for the Visually Impaired\/Binoculars &amp; Monoculars for Low Vision\" data-product-brand=\"\" data-product-price=\"40.95\" data-product-variant=\"single-product-option\">\n<article class=\"productView-description\">\n<div class=\"tabs-contents\">\n<div id=\"tab-description\" class=\"tab-content overview is-active\">\n<div class=\"productView thumbnail-unclicked\" data-event-type=\"product\" data-entity-id=\"1012\" data-name=\"2.8X Eyeglass Clip-On Monocular\" data-product-category=\"Vision\/Magnifiers for the Visually Impaired\/Binoculars &amp; Monoculars for Low Vision\" data-product-brand=\"\" data-product-price=\"40.95\" data-product-variant=\"single-product-option\">\n<article class=\"productView-description\">\n<div class=\"tabs-contents\"><\/div>\n<\/article>\n<\/div>\n<\/div>\n<\/div>\n<div class=\"clear\">Las lentes de vidrio \u00f3ptico de la m\u00e1s alta calidad se montan en un marco en una c\u00f3moda diadema que se puede inclinar cuando no se necesita aumento. Este dise\u00f1o est\u00e1 pensado para trabajos cercanos, como lectura, escritura o proyectos de manualidades. Las lentes se pueden usar sobre anteojos o solas, lo que las hace vers\u00e1tiles para diferentes usuarios. Ofrecemos estas lupas en 3 potencias diferentes. Es importante tener en cuenta que cuanto m\u00e1s fuerte sea la lupa, m\u00e1s cerca se debe mantener el material de lectura para estar enfocado. Las distancias de trabajo recomendadas son: 1.75X &#8211; 14 pulgadas, 2.50X &#8211; 8 pulgadas, 3.5X &#8211; 4 pulgadas.<\/div>\n<\/article>\n<\/div>\n<\/div>\n<\/div>\n<\/article>\n<\/div>\n<\/div>\n<\/div>\n<\/article>\n<\/div>","protected":false},"excerpt":{"rendered":"<div class=\"productView thumbnail-unclicked\" data-event-type=\"product\" data-entity-id=\"1017\" data-name=\"6X16 Monocular\" data-product-category=\"Vision\/Magnifiers for the Visually Impaired\/Binoculars &amp; Monoculars for Low Vision\" data-product-brand=\"\" data-product-price=\"40.95\" data-product-variant=\"single-product-option\">\n<article class=\"productView-description\">\n<div class=\"tabs-contents\">\n<div id=\"tab-description\" class=\"tab-content overview is-active\">\n<div class=\"productView thumbnail-unclicked\" data-event-type=\"product\" data-entity-id=\"1016\" data-name=\"8x21 Monocular\" data-product-category=\"Vision\/Magnifiers for the Visually Impaired\/Binoculars &amp; Monoculars for Low Vision\" data-product-brand=\"\" data-product-price=\"40.95\" data-product-variant=\"single-product-option\">\n<article class=\"productView-description\">\n<div class=\"tabs-contents\">Las lentes de vidrio \u00f3ptico montadas en un marco de diadema c\u00f3moda se pueden inclinar cuando no se necesita aumento. Dise\u00f1adas para trabajos cercanos como lectura, escritura o manualidades, estas lupas ofrecen 3 potencias diferentes y se pueden usar sobre anteojos o solas.<\/div>\n<\/article>\n<\/div>\n<\/div>\n<\/div>\n<\/article>\n<\/div>","protected":false},"featured_media":684,"comment_status":"open","ping_status":"closed","template":"","meta":[],"product_cat":[18,79,82,76],"product_tag":[],"class_list":["post-687","product","type-product","status-publish","has-post-thumbnail","hentry","product_cat-baja-vision","product_cat-donegan","product_cat-lupas-manos-libres","product_cat-prismaticos-y-monoculares-para-baja-vision"],"_links":{"self":[{"href":"https:\/\/0barreras.com\/en\/wp-json\/wp\/v2\/product\/687","targetHints":{"allow":["GET"]}}],"collection":[{"href":"https:\/\/0barreras.com\/en\/wp-json\/wp\/v2\/product"}],"about":[{"href":"https:\/\/0barreras.com\/en\/wp-json\/wp\/v2\/types\/product"}],"replies":[{"embeddable":true,"href":"https:\/\/0barreras.com\/en\/wp-json\/wp\/v2\/comments?post=687"}],"version-history":[{"count":1,"href":"https:\/\/0barreras.com\/en\/wp-json\/wp\/v2\/product\/687\/revisions"}],"predecessor-version":[{"id":1345,"href":"https:\/\/0barreras.com\/en\/wp-json\/wp\/v2\/product\/687\/revisions\/1345"}],"wp:featuredmedia":[{"embeddable":true,"href":"https:\/\/0barreras.com\/en\/wp-json\/wp\/v2\/media\/684"}],"wp:attachment":[{"href":"https:\/\/0barreras.com\/en\/wp-json\/wp\/v2\/media?parent=687"}],"wp:term":[{"taxonomy":"product_cat","embeddable":true,"href":"https:\/\/0barreras.com\/en\/wp-json\/wp\/v2\/product_cat?post=687"},{"taxonomy":"product_tag","embeddable":true,"href":"https:\/\/0barreras.com\/en\/wp-json\/wp\/v2\/product_tag?post=687"}],"curies":[{"name":"wp","href":"https:\/\/api.w.org\/{rel}","templated":true}]}}