{"id":686,"date":"2024-03-15T13:01:04","date_gmt":"2024-03-15T18:01:04","guid":{"rendered":"https:\/\/0barreras.com\/?post_type=product&#038;p=686"},"modified":"2024-04-05T18:29:40","modified_gmt":"2024-04-05T23:29:40","slug":"optivisor-2-50x-lupa-de-cabeza-de-joyero","status":"publish","type":"product","link":"https:\/\/0barreras.com\/en\/product\/optivisor-2-50x-lupa-de-cabeza-de-joyero\/","title":{"rendered":"OptiVISOR 2.50X Lupa de cabeza de joyero Donnegan"},"content":{"rendered":"<div class=\"productView thumbnail-unclicked\" data-event-type=\"product\" data-entity-id=\"1017\" data-name=\"6X16 Monocular\" data-product-category=\"Vision\/Magnifiers for the Visually Impaired\/Binoculars &amp; Monoculars for Low Vision\" data-product-brand=\"\" data-product-price=\"40.95\" data-product-variant=\"single-product-option\">\n<article class=\"productView-description\">\n<div class=\"tabs-contents\">\n<div id=\"tab-description\" class=\"tab-content overview is-active\">\n<div class=\"productView thumbnail-unclicked\" data-event-type=\"product\" data-entity-id=\"1016\" data-name=\"8x21 Monocular\" data-product-category=\"Vision\/Magnifiers for the Visually Impaired\/Binoculars &amp; Monoculars for Low Vision\" data-product-brand=\"\" data-product-price=\"40.95\" data-product-variant=\"single-product-option\">\n<article class=\"productView-description\">\n<div class=\"tabs-contents\">\n<div id=\"tab-description\" class=\"tab-content overview is-active\">\n<div class=\"productView thumbnail-unclicked\" data-event-type=\"product\" data-entity-id=\"1015\" data-name=\"2.5X x 25mm Hand Held Monocular\" data-product-category=\"Vision\/Magnifiers for the Visually Impaired\/Binoculars &amp; Monoculars for Low Vision\" data-product-brand=\"\" data-product-price=\"40.95\" data-product-variant=\"single-product-option\">\n<article class=\"productView-description\">\n<div class=\"tabs-contents\">\n<div id=\"tab-description\" class=\"tab-content overview is-active\">\n<div class=\"productView thumbnail-unclicked\" data-event-type=\"product\" data-entity-id=\"1012\" data-name=\"2.8X Eyeglass Clip-On Monocular\" data-product-category=\"Vision\/Magnifiers for the Visually Impaired\/Binoculars &amp; Monoculars for Low Vision\" data-product-brand=\"\" data-product-price=\"40.95\" data-product-variant=\"single-product-option\">\n<article class=\"productView-description\">\n<div class=\"tabs-contents\"><\/div>\n<\/article>\n<\/div>\n<\/div>\n<\/div>\n<div class=\"clear\">La lente de vidrio \u00f3ptico de 2.5X de la m\u00e1s alta calidad est\u00e1 montada en un marco en una c\u00f3moda diadema que se puede inclinar cuando no se necesita aumento.<br \/>\nEl Donnegan Optivisor est\u00e1 dise\u00f1ado para trabajos cercanos, ya sea leyendo, escribiendo, coleccionando o haciendo manualidades. Se puede usar sobre anteojos o solo. Esta lupa de cabeza de 2.5X tiene una distancia de trabajo de 8 pulgadas, lo que la hace ideal para una amplia variedad de tareas detalladas.<\/div>\n<\/article>\n<\/div>\n<\/div>\n<\/div>\n<\/article>\n<\/div>\n<\/div>\n<\/div>\n<\/article>\n<\/div>","protected":false},"excerpt":{"rendered":"<div class=\"productView thumbnail-unclicked\" data-event-type=\"product\" data-entity-id=\"1017\" data-name=\"6X16 Monocular\" data-product-category=\"Vision\/Magnifiers for the Visually Impaired\/Binoculars &amp; Monoculars for Low Vision\" data-product-brand=\"\" data-product-price=\"40.95\" data-product-variant=\"single-product-option\">\n<article class=\"productView-description\">\n<div class=\"tabs-contents\">\n<div id=\"tab-description\" class=\"tab-content overview is-active\">\n<div class=\"productView thumbnail-unclicked\" data-event-type=\"product\" data-entity-id=\"1016\" data-name=\"8x21 Monocular\" data-product-category=\"Vision\/Magnifiers for the Visually Impaired\/Binoculars &amp; Monoculars for Low Vision\" data-product-brand=\"\" data-product-price=\"40.95\" data-product-variant=\"single-product-option\">\n<article class=\"productView-description\">La lente de vidrio \u00f3ptico de 2.5X montada en un marco de diadema c\u00f3moda se puede inclinar cuando no se necesita aumento. Dise\u00f1ada para trabajos cercanos como lectura, escritura o manualidades, esta lupa de cabeza se puede usar sobre anteojos o sola y tiene una distancia de trabajo de 8 pulgadas.<\/article>\n<\/div>\n<\/div>\n<\/div>\n<\/article>\n<\/div>","protected":false},"featured_media":684,"comment_status":"open","ping_status":"closed","template":"","meta":[],"product_cat":[18,79,82,76],"product_tag":[],"class_list":["post-686","product","type-product","status-publish","has-post-thumbnail","hentry","product_cat-baja-vision","product_cat-donegan","product_cat-lupas-manos-libres","product_cat-prismaticos-y-monoculares-para-baja-vision"],"_links":{"self":[{"href":"https:\/\/0barreras.com\/en\/wp-json\/wp\/v2\/product\/686","targetHints":{"allow":["GET"]}}],"collection":[{"href":"https:\/\/0barreras.com\/en\/wp-json\/wp\/v2\/product"}],"about":[{"href":"https:\/\/0barreras.com\/en\/wp-json\/wp\/v2\/types\/product"}],"replies":[{"embeddable":true,"href":"https:\/\/0barreras.com\/en\/wp-json\/wp\/v2\/comments?post=686"}],"version-history":[{"count":1,"href":"https:\/\/0barreras.com\/en\/wp-json\/wp\/v2\/product\/686\/revisions"}],"predecessor-version":[{"id":1344,"href":"https:\/\/0barreras.com\/en\/wp-json\/wp\/v2\/product\/686\/revisions\/1344"}],"wp:featuredmedia":[{"embeddable":true,"href":"https:\/\/0barreras.com\/en\/wp-json\/wp\/v2\/media\/684"}],"wp:attachment":[{"href":"https:\/\/0barreras.com\/en\/wp-json\/wp\/v2\/media?parent=686"}],"wp:term":[{"taxonomy":"product_cat","embeddable":true,"href":"https:\/\/0barreras.com\/en\/wp-json\/wp\/v2\/product_cat?post=686"},{"taxonomy":"product_tag","embeddable":true,"href":"https:\/\/0barreras.com\/en\/wp-json\/wp\/v2\/product_tag?post=686"}],"curies":[{"name":"wp","href":"https:\/\/api.w.org\/{rel}","templated":true}]}}