{"id":679,"date":"2024-03-15T12:45:01","date_gmt":"2024-03-15T17:45:01","guid":{"rendered":"https:\/\/0barreras.com\/?post_type=product&#038;p=679"},"modified":"2024-04-05T13:15:08","modified_gmt":"2024-04-05T18:15:08","slug":"placa-de-lente-donegan-2-50x-lp-5","status":"publish","type":"product","link":"https:\/\/0barreras.com\/en\/product\/placa-de-lente-donegan-2-50x-lp-5\/","title":{"rendered":"Placa de Lente Donegan 2.50X LP-5: Ampliaci\u00f3n Vers\u00e1til para Detalles"},"content":{"rendered":"<div class=\"productView thumbnail-unclicked\" data-event-type=\"product\" data-entity-id=\"1017\" data-name=\"6X16 Monocular\" data-product-category=\"Vision\/Magnifiers for the Visually Impaired\/Binoculars &amp; Monoculars for Low Vision\" data-product-brand=\"\" data-product-price=\"40.95\" data-product-variant=\"single-product-option\">\n<article class=\"productView-description\">\n<div class=\"tabs-contents\">\n<div id=\"tab-description\" class=\"tab-content overview is-active\">\n<div class=\"productView thumbnail-unclicked\" data-event-type=\"product\" data-entity-id=\"1016\" data-name=\"8x21 Monocular\" data-product-category=\"Vision\/Magnifiers for the Visually Impaired\/Binoculars &amp; Monoculars for Low Vision\" data-product-brand=\"\" data-product-price=\"40.95\" data-product-variant=\"single-product-option\">\n<article class=\"productView-description\">\n<div class=\"tabs-contents\">\n<div id=\"tab-description\" class=\"tab-content overview is-active\">\n<div class=\"productView thumbnail-unclicked\" data-event-type=\"product\" data-entity-id=\"1015\" data-name=\"2.5X x 25mm Hand Held Monocular\" data-product-category=\"Vision\/Magnifiers for the Visually Impaired\/Binoculars &amp; Monoculars for Low Vision\" data-product-brand=\"\" data-product-price=\"40.95\" data-product-variant=\"single-product-option\">\n<article class=\"productView-description\">\n<div class=\"tabs-contents\">\n<div id=\"tab-description\" class=\"tab-content overview is-active\">\n<div class=\"productView thumbnail-unclicked\" data-event-type=\"product\" data-entity-id=\"1012\" data-name=\"2.8X Eyeglass Clip-On Monocular\" data-product-category=\"Vision\/Magnifiers for the Visually Impaired\/Binoculars &amp; Monoculars for Low Vision\" data-product-brand=\"\" data-product-price=\"40.95\" data-product-variant=\"single-product-option\">\n<article class=\"productView-description\">\n<div class=\"tabs-contents\"><\/div>\n<\/article>\n<\/div>\n<\/div>\n<\/div>\n<div class=\"clear\">La placa de lente Donegan 2.50X LP-5 es una herramienta \u00f3ptica de alta calidad dise\u00f1ada para proporcionar una ampliaci\u00f3n de 2.50X. Con un dise\u00f1o duradero y resistente, esta placa de lente se adapta f\u00e1cilmente a los visores Donegan, mejorando la claridad y la visi\u00f3n en trabajos detallados y minuciosos. Ideal para aplicaciones de joyer\u00eda, relojer\u00eda, electr\u00f3nica y otras actividades que requieren una visi\u00f3n ampliada y precisa. La placa de lente LP-5 ofrece una experiencia visual c\u00f3moda y efectiva, facilitando el trabajo en proyectos delicados y detallados.<\/div>\n<\/article>\n<\/div>\n<\/div>\n<\/div>\n<\/article>\n<\/div>\n<\/div>\n<\/div>\n<\/article>\n<\/div>","protected":false},"excerpt":{"rendered":"<p>La placa de lente Donegan 2.50X LP-5 ofrece una ampliaci\u00f3n de 2.50X y se adapta a los visores Donegan para mejorar la claridad y la visi\u00f3n en trabajos detallados. Ideal para aplicaciones de joyer\u00eda, relojer\u00eda y electr\u00f3nica.<\/p>","protected":false},"featured_media":676,"comment_status":"open","ping_status":"closed","template":"","meta":[],"product_cat":[18,79,76],"product_tag":[],"class_list":["post-679","product","type-product","status-publish","has-post-thumbnail","hentry","product_cat-baja-vision","product_cat-donegan","product_cat-prismaticos-y-monoculares-para-baja-vision"],"_links":{"self":[{"href":"https:\/\/0barreras.com\/en\/wp-json\/wp\/v2\/product\/679","targetHints":{"allow":["GET"]}}],"collection":[{"href":"https:\/\/0barreras.com\/en\/wp-json\/wp\/v2\/product"}],"about":[{"href":"https:\/\/0barreras.com\/en\/wp-json\/wp\/v2\/types\/product"}],"replies":[{"embeddable":true,"href":"https:\/\/0barreras.com\/en\/wp-json\/wp\/v2\/comments?post=679"}],"version-history":[{"count":1,"href":"https:\/\/0barreras.com\/en\/wp-json\/wp\/v2\/product\/679\/revisions"}],"predecessor-version":[{"id":1340,"href":"https:\/\/0barreras.com\/en\/wp-json\/wp\/v2\/product\/679\/revisions\/1340"}],"wp:featuredmedia":[{"embeddable":true,"href":"https:\/\/0barreras.com\/en\/wp-json\/wp\/v2\/media\/676"}],"wp:attachment":[{"href":"https:\/\/0barreras.com\/en\/wp-json\/wp\/v2\/media?parent=679"}],"wp:term":[{"taxonomy":"product_cat","embeddable":true,"href":"https:\/\/0barreras.com\/en\/wp-json\/wp\/v2\/product_cat?post=679"},{"taxonomy":"product_tag","embeddable":true,"href":"https:\/\/0barreras.com\/en\/wp-json\/wp\/v2\/product_tag?post=679"}],"curies":[{"name":"wp","href":"https:\/\/api.w.org\/{rel}","templated":true}]}}