{"id":666,"date":"2024-03-15T12:23:09","date_gmt":"2024-03-15T17:23:09","guid":{"rendered":"https:\/\/0barreras.com\/?post_type=product&#038;p=666"},"modified":"2024-04-05T12:04:01","modified_gmt":"2024-04-05T17:04:01","slug":"monocular-con-clip-para-gafas-de-25-x-25-mm","status":"publish","type":"product","link":"https:\/\/0barreras.com\/en\/product\/monocular-con-clip-para-gafas-de-25-x-25-mm\/","title":{"rendered":"Monocular de Clip 2,5X con Accesorio para Gafas"},"content":{"rendered":"<p>Este monocular de clip ofrece un aumento de 2,5X y es perfecto para llevarlo contigo a todas partes. Incluye un accesorio para gafas que permite fijarlo de forma segura. Con un rango de enfoque cercano promedio de 10 pulgadas, es ideal para tareas que requieren precisi\u00f3n visual. Adem\u00e1s, es ligero, econ\u00f3mico y puede enfocar desde 10 pulgadas hasta el infinito.<\/p>","protected":false},"excerpt":{"rendered":"<div class=\"productView thumbnail-unclicked\" data-event-type=\"product\" data-entity-id=\"1017\" data-name=\"6X16 Monocular\" data-product-category=\"Vision\/Magnifiers for the Visually Impaired\/Binoculars &amp; Monoculars for Low Vision\" data-product-brand=\"\" data-product-price=\"40.95\" data-product-variant=\"single-product-option\">\n<article class=\"productView-description\">\n<div class=\"tabs-contents\">\n<div id=\"tab-description\" class=\"tab-content overview is-active\">\n<div class=\"productView thumbnail-unclicked\" data-event-type=\"product\" data-entity-id=\"1016\" data-name=\"8x21 Monocular\" data-product-category=\"Vision\/Magnifiers for the Visually Impaired\/Binoculars &amp; Monoculars for Low Vision\" data-product-brand=\"\" data-product-price=\"40.95\" data-product-variant=\"single-product-option\">\n<article class=\"productView-description\">\n<div class=\"tabs-contents\">\n<div id=\"tab-description\" class=\"tab-content overview is-active\">\n<div class=\"productView thumbnail-unclicked\" data-event-type=\"product\" data-entity-id=\"1015\" data-name=\"2.5X x 25mm Hand Held Monocular\" data-product-category=\"Vision\/Magnifiers for the Visually Impaired\/Binoculars &amp; Monoculars for Low Vision\" data-product-brand=\"\" data-product-price=\"40.95\" data-product-variant=\"single-product-option\">\n<article class=\"productView-description\">\n<div class=\"tabs-contents\"><\/div>\n<\/article>\n<\/div>\n<\/div>\n<\/div>\n<div class=\"clear\">Monocular de clip con aumento de 2,5X. Incluye un accesorio para gafas y tiene un rango de enfoque cercano promedio de 10 pulgadas. Ligero, econ\u00f3mico y enfoca desde 10&#8243; hasta el infinito.<\/div>\n<\/article>\n<\/div>\n<\/div>\n<\/div>\n<\/article>\n<\/div>","protected":false},"featured_media":667,"comment_status":"open","ping_status":"closed","template":"","meta":[],"product_cat":[18,76],"product_tag":[],"class_list":["post-666","product","type-product","status-publish","has-post-thumbnail","hentry","product_cat-baja-vision","product_cat-prismaticos-y-monoculares-para-baja-vision"],"_links":{"self":[{"href":"https:\/\/0barreras.com\/en\/wp-json\/wp\/v2\/product\/666","targetHints":{"allow":["GET"]}}],"collection":[{"href":"https:\/\/0barreras.com\/en\/wp-json\/wp\/v2\/product"}],"about":[{"href":"https:\/\/0barreras.com\/en\/wp-json\/wp\/v2\/types\/product"}],"replies":[{"embeddable":true,"href":"https:\/\/0barreras.com\/en\/wp-json\/wp\/v2\/comments?post=666"}],"version-history":[{"count":1,"href":"https:\/\/0barreras.com\/en\/wp-json\/wp\/v2\/product\/666\/revisions"}],"predecessor-version":[{"id":1335,"href":"https:\/\/0barreras.com\/en\/wp-json\/wp\/v2\/product\/666\/revisions\/1335"}],"wp:featuredmedia":[{"embeddable":true,"href":"https:\/\/0barreras.com\/en\/wp-json\/wp\/v2\/media\/667"}],"wp:attachment":[{"href":"https:\/\/0barreras.com\/en\/wp-json\/wp\/v2\/media?parent=666"}],"wp:term":[{"taxonomy":"product_cat","embeddable":true,"href":"https:\/\/0barreras.com\/en\/wp-json\/wp\/v2\/product_cat?post=666"},{"taxonomy":"product_tag","embeddable":true,"href":"https:\/\/0barreras.com\/en\/wp-json\/wp\/v2\/product_tag?post=666"}],"curies":[{"name":"wp","href":"https:\/\/api.w.org\/{rel}","templated":true}]}}