{"id":647,"date":"2024-03-15T11:56:26","date_gmt":"2024-03-15T16:56:26","guid":{"rendered":"https:\/\/0barreras.com\/?post_type=product&#038;p=647"},"modified":"2024-04-04T22:02:40","modified_gmt":"2024-04-05T03:02:40","slug":"monocular-6x16-recubierto-de-caucho","status":"publish","type":"product","link":"https:\/\/0barreras.com\/en\/product\/monocular-6x16-recubierto-de-caucho\/","title":{"rendered":"Monocular 6&#215;16 recubierto de caucho"},"content":{"rendered":"<p>El monocular 6&#215;16 ofrece una ampliaci\u00f3n de 6x, una distancia focal de 9&#8243; y un campo de visi\u00f3n de 9,5 grados. Su revestimiento de goma proporciona una mayor durabilidad y facilita su sujeci\u00f3n. Este monocular es ideal para actividades al aire libre, observaci\u00f3n de aves, eventos deportivos y otras actividades donde se requiera ampliar la visi\u00f3n de forma compacta y port\u00e1til.<\/p>","protected":false},"excerpt":{"rendered":"<p>El monocular 6&#215;16 ofrece una ampliaci\u00f3n de 6x, una distancia focal de 9&#8243; y un campo de visi\u00f3n de 9,5 grados. Su revestimiento de goma proporciona durabilidad y facilita la sujeci\u00f3n. Ideal para actividades al aire libre y eventos deportivos.<\/p>","protected":false},"featured_media":657,"comment_status":"open","ping_status":"closed","template":"","meta":[],"product_cat":[18,76],"product_tag":[],"class_list":["post-647","product","type-product","status-publish","has-post-thumbnail","hentry","product_cat-baja-vision","product_cat-prismaticos-y-monoculares-para-baja-vision"],"_links":{"self":[{"href":"https:\/\/0barreras.com\/en\/wp-json\/wp\/v2\/product\/647","targetHints":{"allow":["GET"]}}],"collection":[{"href":"https:\/\/0barreras.com\/en\/wp-json\/wp\/v2\/product"}],"about":[{"href":"https:\/\/0barreras.com\/en\/wp-json\/wp\/v2\/types\/product"}],"replies":[{"embeddable":true,"href":"https:\/\/0barreras.com\/en\/wp-json\/wp\/v2\/comments?post=647"}],"version-history":[{"count":1,"href":"https:\/\/0barreras.com\/en\/wp-json\/wp\/v2\/product\/647\/revisions"}],"predecessor-version":[{"id":1289,"href":"https:\/\/0barreras.com\/en\/wp-json\/wp\/v2\/product\/647\/revisions\/1289"}],"wp:featuredmedia":[{"embeddable":true,"href":"https:\/\/0barreras.com\/en\/wp-json\/wp\/v2\/media\/657"}],"wp:attachment":[{"href":"https:\/\/0barreras.com\/en\/wp-json\/wp\/v2\/media?parent=647"}],"wp:term":[{"taxonomy":"product_cat","embeddable":true,"href":"https:\/\/0barreras.com\/en\/wp-json\/wp\/v2\/product_cat?post=647"},{"taxonomy":"product_tag","embeddable":true,"href":"https:\/\/0barreras.com\/en\/wp-json\/wp\/v2\/product_tag?post=647"}],"curies":[{"name":"wp","href":"https:\/\/api.w.org\/{rel}","templated":true}]}}