{"id":630,"date":"2024-03-14T12:40:48","date_gmt":"2024-03-14T17:40:48","guid":{"rendered":"https:\/\/0barreras.com\/?post_type=product&#038;p=630"},"modified":"2024-04-04T21:41:21","modified_gmt":"2024-04-05T02:41:21","slug":"lupa-iluminada-de-soporte-led-de-3x-4-x-3","status":"publish","type":"product","link":"https:\/\/0barreras.com\/en\/product\/lupa-iluminada-de-soporte-led-de-3x-4-x-3\/","title":{"rendered":"Lupa iluminada de soporte LED Ila 3X 4&#8243; x 3&#8243;"},"content":{"rendered":"<p>Esta lupa de pie ila 3X con bombilla LED es una ayuda de aumento asequible y de alta calidad que hace que mirar el correo, las im\u00e1genes, los libros, etc. sea mucho m\u00e1s f\u00e1cil. La lente est\u00e1 alojada en una hermosa carcasa blanca f\u00e1cil de operar con un interruptor rojo de encendido\/apagado que est\u00e1 dise\u00f1ada para mantener la lente enfocada cuando el marco descansa sobre el libro. Esta lente presenta una gran \u00e1rea de visi\u00f3n (4 pulgadas por 3 pulgadas) con la capacidad de inclinar la lente hacia usted para que no necesite estar directamente sobre la lente para ver con claridad.<br role=\"presentation\" data-uw-rm-sr=\"\" \/><br role=\"presentation\" data-uw-rm-sr=\"\" \/>Las bombillas duran aproximadamente 10.000 horas y funcionan con 3 pilas AA, no incluidas. Viene con un estuche protector de vinilo con cremallera.<\/p>","protected":false},"excerpt":{"rendered":"<p>Esta lupa de pie ila 3X con bombilla LED es una ayuda de aumento asequible y de alta calidad que hace que mirar el correo, las im\u00e1genes, los libros, etc. sea mucho m\u00e1s f\u00e1cil. La lente est\u00e1 alojada en una hermosa carcasa blanca f\u00e1cil de operar con un interruptor rojo de encendido\/apagado que est\u00e1 dise\u00f1ada para mantener la lente enfocada cuando el marco descansa sobre el libro.<\/p>","protected":false},"featured_media":631,"comment_status":"open","ping_status":"closed","template":"","meta":[],"product_cat":[18,65,52,75,66],"product_tag":[],"class_list":["post-630","product","type-product","status-publish","has-post-thumbnail","hentry","product_cat-baja-vision","product_cat-ila","product_cat-lupas","product_cat-lupas-con-soporte-ila","product_cat-lupas-ila"],"_links":{"self":[{"href":"https:\/\/0barreras.com\/en\/wp-json\/wp\/v2\/product\/630","targetHints":{"allow":["GET"]}}],"collection":[{"href":"https:\/\/0barreras.com\/en\/wp-json\/wp\/v2\/product"}],"about":[{"href":"https:\/\/0barreras.com\/en\/wp-json\/wp\/v2\/types\/product"}],"replies":[{"embeddable":true,"href":"https:\/\/0barreras.com\/en\/wp-json\/wp\/v2\/comments?post=630"}],"version-history":[{"count":1,"href":"https:\/\/0barreras.com\/en\/wp-json\/wp\/v2\/product\/630\/revisions"}],"predecessor-version":[{"id":1286,"href":"https:\/\/0barreras.com\/en\/wp-json\/wp\/v2\/product\/630\/revisions\/1286"}],"wp:featuredmedia":[{"embeddable":true,"href":"https:\/\/0barreras.com\/en\/wp-json\/wp\/v2\/media\/631"}],"wp:attachment":[{"href":"https:\/\/0barreras.com\/en\/wp-json\/wp\/v2\/media?parent=630"}],"wp:term":[{"taxonomy":"product_cat","embeddable":true,"href":"https:\/\/0barreras.com\/en\/wp-json\/wp\/v2\/product_cat?post=630"},{"taxonomy":"product_tag","embeddable":true,"href":"https:\/\/0barreras.com\/en\/wp-json\/wp\/v2\/product_tag?post=630"}],"curies":[{"name":"wp","href":"https:\/\/api.w.org\/{rel}","templated":true}]}}