{"id":600,"date":"2024-03-14T12:09:09","date_gmt":"2024-03-14T17:09:09","guid":{"rendered":"https:\/\/0barreras.com\/?post_type=product&#038;p=600"},"modified":"2024-04-04T19:56:46","modified_gmt":"2024-04-05T00:56:46","slug":"3x-lupa-iluminada-de-mano-ila-led","status":"publish","type":"product","link":"https:\/\/0barreras.com\/en\/product\/3x-lupa-iluminada-de-mano-ila-led\/","title":{"rendered":"Lupa iluminada de mano ila LED 3X"},"content":{"rendered":"<p>La lente 3X de esta lupa mide 3&#8243; x 2&#8243;, lo que la hace lo suficientemente grande como para ver varias l\u00edneas de impresi\u00f3n ampliada a la vez. La iluminaci\u00f3n LED es fr\u00eda y energ\u00e9ticamente eficiente, proporcionando una luz clara y brillante para facilitar la lectura. Viene con una bolsa de vinilo con cord\u00f3n para protegerla cuando no est\u00e1 en uso. Funciona con 3 pilas &#8220;AAA&#8221; (no incluidas).<\/p>","protected":false},"excerpt":{"rendered":"<p>La lente 3X de esta lupa es lo suficientemente grande como para ver varias l\u00edneas de impresi\u00f3n ampliada a la vez. La iluminaci\u00f3n LED es fr\u00eda y energ\u00e9ticamente eficiente. Viene con una bolsa de vinilo con cord\u00f3n para protecci\u00f3n. Funciona con 3 pilas &#8220;AAA&#8221; (no incluidas).<\/p>","protected":false},"featured_media":601,"comment_status":"open","ping_status":"closed","template":"","meta":[],"product_cat":[18,65,52,66,67],"product_tag":[],"class_list":["post-600","product","type-product","status-publish","has-post-thumbnail","hentry","product_cat-baja-vision","product_cat-ila","product_cat-lupas","product_cat-lupas-ila","product_cat-lupas-led-de-mano-ila"],"_links":{"self":[{"href":"https:\/\/0barreras.com\/en\/wp-json\/wp\/v2\/product\/600","targetHints":{"allow":["GET"]}}],"collection":[{"href":"https:\/\/0barreras.com\/en\/wp-json\/wp\/v2\/product"}],"about":[{"href":"https:\/\/0barreras.com\/en\/wp-json\/wp\/v2\/types\/product"}],"replies":[{"embeddable":true,"href":"https:\/\/0barreras.com\/en\/wp-json\/wp\/v2\/comments?post=600"}],"version-history":[{"count":1,"href":"https:\/\/0barreras.com\/en\/wp-json\/wp\/v2\/product\/600\/revisions"}],"predecessor-version":[{"id":1279,"href":"https:\/\/0barreras.com\/en\/wp-json\/wp\/v2\/product\/600\/revisions\/1279"}],"wp:featuredmedia":[{"embeddable":true,"href":"https:\/\/0barreras.com\/en\/wp-json\/wp\/v2\/media\/601"}],"wp:attachment":[{"href":"https:\/\/0barreras.com\/en\/wp-json\/wp\/v2\/media?parent=600"}],"wp:term":[{"taxonomy":"product_cat","embeddable":true,"href":"https:\/\/0barreras.com\/en\/wp-json\/wp\/v2\/product_cat?post=600"},{"taxonomy":"product_tag","embeddable":true,"href":"https:\/\/0barreras.com\/en\/wp-json\/wp\/v2\/product_tag?post=600"}],"curies":[{"name":"wp","href":"https:\/\/api.w.org\/{rel}","templated":true}]}}