{"id":588,"date":"2024-03-14T12:01:18","date_gmt":"2024-03-14T17:01:18","guid":{"rendered":"https:\/\/0barreras.com\/?post_type=product&#038;p=588"},"modified":"2024-03-14T12:02:12","modified_gmt":"2024-03-14T17:02:12","slug":"lupa-de-mano-iluminada-de-mano-led-8x-28d-de-14","status":"publish","type":"product","link":"https:\/\/0barreras.com\/en\/product\/lupa-de-mano-iluminada-de-mano-led-8x-28d-de-14\/","title":{"rendered":"Lupa de mano iluminada de mano LED 8X\/28D de 1,4&#8243;"},"content":{"rendered":"<p>El aumento sin distorsiones con luz LED, que es brillante y relativamente fr\u00eda, hace de esta lupa de 8X una excelente ayuda para la lectura. La lente es de un buen tama\u00f1o, 1,4 pulgadas de di\u00e1metro, y es econ\u00f3mica, ya que las bater\u00edas utilizadas con la bombilla LED duran 10 veces m\u00e1s que con las bombillas convencionales. Viene con una bolsa protectora de vinilo con cord\u00f3n. Funciona con 3 pilas AAA, no incluidas.<\/p>","protected":false},"excerpt":{"rendered":"<p>El aumento sin distorsiones con luz LED, que es brillante y relativamente fr\u00eda, hace de esta lupa de 8X una excelente ayuda para la lectura. La lente es de un buen tama\u00f1o, 1,4 pulgadas de di\u00e1metro, y es econ\u00f3mica, ya que las bater\u00edas utilizadas con la bombilla LED duran 10 veces m\u00e1s que con las bombillas convencionales. Viene con una bolsa protectora de vinilo con cord\u00f3n. Funciona con 3 pilas AAA, no incluidas.<\/p>","protected":false},"featured_media":589,"comment_status":"open","ping_status":"closed","template":"","meta":[],"product_cat":[18,65,52,66,67],"product_tag":[],"class_list":["post-588","product","type-product","status-publish","has-post-thumbnail","hentry","product_cat-baja-vision","product_cat-ila","product_cat-lupas","product_cat-lupas-ila","product_cat-lupas-led-de-mano-ila"],"_links":{"self":[{"href":"https:\/\/0barreras.com\/en\/wp-json\/wp\/v2\/product\/588","targetHints":{"allow":["GET"]}}],"collection":[{"href":"https:\/\/0barreras.com\/en\/wp-json\/wp\/v2\/product"}],"about":[{"href":"https:\/\/0barreras.com\/en\/wp-json\/wp\/v2\/types\/product"}],"replies":[{"embeddable":true,"href":"https:\/\/0barreras.com\/en\/wp-json\/wp\/v2\/comments?post=588"}],"version-history":[{"count":0,"href":"https:\/\/0barreras.com\/en\/wp-json\/wp\/v2\/product\/588\/revisions"}],"wp:featuredmedia":[{"embeddable":true,"href":"https:\/\/0barreras.com\/en\/wp-json\/wp\/v2\/media\/589"}],"wp:attachment":[{"href":"https:\/\/0barreras.com\/en\/wp-json\/wp\/v2\/media?parent=588"}],"wp:term":[{"taxonomy":"product_cat","embeddable":true,"href":"https:\/\/0barreras.com\/en\/wp-json\/wp\/v2\/product_cat?post=588"},{"taxonomy":"product_tag","embeddable":true,"href":"https:\/\/0barreras.com\/en\/wp-json\/wp\/v2\/product_tag?post=588"}],"curies":[{"name":"wp","href":"https:\/\/api.w.org\/{rel}","templated":true}]}}