{"id":582,"date":"2024-03-14T11:55:41","date_gmt":"2024-03-14T16:55:41","guid":{"rendered":"https:\/\/0barreras.com\/?post_type=product&#038;p=582"},"modified":"2024-04-04T19:24:49","modified_gmt":"2024-04-05T00:24:49","slug":"14x-52d-1-4-lupa-led-iluminada-de-mano","status":"publish","type":"product","link":"https:\/\/0barreras.com\/en\/product\/14x-52d-1-4-lupa-led-iluminada-de-mano\/","title":{"rendered":"Lupa LED iluminada de mano 14X\/52D 1.4&#8243;"},"content":{"rendered":"<p>Experimenta un aumento sin distorsiones con esta lupa de 14X, equipada con una luz LED brillante y relativamente fr\u00eda que la convierte en una excelente ayuda para la lectura. La lente de 1,4 pulgadas de di\u00e1metro proporciona un buen tama\u00f1o para una visualizaci\u00f3n clara y detallada. Adem\u00e1s, esta lupa es econ\u00f3mica, ya que las bater\u00edas utilizadas con la bombilla LED duran 10 veces m\u00e1s que con las bombillas convencionales. Viene con una bolsa protectora de vinilo con cord\u00f3n para facilitar su almacenamiento y transporte. Funciona con 3 pilas AAA (no incluidas).<\/p>","protected":false},"excerpt":{"rendered":"<p>Obt\u00e9n un aumento sin distorsiones con esta lupa de 14X, ideal para la lectura. Equipada con luz LED brillante y relativamente fr\u00eda, ofrece una visualizaci\u00f3n clara y detallada. La lente de 1,4 pulgadas de di\u00e1metro es econ\u00f3mica, ya que las bater\u00edas utilizadas con la bombilla LED duran 10 veces m\u00e1s que con las bombillas convencionales. Incluye una bolsa protectora de vinilo con cord\u00f3n. Funciona con 3 pilas AAA (no incluidas).<\/p>","protected":false},"featured_media":583,"comment_status":"open","ping_status":"closed","template":"","meta":[],"product_cat":[18,65,52,66,67],"product_tag":[],"class_list":["post-582","product","type-product","status-publish","has-post-thumbnail","hentry","product_cat-baja-vision","product_cat-ila","product_cat-lupas","product_cat-lupas-ila","product_cat-lupas-led-de-mano-ila"],"_links":{"self":[{"href":"https:\/\/0barreras.com\/en\/wp-json\/wp\/v2\/product\/582","targetHints":{"allow":["GET"]}}],"collection":[{"href":"https:\/\/0barreras.com\/en\/wp-json\/wp\/v2\/product"}],"about":[{"href":"https:\/\/0barreras.com\/en\/wp-json\/wp\/v2\/types\/product"}],"replies":[{"embeddable":true,"href":"https:\/\/0barreras.com\/en\/wp-json\/wp\/v2\/comments?post=582"}],"version-history":[{"count":1,"href":"https:\/\/0barreras.com\/en\/wp-json\/wp\/v2\/product\/582\/revisions"}],"predecessor-version":[{"id":1278,"href":"https:\/\/0barreras.com\/en\/wp-json\/wp\/v2\/product\/582\/revisions\/1278"}],"wp:featuredmedia":[{"embeddable":true,"href":"https:\/\/0barreras.com\/en\/wp-json\/wp\/v2\/media\/583"}],"wp:attachment":[{"href":"https:\/\/0barreras.com\/en\/wp-json\/wp\/v2\/media?parent=582"}],"wp:term":[{"taxonomy":"product_cat","embeddable":true,"href":"https:\/\/0barreras.com\/en\/wp-json\/wp\/v2\/product_cat?post=582"},{"taxonomy":"product_tag","embeddable":true,"href":"https:\/\/0barreras.com\/en\/wp-json\/wp\/v2\/product_tag?post=582"}],"curies":[{"name":"wp","href":"https:\/\/api.w.org\/{rel}","templated":true}]}}