{"id":546,"date":"2024-03-07T03:30:16","date_gmt":"2024-03-07T08:30:16","guid":{"rendered":"https:\/\/0barreras.com\/?post_type=product&#038;p=546"},"modified":"2024-04-04T15:21:48","modified_gmt":"2024-04-04T20:21:48","slug":"kit-de-lupas-iluminadas-de-mano-ila-led","status":"publish","type":"product","link":"https:\/\/0barreras.com\/en\/product\/kit-de-lupas-iluminadas-de-mano-ila-led\/","title":{"rendered":"Kit de 6 Lupas Iluminadas por LED: Variedad de Potencias y Ahorro del 25%&#8221;"},"content":{"rendered":"<p>Este completo kit incluye 6 lupas iluminadas por LED con potencias que van desde 3X hasta 12X, permitiendo a los pacientes experimentar y seleccionar las lupas m\u00e1s adecuadas para su discapacidad visual y estilo de vida. Las lupas vienen en una caja port\u00e1til resistente con una gu\u00eda esquem\u00e1tica que muestra la fuerza y el n\u00famero de cada lupa, facilitando su identificaci\u00f3n y organizaci\u00f3n. Este kit representa un ahorro significativo del 25% en comparaci\u00f3n con la compra individual de cada lupa.<\/p>","protected":false},"excerpt":{"rendered":"<p>El Kit de 6 Lupas Iluminadas por LED ofrece una variedad de potencias para adaptarse a diferentes necesidades visuales. Viene en una caja port\u00e1til con gu\u00eda esquem\u00e1tica y representa un ahorro del 25%.<\/p>\n<p>Este kit incluye 6 lupas iluminadas por LED que incluyen las siguientes potencias: 3X, 4X, 5X, 7X, 10X y 12X.<\/p>","protected":false},"featured_media":548,"comment_status":"open","ping_status":"closed","template":"","meta":[],"product_cat":[18,52,66,67],"product_tag":[],"class_list":["post-546","product","type-product","status-publish","has-post-thumbnail","hentry","product_cat-baja-vision","product_cat-lupas","product_cat-lupas-ila","product_cat-lupas-led-de-mano-ila"],"_links":{"self":[{"href":"https:\/\/0barreras.com\/en\/wp-json\/wp\/v2\/product\/546","targetHints":{"allow":["GET"]}}],"collection":[{"href":"https:\/\/0barreras.com\/en\/wp-json\/wp\/v2\/product"}],"about":[{"href":"https:\/\/0barreras.com\/en\/wp-json\/wp\/v2\/types\/product"}],"replies":[{"embeddable":true,"href":"https:\/\/0barreras.com\/en\/wp-json\/wp\/v2\/comments?post=546"}],"version-history":[{"count":1,"href":"https:\/\/0barreras.com\/en\/wp-json\/wp\/v2\/product\/546\/revisions"}],"predecessor-version":[{"id":1266,"href":"https:\/\/0barreras.com\/en\/wp-json\/wp\/v2\/product\/546\/revisions\/1266"}],"wp:featuredmedia":[{"embeddable":true,"href":"https:\/\/0barreras.com\/en\/wp-json\/wp\/v2\/media\/548"}],"wp:attachment":[{"href":"https:\/\/0barreras.com\/en\/wp-json\/wp\/v2\/media?parent=546"}],"wp:term":[{"taxonomy":"product_cat","embeddable":true,"href":"https:\/\/0barreras.com\/en\/wp-json\/wp\/v2\/product_cat?post=546"},{"taxonomy":"product_tag","embeddable":true,"href":"https:\/\/0barreras.com\/en\/wp-json\/wp\/v2\/product_tag?post=546"}],"curies":[{"name":"wp","href":"https:\/\/api.w.org\/{rel}","templated":true}]}}