{"id":540,"date":"2024-03-06T15:44:01","date_gmt":"2024-03-06T20:44:01","guid":{"rendered":"https:\/\/0barreras.com\/?post_type=product&#038;p=540"},"modified":"2024-04-04T14:50:44","modified_gmt":"2024-04-04T19:50:44","slug":"lupa-coil-at-max-5x","status":"publish","type":"product","link":"https:\/\/0barreras.com\/en\/product\/lupa-coil-at-max-5x\/","title":{"rendered":"Lupa de mano COIL AT MAX 5X"},"content":{"rendered":"<p>Las Lupas LED COIL AT MAX de 5X (16 dioptr\u00edas) destacan por su amplia \u00e1rea de visualizaci\u00f3n, superando a otras lupas similares. La distribuci\u00f3n uniforme de la luz en toda la lente ancha de 2 1\/2&#8243; proporciona un brillo \u00f3ptimo y una mayor duraci\u00f3n de la bater\u00eda, ya que la bombilla LED requiere menos energ\u00eda.<br \/>\nSu dise\u00f1o ergon\u00f3mico las hace muy f\u00e1ciles de usar, especialmente para aquellos con poca destreza. Se asientan c\u00f3modamente en la forma natural de la mano, lo que permite encender la luz al colocar la lupa y apagarla al retirarla. El compartimiento de las bater\u00edas en la parte inferior de la unidad es de f\u00e1cil acceso para instalar y cambiar las bater\u00edas. Viene con una bolsa protectora de tela suave para transportarla de manera segura. El tama\u00f1o de la lente es de 2,5&#8243; de di\u00e1metro.<\/p>","protected":false},"excerpt":{"rendered":"<p>Estas lupas LED COIL at Max de 5X (16 dioptr\u00edas) ofrecen un \u00e1rea de visualizaci\u00f3n significativamente mayor que otras de su clase. La distribuci\u00f3n uniforme de la luz en toda la lente ancha de 2 1\/2&#8243; proporciona un mayor brillo y una mayor duraci\u00f3n de la bater\u00eda debido a que la bombilla LED requiere menos energ\u00eda.<\/p>","protected":false},"featured_media":541,"comment_status":"open","ping_status":"closed","template":"","meta":[],"product_cat":[18,52,73,64],"product_tag":[],"class_list":["post-540","product","type-product","status-publish","has-post-thumbnail","hentry","product_cat-baja-vision","product_cat-lupas","product_cat-lupas-at-max-de-bolsillo-coil","product_cat-lupas-coil"],"_links":{"self":[{"href":"https:\/\/0barreras.com\/en\/wp-json\/wp\/v2\/product\/540","targetHints":{"allow":["GET"]}}],"collection":[{"href":"https:\/\/0barreras.com\/en\/wp-json\/wp\/v2\/product"}],"about":[{"href":"https:\/\/0barreras.com\/en\/wp-json\/wp\/v2\/types\/product"}],"replies":[{"embeddable":true,"href":"https:\/\/0barreras.com\/en\/wp-json\/wp\/v2\/comments?post=540"}],"version-history":[{"count":1,"href":"https:\/\/0barreras.com\/en\/wp-json\/wp\/v2\/product\/540\/revisions"}],"predecessor-version":[{"id":1264,"href":"https:\/\/0barreras.com\/en\/wp-json\/wp\/v2\/product\/540\/revisions\/1264"}],"wp:featuredmedia":[{"embeddable":true,"href":"https:\/\/0barreras.com\/en\/wp-json\/wp\/v2\/media\/541"}],"wp:attachment":[{"href":"https:\/\/0barreras.com\/en\/wp-json\/wp\/v2\/media?parent=540"}],"wp:term":[{"taxonomy":"product_cat","embeddable":true,"href":"https:\/\/0barreras.com\/en\/wp-json\/wp\/v2\/product_cat?post=540"},{"taxonomy":"product_tag","embeddable":true,"href":"https:\/\/0barreras.com\/en\/wp-json\/wp\/v2\/product_tag?post=540"}],"curies":[{"name":"wp","href":"https:\/\/api.w.org\/{rel}","templated":true}]}}