{"id":538,"date":"2024-03-06T14:24:46","date_gmt":"2024-03-06T19:24:46","guid":{"rendered":"https:\/\/0barreras.com\/?post_type=product&#038;p=538"},"modified":"2024-04-04T14:43:22","modified_gmt":"2024-04-04T19:43:22","slug":"lupa-coil-at-max-7x","status":"publish","type":"product","link":"https:\/\/0barreras.com\/en\/product\/lupa-coil-at-max-7x\/","title":{"rendered":"Lupa de mano COIL AT MAX 7X"},"content":{"rendered":"<p>La Lupa de Mano COIL AT MAX ofrece una potencia de aumento de 7X (24 dioptr\u00edas) y destaca por su amplia \u00e1rea de visualizaci\u00f3n, superando a otras lupas similares. La distribuci\u00f3n uniforme de la luz LED en toda la lente garantiza un brillo \u00f3ptimo y una mayor duraci\u00f3n de la bater\u00eda y la bombilla. Su dise\u00f1o ergon\u00f3mico hace que sea f\u00e1cil de sostener y usar, especialmente para aquellos con poca destreza, ya que el mango se ajusta c\u00f3modamente a la forma natural de la mano. El compartimento para la bater\u00eda estilo bot\u00f3n pulsador permite un acceso f\u00e1cil y r\u00e1pido. Funciona con pilas AA (no incluidas) y viene con una<br \/>\nbolsa protectora de tela suave. La lente tiene un ancho de 2.5 pulgadas, proporcionando una visualizaci\u00f3n clara y detallada.<\/p>","protected":false},"excerpt":{"rendered":"<p>La Lupa de Mano COIL AT MAX de 7X ofrece una amplia \u00e1rea de visualizaci\u00f3n y una distribuci\u00f3n uniforme de la luz LED para una visi\u00f3n clara y brillante.<br \/>\nF\u00e1cil de sostener y usar, con compartimento de bater\u00eda de f\u00e1cil acceso y bolsa protectora incluida.<\/p>","protected":false},"featured_media":539,"comment_status":"open","ping_status":"closed","template":"","meta":[],"product_cat":[18,52,73,64],"product_tag":[],"class_list":["post-538","product","type-product","status-publish","has-post-thumbnail","hentry","product_cat-baja-vision","product_cat-lupas","product_cat-lupas-at-max-de-bolsillo-coil","product_cat-lupas-coil"],"_links":{"self":[{"href":"https:\/\/0barreras.com\/en\/wp-json\/wp\/v2\/product\/538","targetHints":{"allow":["GET"]}}],"collection":[{"href":"https:\/\/0barreras.com\/en\/wp-json\/wp\/v2\/product"}],"about":[{"href":"https:\/\/0barreras.com\/en\/wp-json\/wp\/v2\/types\/product"}],"replies":[{"embeddable":true,"href":"https:\/\/0barreras.com\/en\/wp-json\/wp\/v2\/comments?post=538"}],"version-history":[{"count":1,"href":"https:\/\/0barreras.com\/en\/wp-json\/wp\/v2\/product\/538\/revisions"}],"predecessor-version":[{"id":1263,"href":"https:\/\/0barreras.com\/en\/wp-json\/wp\/v2\/product\/538\/revisions\/1263"}],"wp:featuredmedia":[{"embeddable":true,"href":"https:\/\/0barreras.com\/en\/wp-json\/wp\/v2\/media\/539"}],"wp:attachment":[{"href":"https:\/\/0barreras.com\/en\/wp-json\/wp\/v2\/media?parent=538"}],"wp:term":[{"taxonomy":"product_cat","embeddable":true,"href":"https:\/\/0barreras.com\/en\/wp-json\/wp\/v2\/product_cat?post=538"},{"taxonomy":"product_tag","embeddable":true,"href":"https:\/\/0barreras.com\/en\/wp-json\/wp\/v2\/product_tag?post=538"}],"curies":[{"name":"wp","href":"https:\/\/api.w.org\/{rel}","templated":true}]}}