{"id":536,"date":"2024-03-06T14:22:32","date_gmt":"2024-03-06T19:22:32","guid":{"rendered":"https:\/\/0barreras.com\/?post_type=product&#038;p=536"},"modified":"2024-04-04T14:36:36","modified_gmt":"2024-04-04T19:36:36","slug":"lupa-coil-at-max-9x","status":"publish","type":"product","link":"https:\/\/0barreras.com\/en\/product\/lupa-coil-at-max-9x\/","title":{"rendered":"Lupa de mano COIL AT MAX 9X"},"content":{"rendered":"<p>La Lupa de Mano ofrece una potencia de aumento excepcional de 9X (32 dioptr\u00edas), superando a otras lupas de su clase. Con un \u00e1rea de visualizaci\u00f3n significativamente mayor de 48 mm (poco menos de 2 pulgadas de ancho), esta lupa proporciona una visi\u00f3n clara y detallada. La distribuci\u00f3n uniforme de la luz en toda la lente garantiza un brillo \u00f3ptimo y una vida \u00fatil m\u00e1s larga de la luz LED integrada. Dise\u00f1ada pensando en la comodidad, es f\u00e1cil de sostener para aquellos con poca destreza, adapt\u00e1ndose c\u00f3modamente a la forma natural de la mano. Adem\u00e1s, es f\u00e1cil de usar, con acceso conveniente para cambiar las pilas AA (no incluidas).<br \/>\nSe incluye una bolsa protectora de tela suave para transportarla de forma segura. El ancho de la lente es de 1 7\/8&#8243;.<\/p>","protected":false},"excerpt":{"rendered":"<p>La Lupa de Mano ofrece una potencia de aumento de 9X y un \u00e1rea de visualizaci\u00f3n mayor para una visi\u00f3n clara y detallada. F\u00e1cil de sostener y usar, con luz LED integrada y bolsa protectora incluida.<\/p>","protected":false},"featured_media":537,"comment_status":"open","ping_status":"closed","template":"","meta":[],"product_cat":[18,52,73,64],"product_tag":[],"class_list":["post-536","product","type-product","status-publish","has-post-thumbnail","hentry","product_cat-baja-vision","product_cat-lupas","product_cat-lupas-at-max-de-bolsillo-coil","product_cat-lupas-coil"],"_links":{"self":[{"href":"https:\/\/0barreras.com\/en\/wp-json\/wp\/v2\/product\/536","targetHints":{"allow":["GET"]}}],"collection":[{"href":"https:\/\/0barreras.com\/en\/wp-json\/wp\/v2\/product"}],"about":[{"href":"https:\/\/0barreras.com\/en\/wp-json\/wp\/v2\/types\/product"}],"replies":[{"embeddable":true,"href":"https:\/\/0barreras.com\/en\/wp-json\/wp\/v2\/comments?post=536"}],"version-history":[{"count":1,"href":"https:\/\/0barreras.com\/en\/wp-json\/wp\/v2\/product\/536\/revisions"}],"predecessor-version":[{"id":1262,"href":"https:\/\/0barreras.com\/en\/wp-json\/wp\/v2\/product\/536\/revisions\/1262"}],"wp:featuredmedia":[{"embeddable":true,"href":"https:\/\/0barreras.com\/en\/wp-json\/wp\/v2\/media\/537"}],"wp:attachment":[{"href":"https:\/\/0barreras.com\/en\/wp-json\/wp\/v2\/media?parent=536"}],"wp:term":[{"taxonomy":"product_cat","embeddable":true,"href":"https:\/\/0barreras.com\/en\/wp-json\/wp\/v2\/product_cat?post=536"},{"taxonomy":"product_tag","embeddable":true,"href":"https:\/\/0barreras.com\/en\/wp-json\/wp\/v2\/product_tag?post=536"}],"curies":[{"name":"wp","href":"https:\/\/api.w.org\/{rel}","templated":true}]}}