{"id":520,"date":"2024-03-06T13:30:35","date_gmt":"2024-03-06T18:30:35","guid":{"rendered":"https:\/\/0barreras.com\/?post_type=product&#038;p=520"},"modified":"2024-04-04T12:18:11","modified_gmt":"2024-04-04T17:18:11","slug":"lupa-en-barra-led-2x-1-5-x-6-amarilla","status":"publish","type":"product","link":"https:\/\/0barreras.com\/en\/product\/lupa-en-barra-led-2x-1-5-x-6-amarilla\/","title":{"rendered":"Lupa de Lectura de Barra Acr\u00edlica 2X 1.5&#8243; x 6&#8243;, Amarilla"},"content":{"rendered":"<p>La Lupa de Lectura de Barra Acr\u00edlica S\u00f3lida de Alta Calidad es tu soluci\u00f3n para letras peque\u00f1as. Con solo colocarla en la p\u00e1gina, la impresi\u00f3n se vuelve visible al instante, facilitando la lectura de letras diminutas. La barra de 1,5&#8243; de ancho est\u00e1 te\u00f1ida de amarillo para resaltar las letras negras y mejorar la visibilidad, convirti\u00e9ndola en un producto ideal para personas con discapacidad visual.<\/p>","protected":false},"excerpt":{"rendered":"<p>La Lupa de Lectura de Barra Acr\u00edlica S\u00f3lida de Alta Calidad resalta las letras negras en p\u00e1ginas con su barra de 1,5&#8243; de ancho te\u00f1ida de amarillo, facilitando la lectura de letras peque\u00f1as para personas con discapacidad visual.<\/p>","protected":false},"featured_media":521,"comment_status":"open","ping_status":"closed","template":"","meta":[],"product_cat":[18,52,71],"product_tag":[],"class_list":["post-520","product","type-product","status-publish","has-post-thumbnail","hentry","product_cat-baja-vision","product_cat-lupas","product_cat-lupas-de-barra"],"_links":{"self":[{"href":"https:\/\/0barreras.com\/en\/wp-json\/wp\/v2\/product\/520","targetHints":{"allow":["GET"]}}],"collection":[{"href":"https:\/\/0barreras.com\/en\/wp-json\/wp\/v2\/product"}],"about":[{"href":"https:\/\/0barreras.com\/en\/wp-json\/wp\/v2\/types\/product"}],"replies":[{"embeddable":true,"href":"https:\/\/0barreras.com\/en\/wp-json\/wp\/v2\/comments?post=520"}],"version-history":[{"count":1,"href":"https:\/\/0barreras.com\/en\/wp-json\/wp\/v2\/product\/520\/revisions"}],"predecessor-version":[{"id":1254,"href":"https:\/\/0barreras.com\/en\/wp-json\/wp\/v2\/product\/520\/revisions\/1254"}],"wp:featuredmedia":[{"embeddable":true,"href":"https:\/\/0barreras.com\/en\/wp-json\/wp\/v2\/media\/521"}],"wp:attachment":[{"href":"https:\/\/0barreras.com\/en\/wp-json\/wp\/v2\/media?parent=520"}],"wp:term":[{"taxonomy":"product_cat","embeddable":true,"href":"https:\/\/0barreras.com\/en\/wp-json\/wp\/v2\/product_cat?post=520"},{"taxonomy":"product_tag","embeddable":true,"href":"https:\/\/0barreras.com\/en\/wp-json\/wp\/v2\/product_tag?post=520"}],"curies":[{"name":"wp","href":"https:\/\/api.w.org\/{rel}","templated":true}]}}