{"id":492,"date":"2024-01-30T14:52:35","date_gmt":"2024-01-30T19:52:35","guid":{"rendered":"https:\/\/0barreras.com\/?post_type=product&#038;p=492"},"modified":"2024-04-03T16:41:51","modified_gmt":"2024-04-03T21:41:51","slug":"lupa-deslizante-de-bolsillo-3x-y-4x","status":"publish","type":"product","link":"https:\/\/0barreras.com\/en\/product\/lupa-deslizante-de-bolsillo-3x-y-4x\/","title":{"rendered":"Lupa de bolsillo deslizante  3X y 4X"},"content":{"rendered":"<p>Esta lupa deslizante de bolsillo es una herramienta vers\u00e1til y compacta que ofrece dos aumentos diferentes en un solo dispositivo. Con una lente de aumento de 3X en un lado y una de 4X en el otro, esta lupa es ideal para una variedad de tareas que requieren diferentes niveles de ampliaci\u00f3n. Su dise\u00f1o deslizante permite cambiar f\u00e1cilmente entre los dos aumentos, lo que la hace conveniente y f\u00e1cil de usar. Perfecta para leer textos peque\u00f1os, examinar detalles minuciosos en objetos peque\u00f1os y llevarla c\u00f3modamente en el bolsillo gracias a su tama\u00f1o compacto.<\/p>","protected":false},"excerpt":{"rendered":"<p>Lupa deslizante de bolsillo con aumentos de 3X y 4X en un solo dispositivo. Dise\u00f1o compacto y vers\u00e1til para leer textos peque\u00f1os y examinar detalles minuciosos.<br \/>\nIdeal para llevar en el bolsillo.<\/p>","protected":false},"featured_media":493,"comment_status":"open","ping_status":"closed","template":"","meta":[],"product_cat":[18,52,68],"product_tag":[],"class_list":["post-492","product","type-product","status-publish","has-post-thumbnail","hentry","product_cat-baja-vision","product_cat-lupas","product_cat-lupas-de-bolsillo"],"_links":{"self":[{"href":"https:\/\/0barreras.com\/en\/wp-json\/wp\/v2\/product\/492","targetHints":{"allow":["GET"]}}],"collection":[{"href":"https:\/\/0barreras.com\/en\/wp-json\/wp\/v2\/product"}],"about":[{"href":"https:\/\/0barreras.com\/en\/wp-json\/wp\/v2\/types\/product"}],"replies":[{"embeddable":true,"href":"https:\/\/0barreras.com\/en\/wp-json\/wp\/v2\/comments?post=492"}],"version-history":[{"count":1,"href":"https:\/\/0barreras.com\/en\/wp-json\/wp\/v2\/product\/492\/revisions"}],"predecessor-version":[{"id":1227,"href":"https:\/\/0barreras.com\/en\/wp-json\/wp\/v2\/product\/492\/revisions\/1227"}],"wp:featuredmedia":[{"embeddable":true,"href":"https:\/\/0barreras.com\/en\/wp-json\/wp\/v2\/media\/493"}],"wp:attachment":[{"href":"https:\/\/0barreras.com\/en\/wp-json\/wp\/v2\/media?parent=492"}],"wp:term":[{"taxonomy":"product_cat","embeddable":true,"href":"https:\/\/0barreras.com\/en\/wp-json\/wp\/v2\/product_cat?post=492"},{"taxonomy":"product_tag","embeddable":true,"href":"https:\/\/0barreras.com\/en\/wp-json\/wp\/v2\/product_tag?post=492"}],"curies":[{"name":"wp","href":"https:\/\/api.w.org\/{rel}","templated":true}]}}