{"id":4392,"date":"2024-06-18T03:54:54","date_gmt":"2024-06-18T08:54:54","guid":{"rendered":"https:\/\/0barreras.com\/?post_type=product&#038;p=4392"},"modified":"2024-07-23T05:29:38","modified_gmt":"2024-07-23T10:29:38","slug":"prodigy-voice-monitor-de-glucosa-en-sangre-parlante","status":"publish","type":"product","link":"https:\/\/0barreras.com\/en\/product\/prodigy-voice-monitor-de-glucosa-en-sangre-parlante\/","title":{"rendered":"Prodigy Voice: Monitor de Glucosa con Instrucciones Audibles y Memoria Extendida"},"content":{"rendered":"<p>El monitor de glucosa en sangre Prodigy Voice es un dispositivo altamente accesible, dise\u00f1ado para ofrecer instrucciones totalmente audibles paso a paso y resultados precisos. Seg\u00fan la publicaci\u00f3n de la AFB, AccessWorld, este monitor es &#8220;totalmente accesible&#8230; con la salida de voz que respalda el proceso durante todo el proceso y la lectura de los resultados de la prueba&#8221;. Este monitor no requiere codificaci\u00f3n, simplificando su uso para personas con discapacidad visual.<\/p>\n<p>El Prodigy Voice cuenta con una memoria que almacena hasta 450 resultados de pruebas y proporciona promedios de 7, 14, 21, 28, 60 y 90 d\u00edas. Para usarlo, simplemente inserte la tira reactiva en el puerto f\u00e1cil de localizar y la voz se encender\u00e1 autom\u00e1ticamente, gui\u00e1ndole a trav\u00e9s del proceso. Sus caracter\u00edsticas t\u00e1ctiles permiten al usuario sentir y localizar los diferentes botones, y tambi\u00e9n incluye un &#8220;bot\u00f3n de repetici\u00f3n&#8221; que repite el \u00faltimo mensaje o resultado de la prueba.<\/p>\n<p>Este monitor necesita solo 0.6 microlitros de sangre, que puede obtenerse de los dedos o de sitios alternativos. Funciona con 2 pilas AAA (incluidas). El Prodigy Voice habla solo en ingl\u00e9s y el kit incluye un medidor, 10 tiras reactivas, un dispositivo de punci\u00f3n, 10 lancetas, una soluci\u00f3n de control, un estuche de transporte, un manual y las bater\u00edas.<\/p>\n<p>Es importante tener en cuenta que este art\u00edculo no se puede devolver.<\/p>\n<p>Al adquirir el Prodigy Voice, tambi\u00e9n est\u00e1s apoyando a la Fundaci\u00f3n 0 Barreras, contribuyendo a mejorar la calidad de vida de las personas con discapacidades.<\/p>","protected":false},"excerpt":{"rendered":"<p>El monitor de glucosa en sangre Prodigy Voice ofrece instrucciones audibles paso a paso, resultados precisos y una memoria de 450 resultados. No requiere codificaci\u00f3n y usa solo 0.6 microlitros de sangre. Incluye 10 tiras, dispositivo de punci\u00f3n, 10 lancetas, soluci\u00f3n de control, estuche y bater\u00edas. Comprando este producto, apoyas a la Fundaci\u00f3n 0 Barreras.<\/p>","protected":false},"featured_media":4393,"comment_status":"open","ping_status":"closed","template":"","meta":[],"product_cat":[230,239],"product_tag":[],"class_list":["post-4392","product","type-product","status-publish","has-post-thumbnail","hentry","product_cat-cuidado-de-la-salud","product_cat-medidores-de-glucosa-parlantes-y-ayudas-para-la-diabetes"],"_links":{"self":[{"href":"https:\/\/0barreras.com\/en\/wp-json\/wp\/v2\/product\/4392","targetHints":{"allow":["GET"]}}],"collection":[{"href":"https:\/\/0barreras.com\/en\/wp-json\/wp\/v2\/product"}],"about":[{"href":"https:\/\/0barreras.com\/en\/wp-json\/wp\/v2\/types\/product"}],"replies":[{"embeddable":true,"href":"https:\/\/0barreras.com\/en\/wp-json\/wp\/v2\/comments?post=4392"}],"version-history":[{"count":2,"href":"https:\/\/0barreras.com\/en\/wp-json\/wp\/v2\/product\/4392\/revisions"}],"predecessor-version":[{"id":4868,"href":"https:\/\/0barreras.com\/en\/wp-json\/wp\/v2\/product\/4392\/revisions\/4868"}],"wp:featuredmedia":[{"embeddable":true,"href":"https:\/\/0barreras.com\/en\/wp-json\/wp\/v2\/media\/4393"}],"wp:attachment":[{"href":"https:\/\/0barreras.com\/en\/wp-json\/wp\/v2\/media?parent=4392"}],"wp:term":[{"taxonomy":"product_cat","embeddable":true,"href":"https:\/\/0barreras.com\/en\/wp-json\/wp\/v2\/product_cat?post=4392"},{"taxonomy":"product_tag","embeddable":true,"href":"https:\/\/0barreras.com\/en\/wp-json\/wp\/v2\/product_tag?post=4392"}],"curies":[{"name":"wp","href":"https:\/\/api.w.org\/{rel}","templated":true}]}}