{"id":4390,"date":"2024-06-18T03:53:24","date_gmt":"2024-06-18T08:53:24","guid":{"rendered":"https:\/\/0barreras.com\/?post_type=product&#038;p=4390"},"modified":"2024-07-23T05:25:11","modified_gmt":"2024-07-23T10:25:11","slug":"prodigy-count-a-dose-medidor-de-insulina-preciso","status":"publish","type":"product","link":"https:\/\/0barreras.com\/en\/product\/prodigy-count-a-dose-medidor-de-insulina-preciso\/","title":{"rendered":"Prodigy Count-a-dose\u00ae: Dispositivo de Dosificaci\u00f3n Precisa de Insulina para Personas con Discapacidad Visual"},"content":{"rendered":"<p>El Prodigy Count-a-dose\u00ae est\u00e1 dise\u00f1ado espec\u00edficamente para personas ciegas y con discapacidad visual, proporcionando una manera segura y precisa de medir y mezclar dosis de insulina. Este innovador dispositivo tiene capacidad para dos frascos de insulina, que se miden en una jeringa Lo-Dose est\u00e1ndar mediante una rueda que hace &#8220;clic&#8221; por cada unidad de insulina. Esta caracter\u00edstica permite contar la dosis correcta de un tipo de insulina antes de llenar la jeringa con la segunda botella, facilitando la mezcla de forma f\u00e1cil y precisa.<\/p>\n<p>El portabotellas del Prodigy Count-a-dose\u00ae est\u00e1 marcado con puntos en relieve: uno para la primera botella y dos para la segunda, asegurando una f\u00e1cil identificaci\u00f3n para una mezcla correcta. El dial de clic, comenzando desde el signo menos (-), se mueve el n\u00famero de veces necesario hacia el signo m\u00e1s (+) para atraer la cantidad deseada de insulina a la jeringa. Cada clic del dial representa una unidad de insulina, garantizando una dosificaci\u00f3n precisa y sin esfuerzo.<\/p>\n<p>Este dispositivo es port\u00e1til, f\u00e1cil de usar y est\u00e1 dise\u00f1ado para facilitar la vida de las personas con discapacidad visual, permiti\u00e9ndoles gestionar su insulina de manera independiente y confiable. Adem\u00e1s, proporciona la tranquilidad de una dosificaci\u00f3n precisa, liberando tiempo para otras actividades que disfrutan.<\/p>\n<p>Es importante tener en cuenta que este dispositivo no se puede devolver.<\/p>\n<p>Al adquirir el Prodigy Count-a-dose\u00ae, tambi\u00e9n est\u00e1s apoyando a la Fundaci\u00f3n 0 Barreras, contribuyendo a mejorar la calidad de vida de las personas con discapacidades.<\/p>","protected":false},"excerpt":{"rendered":"<p>El Prodigy Count-a-dose\u00ae facilita la medici\u00f3n y mezcla de insulina para personas ciegas y con discapacidad visual, con capacidad para dos frascos y un dial de clic para una dosificaci\u00f3n precisa. Es port\u00e1til y f\u00e1cil de usar. Comprando este producto, apoyas a la Fundaci\u00f3n 0 Barreras.<\/p>","protected":false},"featured_media":4391,"comment_status":"open","ping_status":"closed","template":"","meta":[],"product_cat":[230,239],"product_tag":[],"class_list":["post-4390","product","type-product","status-publish","has-post-thumbnail","hentry","product_cat-cuidado-de-la-salud","product_cat-medidores-de-glucosa-parlantes-y-ayudas-para-la-diabetes"],"_links":{"self":[{"href":"https:\/\/0barreras.com\/en\/wp-json\/wp\/v2\/product\/4390","targetHints":{"allow":["GET"]}}],"collection":[{"href":"https:\/\/0barreras.com\/en\/wp-json\/wp\/v2\/product"}],"about":[{"href":"https:\/\/0barreras.com\/en\/wp-json\/wp\/v2\/types\/product"}],"replies":[{"embeddable":true,"href":"https:\/\/0barreras.com\/en\/wp-json\/wp\/v2\/comments?post=4390"}],"version-history":[{"count":2,"href":"https:\/\/0barreras.com\/en\/wp-json\/wp\/v2\/product\/4390\/revisions"}],"predecessor-version":[{"id":4866,"href":"https:\/\/0barreras.com\/en\/wp-json\/wp\/v2\/product\/4390\/revisions\/4866"}],"wp:featuredmedia":[{"embeddable":true,"href":"https:\/\/0barreras.com\/en\/wp-json\/wp\/v2\/media\/4391"}],"wp:attachment":[{"href":"https:\/\/0barreras.com\/en\/wp-json\/wp\/v2\/media?parent=4390"}],"wp:term":[{"taxonomy":"product_cat","embeddable":true,"href":"https:\/\/0barreras.com\/en\/wp-json\/wp\/v2\/product_cat?post=4390"},{"taxonomy":"product_tag","embeddable":true,"href":"https:\/\/0barreras.com\/en\/wp-json\/wp\/v2\/product_tag?post=4390"}],"curies":[{"name":"wp","href":"https:\/\/api.w.org\/{rel}","templated":true}]}}