{"id":4362,"date":"2024-06-18T03:45:45","date_gmt":"2024-06-18T08:45:45","guid":{"rendered":"https:\/\/0barreras.com\/?post_type=product&#038;p=4362"},"modified":"2024-07-22T20:58:14","modified_gmt":"2024-07-23T01:58:14","slug":"dispositivo-de-puncion","status":"publish","type":"product","link":"https:\/\/0barreras.com\/en\/product\/dispositivo-de-puncion\/","title":{"rendered":"Dispositivo de Punci\u00f3n Prodigy con 10 Configuraciones de Profundidad y Acci\u00f3n de Gatillo"},"content":{"rendered":"<p>El dispositivo de punci\u00f3n Prodigy es un innovador lanzador tipo bol\u00edgrafo dise\u00f1ado para proporcionar una experiencia de punci\u00f3n c\u00f3moda y precisa. Con 10 configuraciones de profundidad diferentes, este dispositivo se adapta a todos los tipos de piel, desde la m\u00e1s fina hasta la m\u00e1s gruesa. Las configuraciones 1-3 son ideales para piel fina, como la de ancianos o ni\u00f1os; las configuraciones 4-6 son perfectas para piel normal; y las configuraciones 7-10 est\u00e1n dise\u00f1adas para piel gruesa o callosa.<\/p>\n<p>Este dispositivo es compatible con todas las lancetas, excepto AccuChek Softclix, ofreciendo versatilidad y conveniencia. Su acci\u00f3n de gatillo asegura una punci\u00f3n r\u00e1pida y eficaz, minimizando el dolor y la incomodidad. Debido a las normas de salud y seguridad, este art\u00edculo no se puede devolver una vez abierto.<\/p>\n<p>Adem\u00e1s, al adquirir el dispositivo de punci\u00f3n Prodigy, est\u00e1s colaborando con la Fundaci\u00f3n 0 Barreras, ayudando a mejorar la calidad de vida de las personas con discapacidad.<\/p>","protected":false},"excerpt":{"rendered":"<p>Dispositivo de punci\u00f3n Prodigy con 10 configuraciones de profundidad, adecuado para todos los tipos de piel. Compatible con todas las lancetas excepto AccuChek Softclix. No se puede devolver una vez abierto. Con tu compra, apoyas a la Fundaci\u00f3n 0 Barreras.<\/p>","protected":false},"featured_media":4363,"comment_status":"open","ping_status":"closed","template":"","meta":[],"product_cat":[230,239],"product_tag":[],"class_list":["post-4362","product","type-product","status-publish","has-post-thumbnail","hentry","product_cat-cuidado-de-la-salud","product_cat-medidores-de-glucosa-parlantes-y-ayudas-para-la-diabetes"],"_links":{"self":[{"href":"https:\/\/0barreras.com\/en\/wp-json\/wp\/v2\/product\/4362","targetHints":{"allow":["GET"]}}],"collection":[{"href":"https:\/\/0barreras.com\/en\/wp-json\/wp\/v2\/product"}],"about":[{"href":"https:\/\/0barreras.com\/en\/wp-json\/wp\/v2\/types\/product"}],"replies":[{"embeddable":true,"href":"https:\/\/0barreras.com\/en\/wp-json\/wp\/v2\/comments?post=4362"}],"version-history":[{"count":2,"href":"https:\/\/0barreras.com\/en\/wp-json\/wp\/v2\/product\/4362\/revisions"}],"predecessor-version":[{"id":4846,"href":"https:\/\/0barreras.com\/en\/wp-json\/wp\/v2\/product\/4362\/revisions\/4846"}],"wp:featuredmedia":[{"embeddable":true,"href":"https:\/\/0barreras.com\/en\/wp-json\/wp\/v2\/media\/4363"}],"wp:attachment":[{"href":"https:\/\/0barreras.com\/en\/wp-json\/wp\/v2\/media?parent=4362"}],"wp:term":[{"taxonomy":"product_cat","embeddable":true,"href":"https:\/\/0barreras.com\/en\/wp-json\/wp\/v2\/product_cat?post=4362"},{"taxonomy":"product_tag","embeddable":true,"href":"https:\/\/0barreras.com\/en\/wp-json\/wp\/v2\/product_tag?post=4362"}],"curies":[{"name":"wp","href":"https:\/\/api.w.org\/{rel}","templated":true}]}}