{"id":4336,"date":"2024-06-18T03:26:06","date_gmt":"2024-06-18T08:26:06","guid":{"rendered":"https:\/\/0barreras.com\/?post_type=product&#038;p=4336"},"modified":"2024-07-22T09:10:23","modified_gmt":"2024-07-22T14:10:23","slug":"masajeador-de-pies-calefactado-de-moshi","status":"publish","type":"product","link":"https:\/\/0barreras.com\/en\/product\/masajeador-de-pies-calefactado-de-moshi\/","title":{"rendered":"Bota de Masaje con Calentamiento y 3 Modos de Vibraci\u00f3n &#8211; Confort y Bienestar"},"content":{"rendered":"<div class=\"productView thumbnail-unclicked\" data-event-type=\"product\" data-entity-id=\"1679\" data-name=\"5X Magnifying Tweezers\" data-product-category=\"Healthcare\/Personal Care, New Products\" data-product-brand=\"\" data-product-price=\"6.95\" data-product-variant=\"single-product-option\">\n<article class=\"productView-description\">\n<div class=\"tabs-contents\">\n<div id=\"tab-description\" class=\"tab-content overview is-active\">\n<div class=\"productView thumbnail-unclicked\" data-event-type=\"product\" data-entity-id=\"1605\" data-name=\"Amsler Grid, Pack of 50\" data-product-category=\"Healthcare\/Personal Care\" data-product-brand=\"\" data-product-price=\"3.95\" data-product-variant=\"single-product-option\">\n<article class=\"productView-description\">\n<div class=\"tabs-contents\">\n<div id=\"tab-description\" class=\"tab-content overview is-active\">\n<div class=\"productView thumbnail-unclicked\" data-event-type=\"product\" data-entity-id=\"607\" data-name=\"Contoured Elbow Pad\" data-product-category=\"Healthcare\/Personal Care\" data-product-brand=\"\" data-product-price=\"11.5\" data-product-variant=\"single-product-option\">\n<article class=\"productView-description\">\n<div class=\"tabs-contents\">\n<div id=\"tab-description\" class=\"tab-content overview is-active\">\n<div class=\"productView thumbnail-unclicked\" data-event-type=\"product\" data-entity-id=\"604\" data-name=\"Medi-Grip\" data-product-category=\"Healthcare\/Personal Care, Healthcare\/Pills &amp; Medicine Organizers\" data-product-brand=\"\" data-product-price=\"5.95\" data-product-variant=\"single-product-option\">\n<article class=\"productView-description\">\n<div class=\"tabs-contents\">\n<div id=\"tab-description\" class=\"tab-content overview is-active\">\n<div class=\"productView thumbnail-unclicked\" data-event-type=\"product\" data-entity-id=\"594\" data-name=\"Take-N-Slide Pill Taking Security System\" data-product-category=\"Healthcare\/Personal Care, Healthcare\/Pills &amp; Medicine Organizers\" data-product-brand=\"\" data-product-price=\"2.95\" data-product-variant=\"single-product-option\">\n<article class=\"productView-description\">\n<div class=\"tabs-contents\">\n<div id=\"tab-description\" class=\"tab-content overview is-active\">\n<div class=\"productView thumbnail-unclicked\" data-event-type=\"product\" data-entity-id=\"593\" data-name=\"MedCenter System Talking One Month Medication Organizer and Reminder\" data-product-category=\"Healthcare\/Personal Care, Healthcare\/Pills &amp; Medicine Organizers, Talking Products\/Talking Healthcare\" data-product-brand=\"\" data-product-price=\"82.95\" data-product-variant=\"single-product-option\">\n<article class=\"productView-description\">\n<div class=\"tabs-contents\">\n<div id=\"tab-description\" class=\"tab-content overview is-active\">\n<p>La bota de masaje con funci\u00f3n de calentamiento estimular\u00e1 la circulaci\u00f3n sangu\u00ednea y eliminar\u00e1 la fatiga. Adem\u00e1s, la opci\u00f3n de calefacci\u00f3n proporciona un calor relajante para los pies. Los 3 modos de vibraci\u00f3n proporcionan m\u00faltiples opciones de masaje y la velocidad se puede aumentar para una mayor efectividad.<br role=\"presentation\" data-uw-rm-sr=\"\" \/><br role=\"presentation\" data-uw-rm-sr=\"\" \/><b>Caracter\u00edsticas del producto:<\/b><\/p>\n<ul>\n<li>Incluye adaptador de corriente enchufable<\/li>\n<li>La funci\u00f3n de temporizaci\u00f3n permite controlar el per\u00edodo de activaci\u00f3n<\/li>\n<li>El forro interior con cremallera y el forro polar exterior se pueden lavar a m\u00e1quina<\/li>\n<\/ul>\n<\/div>\n<\/div>\n<\/article>\n<article class=\"productView-description\"><\/article>\n<\/div>\n<div class=\"related recommended products-section\"><\/div>\n<\/div>\n<div class=\"clear\"><\/div>\n<\/div>\n<div class=\"clear\"><\/div>\n<\/article>\n<\/div>\n<div class=\"related recommended products-section\"><\/div>\n<\/div>\n<\/div>\n<div class=\"clear\"><\/div>\n<\/article>\n<\/div>\n<div class=\"related recommended products-section\"><\/div>\n<\/div>\n<\/div>\n<\/article>\n<\/div>\n<\/div>\n<\/div>\n<\/article>\n<\/div>\n<\/div>\n<\/div>\n<div class=\"clear\"><\/div>\n<\/article>\n<\/div>\n<div class=\"related recommended products-section\"><\/div>","protected":false},"excerpt":{"rendered":"<p>La bota de masaje con calentamiento mejora la circulaci\u00f3n y reduce la fatiga. Con 3 modos de vibraci\u00f3n y velocidad ajustable, ofrece un masaje personalizado. Incluye adaptador enchufable, temporizador, y forro lavable. Con tu compra, apoyas a la Fundaci\u00f3n 0 Barreras.<\/p>","protected":false},"featured_media":4337,"comment_status":"open","ping_status":"closed","template":"","meta":[],"product_cat":[230,237],"product_tag":[],"class_list":["post-4336","product","type-product","status-publish","has-post-thumbnail","hentry","product_cat-cuidado-de-la-salud","product_cat-cuidado-personal"],"_links":{"self":[{"href":"https:\/\/0barreras.com\/en\/wp-json\/wp\/v2\/product\/4336","targetHints":{"allow":["GET"]}}],"collection":[{"href":"https:\/\/0barreras.com\/en\/wp-json\/wp\/v2\/product"}],"about":[{"href":"https:\/\/0barreras.com\/en\/wp-json\/wp\/v2\/types\/product"}],"replies":[{"embeddable":true,"href":"https:\/\/0barreras.com\/en\/wp-json\/wp\/v2\/comments?post=4336"}],"version-history":[{"count":2,"href":"https:\/\/0barreras.com\/en\/wp-json\/wp\/v2\/product\/4336\/revisions"}],"predecessor-version":[{"id":4824,"href":"https:\/\/0barreras.com\/en\/wp-json\/wp\/v2\/product\/4336\/revisions\/4824"}],"wp:featuredmedia":[{"embeddable":true,"href":"https:\/\/0barreras.com\/en\/wp-json\/wp\/v2\/media\/4337"}],"wp:attachment":[{"href":"https:\/\/0barreras.com\/en\/wp-json\/wp\/v2\/media?parent=4336"}],"wp:term":[{"taxonomy":"product_cat","embeddable":true,"href":"https:\/\/0barreras.com\/en\/wp-json\/wp\/v2\/product_cat?post=4336"},{"taxonomy":"product_tag","embeddable":true,"href":"https:\/\/0barreras.com\/en\/wp-json\/wp\/v2\/product_tag?post=4336"}],"curies":[{"name":"wp","href":"https:\/\/api.w.org\/{rel}","templated":true}]}}