{"id":4299,"date":"2024-06-18T03:08:14","date_gmt":"2024-06-18T08:08:14","guid":{"rendered":"https:\/\/0barreras.com\/?post_type=product&#038;p=4299"},"modified":"2024-07-21T15:24:32","modified_gmt":"2024-07-21T20:24:32","slug":"rejilla-amsler-paquete-de-50","status":"publish","type":"product","link":"https:\/\/0barreras.com\/en\/product\/rejilla-amsler-paquete-de-50\/","title":{"rendered":"Almohadilla de Evaluaci\u00f3n de Visi\u00f3n con Im\u00e1n &#8211; 50 Hojas, 16.51 cm x 13.97 cm"},"content":{"rendered":"<p>Si est\u00e1 en riesgo de degeneraci\u00f3n macular, es crucial revisar su visi\u00f3n regularmente para detectar cualquier cambio. Esta pr\u00e1ctica almohadilla de 50 hojas engomadas de 16.51 cm x 13.97 cm le permite evaluar su visi\u00f3n de manera f\u00e1cil y efectiva. Con esta herramienta, puede detectar l\u00edneas onduladas o distorsionadas y anotar cualquier cambio en la hoja para luego revisarla con su oftalm\u00f3logo.<\/p>\n<p>La almohadilla cuenta con un im\u00e1n en la parte posterior, lo que facilita colgarla en su refrigerador o en cualquier superficie met\u00e1lica. Esto asegura que siempre est\u00e9 a mano para realizar evaluaciones regulares de su visi\u00f3n.<\/p>\n<p>Al utilizar esta almohadilla, puede llevar un registro preciso de su visi\u00f3n y detectar cualquier cambio temprano, lo que es vital para el manejo y tratamiento de la degeneraci\u00f3n macular.<\/p>\n<p>Al comprar esta almohadilla de evaluaci\u00f3n de visi\u00f3n, est\u00e1s colaborando con la Fundaci\u00f3n 0 Barreras, ayudando a mejorar la calidad de vida de las personas con discapacidades.<\/p>","protected":false},"excerpt":{"rendered":"<p>Almohadilla de 50 hojas engomadas de 16.51 cm x 13.97 cm para evaluar la visi\u00f3n y detectar l\u00edneas onduladas o distorsionadas. Incluye im\u00e1n en la parte posterior para f\u00e1cil colgado. Ideal para personas en riesgo de degeneraci\u00f3n macular. Con tu compra, apoyas a la Fundaci\u00f3n 0 Barreras.<\/p>","protected":false},"featured_media":4300,"comment_status":"open","ping_status":"closed","template":"","meta":[],"product_cat":[230,237],"product_tag":[],"class_list":["post-4299","product","type-product","status-publish","has-post-thumbnail","hentry","product_cat-cuidado-de-la-salud","product_cat-cuidado-personal"],"_links":{"self":[{"href":"https:\/\/0barreras.com\/en\/wp-json\/wp\/v2\/product\/4299","targetHints":{"allow":["GET"]}}],"collection":[{"href":"https:\/\/0barreras.com\/en\/wp-json\/wp\/v2\/product"}],"about":[{"href":"https:\/\/0barreras.com\/en\/wp-json\/wp\/v2\/types\/product"}],"replies":[{"embeddable":true,"href":"https:\/\/0barreras.com\/en\/wp-json\/wp\/v2\/comments?post=4299"}],"version-history":[{"count":2,"href":"https:\/\/0barreras.com\/en\/wp-json\/wp\/v2\/product\/4299\/revisions"}],"predecessor-version":[{"id":4799,"href":"https:\/\/0barreras.com\/en\/wp-json\/wp\/v2\/product\/4299\/revisions\/4799"}],"wp:featuredmedia":[{"embeddable":true,"href":"https:\/\/0barreras.com\/en\/wp-json\/wp\/v2\/media\/4300"}],"wp:attachment":[{"href":"https:\/\/0barreras.com\/en\/wp-json\/wp\/v2\/media?parent=4299"}],"wp:term":[{"taxonomy":"product_cat","embeddable":true,"href":"https:\/\/0barreras.com\/en\/wp-json\/wp\/v2\/product_cat?post=4299"},{"taxonomy":"product_tag","embeddable":true,"href":"https:\/\/0barreras.com\/en\/wp-json\/wp\/v2\/product_tag?post=4299"}],"curies":[{"name":"wp","href":"https:\/\/api.w.org\/{rel}","templated":true}]}}