{"id":4295,"date":"2024-06-18T03:06:07","date_gmt":"2024-06-18T08:06:07","guid":{"rendered":"https:\/\/0barreras.com\/?post_type=product&#038;p=4295"},"modified":"2024-07-21T15:15:40","modified_gmt":"2024-07-21T20:15:40","slug":"pinzas-de-aumento-5x","status":"publish","type":"product","link":"https:\/\/0barreras.com\/en\/product\/pinzas-de-aumento-5x\/","title":{"rendered":"Pinzas Personales con Lupa Ajustable de 5X para Baja Visi\u00f3n &#8211; 2.4 cm"},"content":{"rendered":"<p>Estas pinzas personales normales vienen equipadas con una lupa de 5X, dise\u00f1ada para proporcionar una visi\u00f3n clara y detallada, ideal para personas con baja visi\u00f3n. La lupa tiene un di\u00e1metro de 2.4 cm y se acopla f\u00e1cilmente a las pinzas, permitiendo dos \u00e1ngulos de ajuste para el mejor posicionamiento y comodidad durante el uso.<\/p>\n<p>Gracias a su lupa ajustable, estas pinzas facilitan tareas detalladas como la extracci\u00f3n de astillas, el cuidado de las cejas y otras necesidades de aseo personal con precisi\u00f3n y seguridad. La lupa de alta calidad asegura que cada detalle sea visible, reduciendo el riesgo de accidentes y mejorando la eficiencia en el cuidado personal.<\/p>\n<p>Las pinzas est\u00e1n hechas de materiales duraderos y de alta calidad, garantizando una larga vida \u00fatil. Su dise\u00f1o compacto las hace f\u00e1ciles de manejar y almacenar, perfectas para el uso diario y para llevar en viajes.<\/p>\n<p>Al comprar estas pinzas con lupa, est\u00e1s colaborando con la Fundaci\u00f3n 0 Barreras, ayudando a mejorar la calidad de vida de las personas con discapacidades.<\/p>","protected":false},"excerpt":{"rendered":"<p>Pinzas personales con lupa de 5X, 2.4 cm de di\u00e1metro, ajustable en dos \u00e1ngulos. Facilitan el cuidado personal para personas con baja visi\u00f3n, ofreciendo precisi\u00f3n y seguridad. Hechas de materiales duraderos. Con tu compra, apoyas a la Fundaci\u00f3n 0 Barreras.<\/p>","protected":false},"featured_media":4296,"comment_status":"open","ping_status":"closed","template":"","meta":[],"product_cat":[230,237],"product_tag":[],"class_list":["post-4295","product","type-product","status-publish","has-post-thumbnail","hentry","product_cat-cuidado-de-la-salud","product_cat-cuidado-personal"],"_links":{"self":[{"href":"https:\/\/0barreras.com\/en\/wp-json\/wp\/v2\/product\/4295","targetHints":{"allow":["GET"]}}],"collection":[{"href":"https:\/\/0barreras.com\/en\/wp-json\/wp\/v2\/product"}],"about":[{"href":"https:\/\/0barreras.com\/en\/wp-json\/wp\/v2\/types\/product"}],"replies":[{"embeddable":true,"href":"https:\/\/0barreras.com\/en\/wp-json\/wp\/v2\/comments?post=4295"}],"version-history":[{"count":2,"href":"https:\/\/0barreras.com\/en\/wp-json\/wp\/v2\/product\/4295\/revisions"}],"predecessor-version":[{"id":4795,"href":"https:\/\/0barreras.com\/en\/wp-json\/wp\/v2\/product\/4295\/revisions\/4795"}],"wp:featuredmedia":[{"embeddable":true,"href":"https:\/\/0barreras.com\/en\/wp-json\/wp\/v2\/media\/4296"}],"wp:attachment":[{"href":"https:\/\/0barreras.com\/en\/wp-json\/wp\/v2\/media?parent=4295"}],"wp:term":[{"taxonomy":"product_cat","embeddable":true,"href":"https:\/\/0barreras.com\/en\/wp-json\/wp\/v2\/product_cat?post=4295"},{"taxonomy":"product_tag","embeddable":true,"href":"https:\/\/0barreras.com\/en\/wp-json\/wp\/v2\/product_tag?post=4295"}],"curies":[{"name":"wp","href":"https:\/\/api.w.org\/{rel}","templated":true}]}}