{"id":4293,"date":"2024-06-18T03:06:02","date_gmt":"2024-06-18T08:06:02","guid":{"rendered":"https:\/\/0barreras.com\/?post_type=product&#038;p=4293"},"modified":"2024-07-21T15:11:35","modified_gmt":"2024-07-21T20:11:35","slug":"cortaunas-con-lupa-de-5x","status":"publish","type":"product","link":"https:\/\/0barreras.com\/en\/product\/cortaunas-con-lupa-de-5x\/","title":{"rendered":"Corta\u00fa\u00f1as con Lupa Ajustable de 5X para Baja Visi\u00f3n &#8211; 5.08 cm"},"content":{"rendered":"<p>Los corta\u00fa\u00f1as de tama\u00f1o regular con lupa adjunta de 5X son la soluci\u00f3n perfecta para personas con baja visi\u00f3n que desean mantener su higiene personal con mayor independencia. La lupa de 5.08 cm de di\u00e1metro se puede ajustar para ofrecer el mejor \u00e1ngulo de visi\u00f3n, facilitando la tarea de cortar las u\u00f1as con precisi\u00f3n y seguridad.<\/p>\n<p>Fabricados con materiales duraderos, estos corta\u00fa\u00f1as no solo son funcionales, sino tambi\u00e9n resistentes, garantizando una larga vida \u00fatil. La lupa de alta calidad proporciona una visi\u00f3n clara y detallada, ayudando a evitar accidentes y asegurando un corte limpio y preciso.<\/p>\n<p>Este producto es especialmente \u00fatil para aquellos que tienen dificultades visuales, permiti\u00e9ndoles realizar tareas de cuidado personal sin la necesidad de asistencia constante. Adem\u00e1s, su tama\u00f1o compacto lo hace f\u00e1cil de manejar y almacenar, perfecto para el uso diario.<\/p>\n<p>Nota importante: Debido a las leyes federales y estatales sobre alimentos, salud y seguridad, este art\u00edculo no se puede devolver una vez abierto.<\/p>\n<p>Al comprar estos corta\u00fa\u00f1as con lupa, est\u00e1s colaborando con la Fundaci\u00f3n 0 Barreras, ayudando a mejorar la calidad de vida de las personas con discapacidades.<\/p>","protected":false},"excerpt":{"rendered":"<p>Corta\u00fa\u00f1as de tama\u00f1o regular con lupa de 5.08 cm y aumento 5X. La lupa ajustable facilita el corte de u\u00f1as para personas con baja visi\u00f3n. Hechos con materiales duraderos para un uso prolongado. No se aceptan devoluciones una vez abierto. Con tu compra, apoyas a la Fundaci\u00f3n 0 Barreras.<\/p>","protected":false},"featured_media":4294,"comment_status":"open","ping_status":"closed","template":"","meta":[],"product_cat":[230,237],"product_tag":[],"class_list":["post-4293","product","type-product","status-publish","has-post-thumbnail","hentry","product_cat-cuidado-de-la-salud","product_cat-cuidado-personal"],"_links":{"self":[{"href":"https:\/\/0barreras.com\/en\/wp-json\/wp\/v2\/product\/4293","targetHints":{"allow":["GET"]}}],"collection":[{"href":"https:\/\/0barreras.com\/en\/wp-json\/wp\/v2\/product"}],"about":[{"href":"https:\/\/0barreras.com\/en\/wp-json\/wp\/v2\/types\/product"}],"replies":[{"embeddable":true,"href":"https:\/\/0barreras.com\/en\/wp-json\/wp\/v2\/comments?post=4293"}],"version-history":[{"count":2,"href":"https:\/\/0barreras.com\/en\/wp-json\/wp\/v2\/product\/4293\/revisions"}],"predecessor-version":[{"id":4793,"href":"https:\/\/0barreras.com\/en\/wp-json\/wp\/v2\/product\/4293\/revisions\/4793"}],"wp:featuredmedia":[{"embeddable":true,"href":"https:\/\/0barreras.com\/en\/wp-json\/wp\/v2\/media\/4294"}],"wp:attachment":[{"href":"https:\/\/0barreras.com\/en\/wp-json\/wp\/v2\/media?parent=4293"}],"wp:term":[{"taxonomy":"product_cat","embeddable":true,"href":"https:\/\/0barreras.com\/en\/wp-json\/wp\/v2\/product_cat?post=4293"},{"taxonomy":"product_tag","embeddable":true,"href":"https:\/\/0barreras.com\/en\/wp-json\/wp\/v2\/product_tag?post=4293"}],"curies":[{"name":"wp","href":"https:\/\/api.w.org\/{rel}","templated":true}]}}