{"id":4291,"date":"2024-06-18T03:04:01","date_gmt":"2024-06-18T08:04:01","guid":{"rendered":"https:\/\/0barreras.com\/?post_type=product&#038;p=4291"},"modified":"2024-07-21T15:06:46","modified_gmt":"2024-07-21T20:06:46","slug":"espejo-led-inalambrico-de-7-10x-1x","status":"publish","type":"product","link":"https:\/\/0barreras.com\/en\/product\/espejo-led-inalambrico-de-7-10x-1x\/","title":{"rendered":"Espejo LED de Pie con Doble Cara y Aumento 10X\/1X &#8211; 17.78 cm"},"content":{"rendered":"<p>Este espejo LED de pie es la soluci\u00f3n ideal para quienes buscan funcionalidad\u00a0 y movilidad en su rutina diaria. Funciona con pilas, lo que lo hace perfecto para moverse por la casa, llevarlo en viajes de negocios o cualquier otro tipo de viaje. Con dos lados, uno con aumento de 10X y el otro con aumento de 1X, ofrece una versatilidad impresionante para todas tus necesidades de cuidado personal.<\/p>\n<p>Los espejos tienen un di\u00e1metro de 17.78 cm y est\u00e1n hechos de vidrio de calidad \u00f3ptica, garantizando una visi\u00f3n clara y precisa. El soporte del espejo mide 35.56 cm de alto, proporcionando una altura adecuada para una visi\u00f3n c\u00f3moda sin necesidad de agacharse. La iluminaci\u00f3n es proporcionada por bombillas LED ecol\u00f3gicas que nunca necesitar\u00e1n ser reemplazadas, ofreciendo una luz brillante y uniforme sin el gasto y la molestia de cambiar las bombillas.<\/p>\n<p>Este espejo funciona con 4 pilas AA (no incluidas), lo que asegura una movilidad total sin depender de cables o enchufes. Su dise\u00f1o elegante y moderno en color blanco se adapta a cualquier decoraci\u00f3n, convirti\u00e9ndose en una pieza funcional y decorativa en cualquier espacio.<\/p>\n<p>Por favor, tenga en cuenta que debido al aumento sustancial de los cargos de flete entrante, se agregar\u00e1n USD$15.00 de flete adicional a su pedido.<\/p>\n<p>Al comprar este espejo LED de pie, est\u00e1s colaborando con la Fundaci\u00f3n 0 Barreras, ayudando a mejorar la calidad de vida de las personas con discapacidades.<\/p>","protected":false},"excerpt":{"rendered":"<p>Espejo LED de pie con doble cara, aumento de 10X y 1X, de 17.78 cm de di\u00e1metro. Soporte de 35.56 cm de alto. Funciona con 4 pilas AA (no incluidas). Bombillas LED ecol\u00f3gicas, ideal para moverse por la casa o llevar de viaje. Flete adicional de USD$15.00. Con tu compra, apoyas a la Fundaci\u00f3n 0 Barreras.<\/p>","protected":false},"featured_media":4292,"comment_status":"open","ping_status":"closed","template":"","meta":[],"product_cat":[236],"product_tag":[],"class_list":["post-4291","product","type-product","status-publish","has-post-thumbnail","hentry","product_cat-espejos-de-aumento-cuidado-de-la-salud"],"_links":{"self":[{"href":"https:\/\/0barreras.com\/en\/wp-json\/wp\/v2\/product\/4291","targetHints":{"allow":["GET"]}}],"collection":[{"href":"https:\/\/0barreras.com\/en\/wp-json\/wp\/v2\/product"}],"about":[{"href":"https:\/\/0barreras.com\/en\/wp-json\/wp\/v2\/types\/product"}],"replies":[{"embeddable":true,"href":"https:\/\/0barreras.com\/en\/wp-json\/wp\/v2\/comments?post=4291"}],"version-history":[{"count":2,"href":"https:\/\/0barreras.com\/en\/wp-json\/wp\/v2\/product\/4291\/revisions"}],"predecessor-version":[{"id":4791,"href":"https:\/\/0barreras.com\/en\/wp-json\/wp\/v2\/product\/4291\/revisions\/4791"}],"wp:featuredmedia":[{"embeddable":true,"href":"https:\/\/0barreras.com\/en\/wp-json\/wp\/v2\/media\/4292"}],"wp:attachment":[{"href":"https:\/\/0barreras.com\/en\/wp-json\/wp\/v2\/media?parent=4291"}],"wp:term":[{"taxonomy":"product_cat","embeddable":true,"href":"https:\/\/0barreras.com\/en\/wp-json\/wp\/v2\/product_cat?post=4291"},{"taxonomy":"product_tag","embeddable":true,"href":"https:\/\/0barreras.com\/en\/wp-json\/wp\/v2\/product_tag?post=4291"}],"curies":[{"name":"wp","href":"https:\/\/api.w.org\/{rel}","templated":true}]}}