{"id":4246,"date":"2024-06-18T02:37:36","date_gmt":"2024-06-18T07:37:36","guid":{"rendered":"https:\/\/0barreras.com\/?post_type=product&#038;p=4246"},"modified":"2024-06-18T02:38:26","modified_gmt":"2024-06-18T07:38:26","slug":"monitor-de-presion-arterial-premium-bilingue-parlante-muneca","status":"publish","type":"product","link":"https:\/\/0barreras.com\/en\/product\/monitor-de-presion-arterial-premium-bilingue-parlante-muneca\/","title":{"rendered":"Monitor de Presi\u00f3n Arterial Premium Biling\u00fce Parlante, Mu\u00f1eca"},"content":{"rendered":"<p>El medidor de presi\u00f3n arterial biling\u00fce de mu\u00f1eca Healthsmart Talking tiene precisi\u00f3n cl\u00ednica y puede hablar los resultados en ingl\u00e9s o espa\u00f1ol. Tiene configuraciones de memoria para 2 usuarios diferentes, con una capacidad total de 120 resultados. Cuenta con detecci\u00f3n de latidos card\u00edacos irregulares de las \u00faltimas 3 lecturas y tecnolog\u00eda de punto card\u00edaco para indicar la posici\u00f3n \u00f3ptima del brazo del usuario para garantizar una lectura precisa. Tama\u00f1o del brazalete de 5.3&#8243; a 8.5&#8243;. Utiliza 2 pilas AAA (incluidas).<br role=\"presentation\" data-uw-rm-sr=\"\" \/><br role=\"presentation\" data-uw-rm-sr=\"\" \/><strong>Caracter\u00edsticas adicionales del producto:<\/strong><\/p>\n<ul>\n<li>Memoria de 120 lecturas con dos bancos de memoria (60 lecturas cada uno)<\/li>\n<li>Funcionamiento totalmente autom\u00e1tico con un solo bot\u00f3n<\/li>\n<li>Muestra lecturas sist\u00f3licas, diast\u00f3licas y de pulso simult\u00e1neamente<\/li>\n<li>La gran pantalla LCD muestra visualmente el progreso de la lectura de la presi\u00f3n arterial<\/li>\n<li>Marca de fecha y hora<\/li>\n<li>Apagado autom\u00e1tico<\/li>\n<li>El brazalete de mu\u00f1eca suave y c\u00f3modo se adapta a las circunferencias de la mu\u00f1eca: 5 3\/8 &#8220;-7 5\/8&#8221;<\/li>\n<li>L\u00ednea gratuita de ayuda de atenci\u00f3n al cliente en la caja y la unidad<\/li>\n<li>Garant\u00eda limitada de por vida<\/li>\n<li>Gu\u00eda detallada en ingl\u00e9s y espa\u00f1ol<\/li>\n<li>Gu\u00eda de inicio r\u00e1pido<\/li>\n<li>Pr\u00e1ctico estuche de almacenamiento de pl\u00e1stico duro<\/li>\n<li>Dos pilas AAA incluidas<\/li>\n<\/ul>\n<p><span style=\"color: #ff0000\"><strong>Tenga en cuenta: Debido a las leyes federales y estatales sobre alimentos, salud y seguridad, este art\u00edculo no se puede devolver una vez abierto.<\/strong><\/span><\/p>\n<p><a href=\"https:\/\/independentliving.com\/content\/MED114-2018.pdf\" data-uw-pdf-br=\"1\" data-uw-pdf-doc=\"\">Haga clic aqu\u00ed para obtener un manual de instrucciones en PDF<\/a><br role=\"presentation\" data-uw-rm-sr=\"\" \/><a href=\"https:\/\/independentliving.com\/content\/MED114-2018.docx\">Haga clic aqu\u00ed para obtener un manual de instrucciones en Word<\/a><\/p>","protected":false},"excerpt":{"rendered":"<p>El medidor de presi\u00f3n arterial biling\u00fce de mu\u00f1eca Healthsmart Talking tiene precisi\u00f3n cl\u00ednica y puede hablar los resultados en ingl\u00e9s o espa\u00f1ol. Tiene configuraciones de memoria para 2 usuarios diferentes, con una capacidad total de 120 resultados. Cuenta con detecci\u00f3n de latidos card\u00edacos irregulares de las \u00faltimas 3 lecturas y tecnolog\u00eda de punto card\u00edaco para&#8230;<\/p>","protected":false},"featured_media":4247,"comment_status":"open","ping_status":"closed","template":"","meta":[],"product_cat":[230,231],"product_tag":[],"class_list":["post-4246","product","type-product","status-publish","has-post-thumbnail","hentry","product_cat-cuidado-de-la-salud","product_cat-monitores-de-presion-arterial"],"_links":{"self":[{"href":"https:\/\/0barreras.com\/en\/wp-json\/wp\/v2\/product\/4246","targetHints":{"allow":["GET"]}}],"collection":[{"href":"https:\/\/0barreras.com\/en\/wp-json\/wp\/v2\/product"}],"about":[{"href":"https:\/\/0barreras.com\/en\/wp-json\/wp\/v2\/types\/product"}],"replies":[{"embeddable":true,"href":"https:\/\/0barreras.com\/en\/wp-json\/wp\/v2\/comments?post=4246"}],"version-history":[{"count":0,"href":"https:\/\/0barreras.com\/en\/wp-json\/wp\/v2\/product\/4246\/revisions"}],"wp:featuredmedia":[{"embeddable":true,"href":"https:\/\/0barreras.com\/en\/wp-json\/wp\/v2\/media\/4247"}],"wp:attachment":[{"href":"https:\/\/0barreras.com\/en\/wp-json\/wp\/v2\/media?parent=4246"}],"wp:term":[{"taxonomy":"product_cat","embeddable":true,"href":"https:\/\/0barreras.com\/en\/wp-json\/wp\/v2\/product_cat?post=4246"},{"taxonomy":"product_tag","embeddable":true,"href":"https:\/\/0barreras.com\/en\/wp-json\/wp\/v2\/product_tag?post=4246"}],"curies":[{"name":"wp","href":"https:\/\/api.w.org\/{rel}","templated":true}]}}