{"id":4242,"date":"2024-06-18T02:34:21","date_gmt":"2024-06-18T07:34:21","guid":{"rendered":"https:\/\/0barreras.com\/?post_type=product&#038;p=4242"},"modified":"2024-07-14T06:39:53","modified_gmt":"2024-07-14T11:39:53","slug":"monitor-de-presion-arterial-parlante-muneca","status":"publish","type":"product","link":"https:\/\/0barreras.com\/en\/product\/monitor-de-presion-arterial-parlante-muneca\/","title":{"rendered":"Medidor de Presi\u00f3n Arterial Biling\u00fce para la Mu\u00f1eca &#8211; F\u00e1cil de Usar y Preciso"},"content":{"rendered":"<p>El Medidor de Presi\u00f3n Arterial Biling\u00fce para la Mu\u00f1eca es una herramienta esencial para el monitoreo de la salud, especialmente dise\u00f1ada para personas con baja visi\u00f3n. Con la capacidad de hablar en ingl\u00e9s o espa\u00f1ol, o sin sonido, este medidor facilita la monitorizaci\u00f3n independiente de la presi\u00f3n arterial y el pulso. Su operaci\u00f3n con un solo bot\u00f3n lo hace extremadamente f\u00e1cil de usar.<\/p>\n<p>Este dispositivo no solo proporciona las lecturas de presi\u00f3n arterial y pulso, sino que tambi\u00e9n habla del promedio de las \u00faltimas tres mediciones, ofreciendo una visi\u00f3n m\u00e1s precisa del estado de salud. La memoria puede almacenar hasta 90 mediciones para dos personas, permitiendo un seguimiento detallado y personalizado.<\/p>\n<p>El medidor cuenta con indicadores de clasificaci\u00f3n de la Organizaci\u00f3n Mundial de la Salud y detecci\u00f3n de latidos card\u00edacos irregulares, brindando informaci\u00f3n cr\u00edtica para el cuidado de la salud. Su horario de 24 horas garantiza que las mediciones se registren de manera precisa y oportuna.<\/p>\n<p>El dispositivo utiliza 2 pilas AAA (no incluidas) y viene con un estuche de almacenamiento r\u00edgido, proporcionando protecci\u00f3n y portabilidad.<\/p>\n<p><strong>Nota:<\/strong> Debido a las leyes federales y estatales sobre alimentos, salud y seguridad, este art\u00edculo no se puede devolver una vez abierto.<\/p>\n<p>Al adquirir este medidor, no solo obtienes un producto de alta calidad y utilidad, sino que tambi\u00e9n apoyas a la Fundaci\u00f3n 0 Barreras, contribuyendo a mejorar la calidad de vida de las personas con discapacidades.<\/p>","protected":false},"excerpt":{"rendered":"<p>El Medidor de Presi\u00f3n Arterial Biling\u00fce para la Mu\u00f1eca facilita la monitorizaci\u00f3n independiente de la presi\u00f3n arterial y el pulso, hablando en ingl\u00e9s o espa\u00f1ol. Almacena 90 mediciones para 2 personas, detecta latidos irregulares y es f\u00e1cil de usar con un solo bot\u00f3n. Al comprarlo, apoyas a la Fundaci\u00f3n 0 Barreras.<\/p>","protected":false},"featured_media":4243,"comment_status":"open","ping_status":"closed","template":"","meta":[],"product_cat":[230,231],"product_tag":[],"class_list":["post-4242","product","type-product","status-publish","has-post-thumbnail","hentry","product_cat-cuidado-de-la-salud","product_cat-monitores-de-presion-arterial"],"_links":{"self":[{"href":"https:\/\/0barreras.com\/en\/wp-json\/wp\/v2\/product\/4242","targetHints":{"allow":["GET"]}}],"collection":[{"href":"https:\/\/0barreras.com\/en\/wp-json\/wp\/v2\/product"}],"about":[{"href":"https:\/\/0barreras.com\/en\/wp-json\/wp\/v2\/types\/product"}],"replies":[{"embeddable":true,"href":"https:\/\/0barreras.com\/en\/wp-json\/wp\/v2\/comments?post=4242"}],"version-history":[{"count":2,"href":"https:\/\/0barreras.com\/en\/wp-json\/wp\/v2\/product\/4242\/revisions"}],"predecessor-version":[{"id":4747,"href":"https:\/\/0barreras.com\/en\/wp-json\/wp\/v2\/product\/4242\/revisions\/4747"}],"wp:featuredmedia":[{"embeddable":true,"href":"https:\/\/0barreras.com\/en\/wp-json\/wp\/v2\/media\/4243"}],"wp:attachment":[{"href":"https:\/\/0barreras.com\/en\/wp-json\/wp\/v2\/media?parent=4242"}],"wp:term":[{"taxonomy":"product_cat","embeddable":true,"href":"https:\/\/0barreras.com\/en\/wp-json\/wp\/v2\/product_cat?post=4242"},{"taxonomy":"product_tag","embeddable":true,"href":"https:\/\/0barreras.com\/en\/wp-json\/wp\/v2\/product_tag?post=4242"}],"curies":[{"name":"wp","href":"https:\/\/api.w.org\/{rel}","templated":true}]}}