{"id":4222,"date":"2024-06-18T02:18:04","date_gmt":"2024-06-18T07:18:04","guid":{"rendered":"https:\/\/0barreras.com\/?post_type=product&#038;p=4222"},"modified":"2024-07-14T06:14:20","modified_gmt":"2024-07-14T11:14:20","slug":"reloj-parlante-de-cara-tactil-esfera-blanca-correa-plateada","status":"publish","type":"product","link":"https:\/\/0barreras.com\/en\/product\/reloj-parlante-de-cara-tactil-esfera-blanca-correa-plateada\/","title":{"rendered":"Reloj Parlante Especial de Cara T\u00e1ctil y Correa Plateada con Alarma y Timbre &#8211; Disponible en Dos Tama\u00f1os"},"content":{"rendered":"<p>El Reloj Parlante Especial es una herramienta imprescindible para aquellos que buscan facilidad y funcionalidad en su vida diaria. Con una esfera blanca, caja plateada y correa flexible plateada, este reloj no solo es elegante, sino tambi\u00e9n extremadamente f\u00e1cil de usar. Al tocar su esfera de cristal, el reloj anuncia la hora en voz alta, una caracter\u00edstica especialmente \u00fatil para personas con manos d\u00e9biles o poca destreza.<\/p>\n<p>Este reloj no solo indica la hora, sino que tambi\u00e9n proporciona la fecha completa y cuenta con una alarma parlante, asegurando que nunca pierdas una cita o un evento importante. Adem\u00e1s, tiene un timbre cada hora que te mantiene al tanto del tiempo de manera constante.<\/p>\n<p>El Reloj Parlante Especial est\u00e1 disponible en dos tama\u00f1os para adaptarse a tus necesidades:<\/p>\n<ul>\n<li>Peque\u00f1o: Cara de 2.4 cm (0.95 pulgadas), Caja de 3.3 cm (1.3 pulgadas)<\/li>\n<li>Mediano: Cara de 2.8 cm (1.1 pulgadas), Caja de 3.7 cm (1.45 pulgadas)<\/li>\n<\/ul>\n<p>Por favor, especifica el tama\u00f1o deseado al hacer tu compra.<\/p>\n<p>Al adquirir este reloj, est\u00e1s apoyando a la Fundaci\u00f3n 0 Barreras, ayudando a mejorar la calidad de vida de las personas con discapacidades. Este reloj no solo te ofrece comodidad y precisi\u00f3n, sino que tambi\u00e9n te permite hacer una diferencia significativa.<\/p>","protected":false},"excerpt":{"rendered":"<p>El Reloj Parlante Especial, con una esfera blanca y caja plateada, anuncia la hora al tocar su esfera de cristal. Indica la fecha completa, tiene una alarma parlante y timbre cada hora. Disponible en dos tama\u00f1os (peque\u00f1o y mediano). Al comprarlo, apoyas a la Fundaci\u00f3n 0 Barreras.<\/p>","protected":false},"featured_media":4223,"comment_status":"open","ping_status":"closed","template":"","meta":[],"product_cat":[227,229],"product_tag":[],"class_list":["post-4222","product","type-product","status-publish","has-post-thumbnail","hentry","product_cat-productos-parlantes","product_cat-relojes-parlantes-productos-parlantes"],"_links":{"self":[{"href":"https:\/\/0barreras.com\/en\/wp-json\/wp\/v2\/product\/4222","targetHints":{"allow":["GET"]}}],"collection":[{"href":"https:\/\/0barreras.com\/en\/wp-json\/wp\/v2\/product"}],"about":[{"href":"https:\/\/0barreras.com\/en\/wp-json\/wp\/v2\/types\/product"}],"replies":[{"embeddable":true,"href":"https:\/\/0barreras.com\/en\/wp-json\/wp\/v2\/comments?post=4222"}],"version-history":[{"count":2,"href":"https:\/\/0barreras.com\/en\/wp-json\/wp\/v2\/product\/4222\/revisions"}],"predecessor-version":[{"id":4735,"href":"https:\/\/0barreras.com\/en\/wp-json\/wp\/v2\/product\/4222\/revisions\/4735"}],"wp:featuredmedia":[{"embeddable":true,"href":"https:\/\/0barreras.com\/en\/wp-json\/wp\/v2\/media\/4223"}],"wp:attachment":[{"href":"https:\/\/0barreras.com\/en\/wp-json\/wp\/v2\/media?parent=4222"}],"wp:term":[{"taxonomy":"product_cat","embeddable":true,"href":"https:\/\/0barreras.com\/en\/wp-json\/wp\/v2\/product_cat?post=4222"},{"taxonomy":"product_tag","embeddable":true,"href":"https:\/\/0barreras.com\/en\/wp-json\/wp\/v2\/product_tag?post=4222"}],"curies":[{"name":"wp","href":"https:\/\/api.w.org\/{rel}","templated":true}]}}