{"id":422,"date":"2024-01-23T19:35:26","date_gmt":"2024-01-24T00:35:26","guid":{"rendered":"https:\/\/0barreras.com\/?post_type=product&#038;p=422"},"modified":"2024-01-23T19:40:24","modified_gmt":"2024-01-24T00:40:24","slug":"soporte-de-lectura-para-lupa-schweizer-ergo-7x","status":"publish","type":"product","link":"https:\/\/0barreras.com\/en\/product\/soporte-de-lectura-para-lupa-schweizer-ergo-7x\/","title":{"rendered":"Soporte de lectura para lupa Schweizer ERGO 7X"},"content":{"rendered":"<p>Los soportes de lectura y escritura ERGO mobil base convierten cualquier lupa de mano Schweizer ERGO-Lux MP mobil o ERGO-Lux i mobil en una lupa de pie sin comprometer la calidad de la imagen. Encaje la lupa ERGO de bolsillo en el soporte y se establecer\u00e1 la distancia focal exacta para la intensidad de aumento de una lupa en particular. Esta base m\u00f3vil opcional debe comprarse para la potencia espec\u00edfica de una lupa determinada, ya que establece la distancia de trabajo para esa potencia. Esto permite al usuario colocar la lupa en el soporte directamente sobre el material de lectura y no tener dificultades para encontrar la distancia de trabajo correcta.<\/p>\n<p>Aqu\u00ed se presenta el soporte de lectura para la lupa de mano Schweizer 24D \/ 7X. Se apoya sobre el papel para proporcionar una lectura manos libres en forma de lupa de pie. Solo se puede utilizar con cualquiera de las dos lupas Schweizer 7X ERGO.<\/p>","protected":false},"excerpt":{"rendered":"<p>Aqu\u00ed se presenta el soporte de lectura para la lupa de mano Schweizer 24D \/ 7X. Se apoya sobre el papel para proporcionar una lectura manos libres en forma de lupa de pie. Solo se puede utilizar con cualquiera de las dos lupas Schweizer 7X ERGO.<\/p>","protected":false},"featured_media":420,"comment_status":"open","ping_status":"closed","template":"","meta":[],"product_cat":[42,56,53],"product_tag":[],"class_list":["post-422","product","type-product","status-publish","has-post-thumbnail","hentry","product_cat-accesorios","product_cat-accesorios-schweizer","product_cat-lupas-schweizer-lupas"],"_links":{"self":[{"href":"https:\/\/0barreras.com\/en\/wp-json\/wp\/v2\/product\/422","targetHints":{"allow":["GET"]}}],"collection":[{"href":"https:\/\/0barreras.com\/en\/wp-json\/wp\/v2\/product"}],"about":[{"href":"https:\/\/0barreras.com\/en\/wp-json\/wp\/v2\/types\/product"}],"replies":[{"embeddable":true,"href":"https:\/\/0barreras.com\/en\/wp-json\/wp\/v2\/comments?post=422"}],"version-history":[{"count":0,"href":"https:\/\/0barreras.com\/en\/wp-json\/wp\/v2\/product\/422\/revisions"}],"wp:featuredmedia":[{"embeddable":true,"href":"https:\/\/0barreras.com\/en\/wp-json\/wp\/v2\/media\/420"}],"wp:attachment":[{"href":"https:\/\/0barreras.com\/en\/wp-json\/wp\/v2\/media?parent=422"}],"wp:term":[{"taxonomy":"product_cat","embeddable":true,"href":"https:\/\/0barreras.com\/en\/wp-json\/wp\/v2\/product_cat?post=422"},{"taxonomy":"product_tag","embeddable":true,"href":"https:\/\/0barreras.com\/en\/wp-json\/wp\/v2\/product_tag?post=422"}],"curies":[{"name":"wp","href":"https:\/\/api.w.org\/{rel}","templated":true}]}}