{"id":4218,"date":"2024-06-18T02:16:46","date_gmt":"2024-06-18T07:16:46","guid":{"rendered":"https:\/\/0barreras.com\/?post_type=product&#038;p=4218"},"modified":"2024-07-14T06:04:15","modified_gmt":"2024-07-14T11:04:15","slug":"podometro-parlante","status":"publish","type":"product","link":"https:\/\/0barreras.com\/en\/product\/podometro-parlante\/","title":{"rendered":"Pod\u00f3metro Parlante Multifuncional para Actividad F\u00edsica y Despertador"},"content":{"rendered":"<p>El Pod\u00f3metro Parlante es la herramienta ideal para mantenerte en forma con un r\u00e9gimen de actividad regular. Este dispositivo no solo cuenta tus pasos, sino que tambi\u00e9n te informa sobre la distancia recorrida, ya sea en millas o kil\u00f3metros, lo que te permite monitorear y ajustar tu rutina de ejercicio con facilidad. Gracias a su funcionalidad de anuncio por voz, puedes obtener actualizaciones instant\u00e1neas sobre tus pasos y distancia sin tener que detenerte a revisar la pantalla, lo cual es especialmente \u00fatil para personas con discapacidades visuales.<\/p>\n<p>Adem\u00e1s, el Pod\u00f3metro Parlante incluye un despertador parlante que anuncia la hora, proporcionando un valor a\u00f1adido al mantenerte informado sin esfuerzo adicional. Este dispositivo es compacto y ligero, funcionando con una sola pila CR2025, que ya viene incluida, garantizando una larga duraci\u00f3n y una f\u00e1cil sustituci\u00f3n.<\/p>\n<p>Al elegir nuestro Pod\u00f3metro Parlante, no solo est\u00e1s adquiriendo un producto de alta calidad y funcionalidad, sino que tambi\u00e9n est\u00e1s colaborando con la Fundaci\u00f3n 0 Barreras, apoyando nuestra misi\u00f3n de mejorar la calidad de vida de las personas con discapacidades. Este pod\u00f3metro no solo te ayuda a mantenerte en forma, sino que tambi\u00e9n contribuye a una causa noble.<\/p>","protected":false},"excerpt":{"rendered":"<p>El Pod\u00f3metro Parlante te ayuda a mantenerte en forma con un r\u00e9gimen de actividad regular. Anuncia los resultados por pasos y distancia (millas o kil\u00f3metros) y cuenta con un despertador parlante. Funciona con una pila CR2025 incluida. Al comprarlo, apoyas a la Fundaci\u00f3n 0 Barreras.<\/p>","protected":false},"featured_media":4219,"comment_status":"open","ping_status":"closed","template":"","meta":[],"product_cat":[234,227,229],"product_tag":[],"class_list":["post-4218","product","type-product","status-publish","has-post-thumbnail","hentry","product_cat-fitness","product_cat-productos-parlantes","product_cat-relojes-parlantes-productos-parlantes"],"_links":{"self":[{"href":"https:\/\/0barreras.com\/en\/wp-json\/wp\/v2\/product\/4218","targetHints":{"allow":["GET"]}}],"collection":[{"href":"https:\/\/0barreras.com\/en\/wp-json\/wp\/v2\/product"}],"about":[{"href":"https:\/\/0barreras.com\/en\/wp-json\/wp\/v2\/types\/product"}],"replies":[{"embeddable":true,"href":"https:\/\/0barreras.com\/en\/wp-json\/wp\/v2\/comments?post=4218"}],"version-history":[{"count":2,"href":"https:\/\/0barreras.com\/en\/wp-json\/wp\/v2\/product\/4218\/revisions"}],"predecessor-version":[{"id":4731,"href":"https:\/\/0barreras.com\/en\/wp-json\/wp\/v2\/product\/4218\/revisions\/4731"}],"wp:featuredmedia":[{"embeddable":true,"href":"https:\/\/0barreras.com\/en\/wp-json\/wp\/v2\/media\/4219"}],"wp:attachment":[{"href":"https:\/\/0barreras.com\/en\/wp-json\/wp\/v2\/media?parent=4218"}],"wp:term":[{"taxonomy":"product_cat","embeddable":true,"href":"https:\/\/0barreras.com\/en\/wp-json\/wp\/v2\/product_cat?post=4218"},{"taxonomy":"product_tag","embeddable":true,"href":"https:\/\/0barreras.com\/en\/wp-json\/wp\/v2\/product_tag?post=4218"}],"curies":[{"name":"wp","href":"https:\/\/api.w.org\/{rel}","templated":true}]}}