{"id":421,"date":"2024-01-23T19:34:08","date_gmt":"2024-01-24T00:34:08","guid":{"rendered":"https:\/\/0barreras.com\/?post_type=product&#038;p=421"},"modified":"2024-01-23T19:35:22","modified_gmt":"2024-01-24T00:35:22","slug":"soporte-de-lectura-para-lupa-schweizer-ergo-6x","status":"publish","type":"product","link":"https:\/\/0barreras.com\/en\/product\/soporte-de-lectura-para-lupa-schweizer-ergo-6x\/","title":{"rendered":"Soporte de lectura para lupa Schweizer ERGO 6X"},"content":{"rendered":"<p>Los soportes de lectura y escritura ERGO mobil base convierten cualquier lupa de mano Schweizer ERGO-Lux MP mobil o ERGO-Lux i mobil en una lupa de pie sin comprometer la calidad de la imagen. Encaje la lupa ERGO de bolsillo en el soporte y se establecer\u00e1 la distancia focal exacta para la intensidad de aumento de una lupa en particular. Esta base m\u00f3vil opcional debe comprarse para la potencia espec\u00edfica de una lupa determinada, ya que establece la distancia de trabajo para esa potencia. Esto permite al usuario colocar la lupa en el soporte directamente sobre el material de lectura y no tener dificultades para encontrar la distancia de trabajo correcta.<\/p>\n<p>Aqu\u00ed se muestra el soporte de lectura para la lupa de mano Schweizer 20D \/ 6X. Se apoya sobre el papel para proporcionar una lectura manos libres en forma de lupa de pie. Solo se puede utilizar con cualquiera de las dos lupas Schweizer 6X ERGO. El soporte 6X tambi\u00e9n se puede utilizar en posici\u00f3n vertical para permitir el aumento de manos libres frente a la lente de aumento.<\/p>","protected":false},"excerpt":{"rendered":"<p>Aqu\u00ed se muestra el soporte de lectura para la lupa de mano Schweizer 20D \/ 6X. Se apoya sobre el papel para proporcionar una lectura manos libres en forma de lupa de pie. Solo se puede utilizar con cualquiera de las dos lupas Schweizer 6X ERGO. El soporte 6X tambi\u00e9n se puede utilizar en posici\u00f3n vertical para permitir el aumento de manos libres frente a la lente de aumento.<\/p>","protected":false},"featured_media":420,"comment_status":"open","ping_status":"closed","template":"","meta":[],"product_cat":[42,56,53],"product_tag":[],"class_list":["post-421","product","type-product","status-publish","has-post-thumbnail","hentry","product_cat-accesorios","product_cat-accesorios-schweizer","product_cat-lupas-schweizer-lupas"],"_links":{"self":[{"href":"https:\/\/0barreras.com\/en\/wp-json\/wp\/v2\/product\/421","targetHints":{"allow":["GET"]}}],"collection":[{"href":"https:\/\/0barreras.com\/en\/wp-json\/wp\/v2\/product"}],"about":[{"href":"https:\/\/0barreras.com\/en\/wp-json\/wp\/v2\/types\/product"}],"replies":[{"embeddable":true,"href":"https:\/\/0barreras.com\/en\/wp-json\/wp\/v2\/comments?post=421"}],"version-history":[{"count":0,"href":"https:\/\/0barreras.com\/en\/wp-json\/wp\/v2\/product\/421\/revisions"}],"wp:featuredmedia":[{"embeddable":true,"href":"https:\/\/0barreras.com\/en\/wp-json\/wp\/v2\/media\/420"}],"wp:attachment":[{"href":"https:\/\/0barreras.com\/en\/wp-json\/wp\/v2\/media?parent=421"}],"wp:term":[{"taxonomy":"product_cat","embeddable":true,"href":"https:\/\/0barreras.com\/en\/wp-json\/wp\/v2\/product_cat?post=421"},{"taxonomy":"product_tag","embeddable":true,"href":"https:\/\/0barreras.com\/en\/wp-json\/wp\/v2\/product_tag?post=421"}],"curies":[{"name":"wp","href":"https:\/\/api.w.org\/{rel}","templated":true}]}}