{"id":4195,"date":"2024-06-17T04:30:58","date_gmt":"2024-06-17T09:30:58","guid":{"rendered":"https:\/\/0barreras.com\/?post_type=product&#038;p=4195"},"modified":"2024-07-13T13:17:20","modified_gmt":"2024-07-13T18:17:20","slug":"extender-las-agujas-para-los-ojos","status":"publish","type":"product","link":"https:\/\/0barreras.com\/en\/product\/extender-las-agujas-para-los-ojos\/","title":{"rendered":"Aguja de F\u00e1cil Enhebrado &#8211; 5,4 cm, Sin Enhebrador Necesario"},"content":{"rendered":"<p>La aguja de f\u00e1cil enhebrado est\u00e1 dise\u00f1ada para simplificar el proceso de enhebrar, eliminando la necesidad de un enhebrador de agujas. Esta aguja innovadora acepta hilos y hebras de todos los tama\u00f1os, gracias a su dise\u00f1o \u00fanico con una divisi\u00f3n de 4,11 cm en el centro. Para enhebrar, simplemente separa la aguja, inserta el hilo y su\u00e9ltalo. Un ligero tir\u00f3n del hilo lo bloquea firmemente en cada extremo de la aguja, asegurando que el hilo permanezca en su lugar mientras trabajas.<\/p>\n<p>Con una longitud total de 5,4 cm, esta aguja es ideal para una variedad de proyectos de costura, desde reparaciones b\u00e1sicas hasta trabajos m\u00e1s detallados. La aguja viene empaquetada individualmente, ofreciendo comodidad y facilidad de uso.<\/p>\n<p>Fabricada con materiales de alta calidad, esta aguja garantiza durabilidad y rendimiento, haciendo que tus proyectos de costura sean m\u00e1s sencillos y eficientes. Al adquirir este producto, no solo est\u00e1s invirtiendo en una herramienta de alta calidad, sino que tambi\u00e9n est\u00e1s colaborando con la Fundaci\u00f3n 0 Barreras, apoyando a personas con diversas discapacidades.<\/p>","protected":false},"excerpt":{"rendered":"<p>La aguja de f\u00e1cil enhebrado, con una divisi\u00f3n de 4,11 cm, acepta hilos de todos los tama\u00f1os y se enhebra sin necesidad de un enhebrador. Cada aguja de 5,4 cm viene empaquetada individualmente. Con tu compra, colaboras con la Fundaci\u00f3n 0 Barreras.<\/p>","protected":false},"featured_media":4196,"comment_status":"open","ping_status":"closed","template":"","meta":[],"product_cat":[225,217],"product_tag":[],"class_list":["post-4195","product","type-product","status-publish","has-post-thumbnail","hentry","product_cat-costura-y-manualidades","product_cat-productos-de-ayuda-para-la-vida-diaria"],"_links":{"self":[{"href":"https:\/\/0barreras.com\/en\/wp-json\/wp\/v2\/product\/4195","targetHints":{"allow":["GET"]}}],"collection":[{"href":"https:\/\/0barreras.com\/en\/wp-json\/wp\/v2\/product"}],"about":[{"href":"https:\/\/0barreras.com\/en\/wp-json\/wp\/v2\/types\/product"}],"replies":[{"embeddable":true,"href":"https:\/\/0barreras.com\/en\/wp-json\/wp\/v2\/comments?post=4195"}],"version-history":[{"count":2,"href":"https:\/\/0barreras.com\/en\/wp-json\/wp\/v2\/product\/4195\/revisions"}],"predecessor-version":[{"id":4706,"href":"https:\/\/0barreras.com\/en\/wp-json\/wp\/v2\/product\/4195\/revisions\/4706"}],"wp:featuredmedia":[{"embeddable":true,"href":"https:\/\/0barreras.com\/en\/wp-json\/wp\/v2\/media\/4196"}],"wp:attachment":[{"href":"https:\/\/0barreras.com\/en\/wp-json\/wp\/v2\/media?parent=4195"}],"wp:term":[{"taxonomy":"product_cat","embeddable":true,"href":"https:\/\/0barreras.com\/en\/wp-json\/wp\/v2\/product_cat?post=4195"},{"taxonomy":"product_tag","embeddable":true,"href":"https:\/\/0barreras.com\/en\/wp-json\/wp\/v2\/product_tag?post=4195"}],"curies":[{"name":"wp","href":"https:\/\/api.w.org\/{rel}","templated":true}]}}