{"id":4193,"date":"2024-06-17T04:29:39","date_gmt":"2024-06-17T09:29:39","guid":{"rendered":"https:\/\/0barreras.com\/?post_type=product&#038;p=4193"},"modified":"2024-07-13T13:13:03","modified_gmt":"2024-07-13T18:13:03","slug":"enhebradores-de-agujas-de-bucle-de-alambre","status":"publish","type":"product","link":"https:\/\/0barreras.com\/en\/product\/enhebradores-de-agujas-de-bucle-de-alambre\/","title":{"rendered":"Set de 10 Enhebradores de Agujas con Bucle de Alambre &#8211; F\u00e1cil y Eficiente"},"content":{"rendered":"<p>El enhebrador de agujas de bucle de alambre est\u00e1 dise\u00f1ado para hacer que el proceso de\u00a0 enhebrar una aguja sea m\u00e1s f\u00e1cil y eficiente. Este ingenioso dispositivo crea un bucle flexible pero firme que se puede empujar a trav\u00e9s del ojo de una aguja. Una vez que el bucle de alambre est\u00e1 a trav\u00e9s del ojo, el hilo se pasa a trav\u00e9s de la abertura m\u00e1s grande del bucle y se tira hacia atr\u00e1s a trav\u00e9s del ojo de la aguja. Este m\u00e9todo simplifica significativamente el enhebrado, ya que es mucho m\u00e1s f\u00e1cil empujar el lazo de alambre a trav\u00e9s del ojo de la aguja que empujar el hilo directamente.<\/p>\n<p>El paquete incluye 10 enhebradores, asegurando que siempre tendr\u00e1s uno disponible cuando lo necesites. Estos enhebradores son compactos y f\u00e1ciles de almacenar, haciendo que sean una adici\u00f3n pr\u00e1ctica a cualquier kit de costura. Adem\u00e1s, el dise\u00f1o de bucle de alambre es lo suficientemente duradero para un uso repetido, garantizando que puedas confiar en ellos para m\u00faltiples proyectos de costura.<\/p>\n<p>Al adquirir este producto, no solo est\u00e1s invirtiendo en una herramienta de alta calidad que mejorar\u00e1 tu experiencia de costura, sino que tambi\u00e9n est\u00e1s colaborando con la Fundaci\u00f3n 0 Barreras, apoyando a personas con diversas discapacidades.<\/p>","protected":false},"excerpt":{"rendered":"<p>El enhebrador de agujas de bucle de alambre facilita el enhebrado creando un bucle flexible y firme que se pasa a trav\u00e9s del ojo de la aguja, simplificando el proceso. El paquete incluye 10 enhebradores, perfectos para cualquier kit de costura. Con tu compra, colaboras con la Fundaci\u00f3n 0 Barreras.<\/p>","protected":false},"featured_media":4194,"comment_status":"open","ping_status":"closed","template":"","meta":[],"product_cat":[225,217],"product_tag":[],"class_list":["post-4193","product","type-product","status-publish","has-post-thumbnail","hentry","product_cat-costura-y-manualidades","product_cat-productos-de-ayuda-para-la-vida-diaria"],"_links":{"self":[{"href":"https:\/\/0barreras.com\/en\/wp-json\/wp\/v2\/product\/4193","targetHints":{"allow":["GET"]}}],"collection":[{"href":"https:\/\/0barreras.com\/en\/wp-json\/wp\/v2\/product"}],"about":[{"href":"https:\/\/0barreras.com\/en\/wp-json\/wp\/v2\/types\/product"}],"replies":[{"embeddable":true,"href":"https:\/\/0barreras.com\/en\/wp-json\/wp\/v2\/comments?post=4193"}],"version-history":[{"count":2,"href":"https:\/\/0barreras.com\/en\/wp-json\/wp\/v2\/product\/4193\/revisions"}],"predecessor-version":[{"id":4704,"href":"https:\/\/0barreras.com\/en\/wp-json\/wp\/v2\/product\/4193\/revisions\/4704"}],"wp:featuredmedia":[{"embeddable":true,"href":"https:\/\/0barreras.com\/en\/wp-json\/wp\/v2\/media\/4194"}],"wp:attachment":[{"href":"https:\/\/0barreras.com\/en\/wp-json\/wp\/v2\/media?parent=4193"}],"wp:term":[{"taxonomy":"product_cat","embeddable":true,"href":"https:\/\/0barreras.com\/en\/wp-json\/wp\/v2\/product_cat?post=4193"},{"taxonomy":"product_tag","embeddable":true,"href":"https:\/\/0barreras.com\/en\/wp-json\/wp\/v2\/product_tag?post=4193"}],"curies":[{"name":"wp","href":"https:\/\/api.w.org\/{rel}","templated":true}]}}