{"id":4189,"date":"2024-06-17T04:27:28","date_gmt":"2024-06-17T09:27:28","guid":{"rendered":"https:\/\/0barreras.com\/?post_type=product&#038;p=4189"},"modified":"2024-07-13T12:53:21","modified_gmt":"2024-07-13T17:53:21","slug":"enhebrador-de-aguja-de-mano","status":"publish","type":"product","link":"https:\/\/0barreras.com\/en\/product\/enhebrador-de-aguja-de-mano\/","title":{"rendered":"Enhebrador de Aguja de Mano &#8211; F\u00e1cil de Usar y Multicolor"},"content":{"rendered":"<p>El enhebrador de aguja de mano est\u00e1 dise\u00f1ado para simplificar el proceso de enhebrado, convirtiendo una tarea a menudo frustrante en algo r\u00e1pido y sencillo. Este dispositivo innovador permite insertar el ojo de la aguja en la parte superior y utiliza una gu\u00eda de hilo para tirar del hilo a trav\u00e9s del ojo de la aguja con facilidad. Esta caracter\u00edstica elimina la necesidad de esforzar la vista o de utilizar m\u00e9todos engorrosos.<\/p>\n<p>Fabricado con pl\u00e1stico brillante y multicolor, este enhebrador es f\u00e1cil de detectar entre otras herramientas de costura, asegurando que siempre lo tendr\u00e1s a mano cuando lo necesites. Su dise\u00f1o compacto y ergon\u00f3mico facilita su uso y almacenamiento, haci\u00e9ndolo una adici\u00f3n pr\u00e1ctica a cualquier kit de costura.<\/p>\n<p>Cada paquete incluye varios enhebradores, garantizando que siempre tendr\u00e1s uno disponible. Al adquirir este producto, no solo est\u00e1s invirtiendo en una herramienta de alta calidad que mejorar\u00e1 tu experiencia de costura, sino que tambi\u00e9n est\u00e1s colaborando con la Fundaci\u00f3n 0 Barreras, apoyando a personas con diversas discapacidades.<\/p>","protected":false},"excerpt":{"rendered":"<p>El enhebrador de aguja de mano facilita el enhebrado con su gu\u00eda de hilo que pasa el hilo por el ojo de la aguja de manera eficiente. Hecho de pl\u00e1stico brillante y multicolor, es f\u00e1cil de encontrar entre tus herramientas de costura. Con tu compra, colaboras con la Fundaci\u00f3n 0 Barreras.<\/p>","protected":false},"featured_media":4190,"comment_status":"open","ping_status":"closed","template":"","meta":[],"product_cat":[225,217],"product_tag":[],"class_list":["post-4189","product","type-product","status-publish","has-post-thumbnail","hentry","product_cat-costura-y-manualidades","product_cat-productos-de-ayuda-para-la-vida-diaria"],"_links":{"self":[{"href":"https:\/\/0barreras.com\/en\/wp-json\/wp\/v2\/product\/4189","targetHints":{"allow":["GET"]}}],"collection":[{"href":"https:\/\/0barreras.com\/en\/wp-json\/wp\/v2\/product"}],"about":[{"href":"https:\/\/0barreras.com\/en\/wp-json\/wp\/v2\/types\/product"}],"replies":[{"embeddable":true,"href":"https:\/\/0barreras.com\/en\/wp-json\/wp\/v2\/comments?post=4189"}],"version-history":[{"count":2,"href":"https:\/\/0barreras.com\/en\/wp-json\/wp\/v2\/product\/4189\/revisions"}],"predecessor-version":[{"id":4700,"href":"https:\/\/0barreras.com\/en\/wp-json\/wp\/v2\/product\/4189\/revisions\/4700"}],"wp:featuredmedia":[{"embeddable":true,"href":"https:\/\/0barreras.com\/en\/wp-json\/wp\/v2\/media\/4190"}],"wp:attachment":[{"href":"https:\/\/0barreras.com\/en\/wp-json\/wp\/v2\/media?parent=4189"}],"wp:term":[{"taxonomy":"product_cat","embeddable":true,"href":"https:\/\/0barreras.com\/en\/wp-json\/wp\/v2\/product_cat?post=4189"},{"taxonomy":"product_tag","embeddable":true,"href":"https:\/\/0barreras.com\/en\/wp-json\/wp\/v2\/product_tag?post=4189"}],"curies":[{"name":"wp","href":"https:\/\/api.w.org\/{rel}","templated":true}]}}