{"id":4187,"date":"2024-06-17T04:27:19","date_gmt":"2024-06-17T09:27:19","guid":{"rendered":"https:\/\/0barreras.com\/?post_type=product&#038;p=4187"},"modified":"2024-07-13T12:47:31","modified_gmt":"2024-07-13T17:47:31","slug":"enhebradores-de-agujas-de-alambre-con-mango-de-plastico","status":"publish","type":"product","link":"https:\/\/0barreras.com\/en\/product\/enhebradores-de-agujas-de-alambre-con-mango-de-plastico\/","title":{"rendered":"Enhebrador de Agujas con Mango Pl\u00e1stico &#8211; Paquete de 3"},"content":{"rendered":"<p>El enhebrador de agujas basado en alambre es una herramienta esencial para cualquier amante de la costura, facilitando una de las tareas m\u00e1s tediosas del proceso. Este enhebrador cuenta con un bucle de alambre que crea un orificio m\u00e1s grande, permitiendo empujar el hilo a trav\u00e9s del ojo de la aguja con facilidad. El bucle es flexible, capaz de apretarse y pasar a trav\u00e9s del ojo de la aguja, y luego expandirse para crear un gran orificio de enhebrado, simplificando la inserci\u00f3n del hilo. Una vez que el hilo est\u00e1 en el bucle, simplemente se tira hacia atr\u00e1s a trav\u00e9s del ojo de la aguja para completarse el enhebrado.<\/p>\n<p>El enhebrador cuenta con un mango de pl\u00e1stico robusto, que ofrece mayor resistencia y durabilidad en comparaci\u00f3n con los enhebradores de metal m\u00e1s delgados. Este dise\u00f1o ergon\u00f3mico es f\u00e1cil de agarrar y sostener, haciendo que el proceso de enhebrado sea m\u00e1s c\u00f3modo y eficiente. Adem\u00e1s, su color rojo brillante facilita encontrarlo r\u00e1pidamente entre otros art\u00edculos en su canasta de costura.<\/p>\n<p>Cada paquete incluye tres enhebradores, garantizando que siempre tendr\u00e1s uno a mano cuando lo necesites. Al adquirir este producto, no solo est\u00e1s invirtiendo en una herramienta de alta calidad que simplificar\u00e1 tu experiencia de costura, sino que tambi\u00e9n est\u00e1s colaborando con la Fundaci\u00f3n 0 Barreras, apoyando a personas con diversas discapacidades.<\/p>","protected":false},"excerpt":{"rendered":"<p>El enhebrador de agujas basado en alambre, con su bucle flexible y mango de pl\u00e1stico robusto, facilita el enhebrado de agujas de manera eficiente. Su color rojo brillante es f\u00e1cil de detectar en tu canasta de costura. El paquete incluye tres enhebradores. Con tu compra, colaboras con la Fundaci\u00f3n 0 Barreras.<\/p>","protected":false},"featured_media":4188,"comment_status":"open","ping_status":"closed","template":"","meta":[],"product_cat":[225,217],"product_tag":[],"class_list":["post-4187","product","type-product","status-publish","has-post-thumbnail","hentry","product_cat-costura-y-manualidades","product_cat-productos-de-ayuda-para-la-vida-diaria"],"_links":{"self":[{"href":"https:\/\/0barreras.com\/en\/wp-json\/wp\/v2\/product\/4187","targetHints":{"allow":["GET"]}}],"collection":[{"href":"https:\/\/0barreras.com\/en\/wp-json\/wp\/v2\/product"}],"about":[{"href":"https:\/\/0barreras.com\/en\/wp-json\/wp\/v2\/types\/product"}],"replies":[{"embeddable":true,"href":"https:\/\/0barreras.com\/en\/wp-json\/wp\/v2\/comments?post=4187"}],"version-history":[{"count":2,"href":"https:\/\/0barreras.com\/en\/wp-json\/wp\/v2\/product\/4187\/revisions"}],"predecessor-version":[{"id":4698,"href":"https:\/\/0barreras.com\/en\/wp-json\/wp\/v2\/product\/4187\/revisions\/4698"}],"wp:featuredmedia":[{"embeddable":true,"href":"https:\/\/0barreras.com\/en\/wp-json\/wp\/v2\/media\/4188"}],"wp:attachment":[{"href":"https:\/\/0barreras.com\/en\/wp-json\/wp\/v2\/media?parent=4187"}],"wp:term":[{"taxonomy":"product_cat","embeddable":true,"href":"https:\/\/0barreras.com\/en\/wp-json\/wp\/v2\/product_cat?post=4187"},{"taxonomy":"product_tag","embeddable":true,"href":"https:\/\/0barreras.com\/en\/wp-json\/wp\/v2\/product_tag?post=4187"}],"curies":[{"name":"wp","href":"https:\/\/api.w.org\/{rel}","templated":true}]}}