{"id":4180,"date":"2024-06-16T08:53:45","date_gmt":"2024-06-16T13:53:45","guid":{"rendered":"https:\/\/0barreras.com\/?post_type=product&#038;p=4180"},"modified":"2024-07-13T06:40:15","modified_gmt":"2024-07-13T11:40:15","slug":"tazas-medidoras-con-letra-grande-juego-de-4","status":"publish","type":"product","link":"https:\/\/0barreras.com\/en\/product\/tazas-medidoras-con-letra-grande-juego-de-4\/","title":{"rendered":"Juego de Tazas Medidoras Cl\u00e1sicas &#8211; 4 Piezas Blanco con Azul"},"content":{"rendered":"<p>Este cl\u00e1sico juego de cuatro tazas medidoras en blanco con azul es una herramienta indispensable para cualquier cocina. Dise\u00f1ado para proporcionar medidas precisas y facilitar la preparaci\u00f3n de recetas, cada taza presenta letras grandes y f\u00e1ciles de leer, lo que las hace ideales para personas con discapacidades visuales o cualquier persona que prefiera una mayor claridad en sus herramientas de cocina.<\/p>\n<p>El juego incluye las siguientes medidas: 1 taza, 1\/2 taza, 1\/3 taza y 1\/4 taza, cubriendo todas las necesidades de medici\u00f3n de ingredientes tanto para recetas dulces como saladas. Fabricadas con materiales duraderos y de alta calidad, estas tazas est\u00e1n dise\u00f1adas para resistir el uso diario y mantener su precisi\u00f3n con el tiempo.<\/p>\n<p>Al elegir este juego de tazas medidoras, est\u00e1 colaborando con la Fundaci\u00f3n 0 Barreras, una organizaci\u00f3n dedicada a mejorar la calidad de vida de personas con discapacidades. Su compra no solo le brinda un producto de alta calidad, sino que tambi\u00e9n contribuye a una noble causa.<\/p>","protected":false},"excerpt":{"rendered":"<p>Juego cl\u00e1sico de cuatro tazas medidoras en blanco con azul, con medidas de 1 taza, 1\/2 taza, 1\/3 taza y 1\/4 taza. Letras grandes y f\u00e1ciles de leer. Duraderas y precisas. Con su compra, apoya a la Fundaci\u00f3n 0 Barreras.<\/p>","protected":false},"featured_media":4181,"comment_status":"open","ping_status":"closed","template":"","meta":[],"product_cat":[223,217],"product_tag":[],"class_list":["post-4180","product","type-product","status-publish","has-post-thumbnail","hentry","product_cat-medicion","product_cat-productos-de-ayuda-para-la-vida-diaria"],"_links":{"self":[{"href":"https:\/\/0barreras.com\/en\/wp-json\/wp\/v2\/product\/4180","targetHints":{"allow":["GET"]}}],"collection":[{"href":"https:\/\/0barreras.com\/en\/wp-json\/wp\/v2\/product"}],"about":[{"href":"https:\/\/0barreras.com\/en\/wp-json\/wp\/v2\/types\/product"}],"replies":[{"embeddable":true,"href":"https:\/\/0barreras.com\/en\/wp-json\/wp\/v2\/comments?post=4180"}],"version-history":[{"count":2,"href":"https:\/\/0barreras.com\/en\/wp-json\/wp\/v2\/product\/4180\/revisions"}],"predecessor-version":[{"id":4692,"href":"https:\/\/0barreras.com\/en\/wp-json\/wp\/v2\/product\/4180\/revisions\/4692"}],"wp:featuredmedia":[{"embeddable":true,"href":"https:\/\/0barreras.com\/en\/wp-json\/wp\/v2\/media\/4181"}],"wp:attachment":[{"href":"https:\/\/0barreras.com\/en\/wp-json\/wp\/v2\/media?parent=4180"}],"wp:term":[{"taxonomy":"product_cat","embeddable":true,"href":"https:\/\/0barreras.com\/en\/wp-json\/wp\/v2\/product_cat?post=4180"},{"taxonomy":"product_tag","embeddable":true,"href":"https:\/\/0barreras.com\/en\/wp-json\/wp\/v2\/product_tag?post=4180"}],"curies":[{"name":"wp","href":"https:\/\/api.w.org\/{rel}","templated":true}]}}