{"id":4176,"date":"2024-06-16T08:48:19","date_gmt":"2024-06-16T13:48:19","guid":{"rendered":"https:\/\/0barreras.com\/?post_type=product&#038;p=4176"},"modified":"2024-07-13T06:31:38","modified_gmt":"2024-07-13T11:31:38","slug":"2x-bar-magnifer-de-8-pulgadas-de-largo-con-regla","status":"publish","type":"product","link":"https:\/\/0barreras.com\/en\/product\/2x-bar-magnifer-de-8-pulgadas-de-largo-con-regla\/","title":{"rendered":"Lupa de Barra Transparente de 25 cm con Bifocal 3X y Regla"},"content":{"rendered":"<p>Nuestra Lupa de Barra Transparente de 2X con Bifocal de 3X y Regla de 25 cm es la herramienta perfecta para quienes necesitan una visi\u00f3n ampliada para leer o trabajar en proyectos detallados. Con una longitud de 25 cm (10 pulgadas), esta lupa ofrece una amplificaci\u00f3n de 2X a lo largo de toda su longitud, permitiendo una lectura c\u00f3moda y sin esfuerzo. Adem\u00e1s, cuenta con una secci\u00f3n bifocal de 3X para una ampliaci\u00f3n a\u00fan mayor en \u00e1reas espec\u00edficas, facilitando la observaci\u00f3n de detalles minuciosos.<\/p>\n<p>Fabricada con materiales de alta calidad, la lupa es ligera y duradera, ideal para usar en casa, la oficina o llevarla consigo. Incorpora una regla en pulgadas en su dise\u00f1o, proporcionando una herramienta adicional para medir con precisi\u00f3n mientras trabaja. Su dise\u00f1o transparente permite una visualizaci\u00f3n clara y sin distorsiones, asegurando una experiencia de uso superior.<\/p>\n<p>Al elegir nuestra Lupa de Barra Transparente, est\u00e1 apoyando a la Fundaci\u00f3n 0 Barreras, una organizaci\u00f3n dedicada a mejorar la calidad de vida de personas con discapacidades. Su compra no solo le brinda un producto de alta calidad, sino que tambi\u00e9n contribuye a una noble causa.<\/p>","protected":false},"excerpt":{"rendered":"<p>Lupa de Barra Transparente de 25 cm (10 pulgadas) con amplificaci\u00f3n de 2X y bifocal de 3X. Incluye regla en pulgadas, ideal para lectura y proyectos detallados. Ligera y duradera. Con su compra, apoya a la Fundaci\u00f3n 0 Barreras.<\/p>","protected":false},"featured_media":4177,"comment_status":"open","ping_status":"closed","template":"","meta":[],"product_cat":[223,217],"product_tag":[],"class_list":["post-4176","product","type-product","status-publish","has-post-thumbnail","hentry","product_cat-medicion","product_cat-productos-de-ayuda-para-la-vida-diaria"],"_links":{"self":[{"href":"https:\/\/0barreras.com\/en\/wp-json\/wp\/v2\/product\/4176","targetHints":{"allow":["GET"]}}],"collection":[{"href":"https:\/\/0barreras.com\/en\/wp-json\/wp\/v2\/product"}],"about":[{"href":"https:\/\/0barreras.com\/en\/wp-json\/wp\/v2\/types\/product"}],"replies":[{"embeddable":true,"href":"https:\/\/0barreras.com\/en\/wp-json\/wp\/v2\/comments?post=4176"}],"version-history":[{"count":2,"href":"https:\/\/0barreras.com\/en\/wp-json\/wp\/v2\/product\/4176\/revisions"}],"predecessor-version":[{"id":4688,"href":"https:\/\/0barreras.com\/en\/wp-json\/wp\/v2\/product\/4176\/revisions\/4688"}],"wp:featuredmedia":[{"embeddable":true,"href":"https:\/\/0barreras.com\/en\/wp-json\/wp\/v2\/media\/4177"}],"wp:attachment":[{"href":"https:\/\/0barreras.com\/en\/wp-json\/wp\/v2\/media?parent=4176"}],"wp:term":[{"taxonomy":"product_cat","embeddable":true,"href":"https:\/\/0barreras.com\/en\/wp-json\/wp\/v2\/product_cat?post=4176"},{"taxonomy":"product_tag","embeddable":true,"href":"https:\/\/0barreras.com\/en\/wp-json\/wp\/v2\/product_tag?post=4176"}],"curies":[{"name":"wp","href":"https:\/\/api.w.org\/{rel}","templated":true}]}}