{"id":4171,"date":"2024-06-16T08:41:12","date_gmt":"2024-06-16T13:41:12","guid":{"rendered":"https:\/\/0barreras.com\/?post_type=product&#038;p=4171"},"modified":"2024-07-13T06:13:47","modified_gmt":"2024-07-13T11:13:47","slug":"ayuda-para-el-control-de-porciones-de-la-medida-de-las-comidas","status":"publish","type":"product","link":"https:\/\/0barreras.com\/en\/product\/ayuda-para-el-control-de-porciones-de-la-medida-de-las-comidas\/","title":{"rendered":"Gu\u00eda de Tama\u00f1o Meal Measure &#8211; Control de Porciones Equilibradas"},"content":{"rendered":"<p>Utilice la gu\u00eda de tama\u00f1o Meal Measure para servir porciones equilibradas de frutas, verduras, almidones y prote\u00ednas. Este pr\u00e1ctico dispositivo se coloca directamente en su plato, permiti\u00e9ndole llenar cada secci\u00f3n con el grupo de alimentos correspondiente y luego retirarla f\u00e1cilmente. Dise\u00f1ada para fomentar h\u00e1bitos alimenticios saludables, la Meal Measure ayuda a controlar las porciones, asegurando que no consuma en exceso ning\u00fan grupo de alimentos.<\/p>\n<p>Fabricada con materiales duraderos y seguros para los alimentos, la Meal Measure es f\u00e1cil de limpiar y reutilizable, convirti\u00e9ndola en una herramienta esencial para cualquier cocina. Ideal para personas con discapacidades visuales y auditivas, su dise\u00f1o intuitivo facilita la preparaci\u00f3n de comidas balanceadas sin complicaciones. Su uso no solo promueve una dieta equilibrada, sino que tambi\u00e9n apoya un estilo de vida saludable.<\/p>\n<p>Al elegir la gu\u00eda de tama\u00f1o Meal Measure, est\u00e1 colaborando con la Fundaci\u00f3n 0 Barreras, una organizaci\u00f3n dedicada a mejorar la calidad de vida de personas con discapacidades. Con su compra, no solo adquiere un producto de alta calidad, sino que tambi\u00e9n contribuye a una causa noble.<\/p>","protected":false},"excerpt":{"rendered":"<p>Sirve porciones equilibradas con la gu\u00eda de tama\u00f1o Meal Measure. Coloque en su plato, llene cada secci\u00f3n con alimentos y retire la gu\u00eda para evitar excesos. Ideal para personas con discapacidades visuales y auditivas. Con su compra, apoya a la Fundaci\u00f3n 0 Barreras.<\/p>","protected":false},"featured_media":4172,"comment_status":"open","ping_status":"closed","template":"","meta":[],"product_cat":[223,217],"product_tag":[],"class_list":["post-4171","product","type-product","status-publish","has-post-thumbnail","hentry","product_cat-medicion","product_cat-productos-de-ayuda-para-la-vida-diaria"],"_links":{"self":[{"href":"https:\/\/0barreras.com\/en\/wp-json\/wp\/v2\/product\/4171","targetHints":{"allow":["GET"]}}],"collection":[{"href":"https:\/\/0barreras.com\/en\/wp-json\/wp\/v2\/product"}],"about":[{"href":"https:\/\/0barreras.com\/en\/wp-json\/wp\/v2\/types\/product"}],"replies":[{"embeddable":true,"href":"https:\/\/0barreras.com\/en\/wp-json\/wp\/v2\/comments?post=4171"}],"version-history":[{"count":2,"href":"https:\/\/0barreras.com\/en\/wp-json\/wp\/v2\/product\/4171\/revisions"}],"predecessor-version":[{"id":4682,"href":"https:\/\/0barreras.com\/en\/wp-json\/wp\/v2\/product\/4171\/revisions\/4682"}],"wp:featuredmedia":[{"embeddable":true,"href":"https:\/\/0barreras.com\/en\/wp-json\/wp\/v2\/media\/4172"}],"wp:attachment":[{"href":"https:\/\/0barreras.com\/en\/wp-json\/wp\/v2\/media?parent=4171"}],"wp:term":[{"taxonomy":"product_cat","embeddable":true,"href":"https:\/\/0barreras.com\/en\/wp-json\/wp\/v2\/product_cat?post=4171"},{"taxonomy":"product_tag","embeddable":true,"href":"https:\/\/0barreras.com\/en\/wp-json\/wp\/v2\/product_tag?post=4171"}],"curies":[{"name":"wp","href":"https:\/\/api.w.org\/{rel}","templated":true}]}}