{"id":4169,"date":"2024-06-16T08:38:42","date_gmt":"2024-06-16T13:38:42","guid":{"rendered":"https:\/\/0barreras.com\/?post_type=product&#038;p=4169"},"modified":"2024-07-13T06:08:28","modified_gmt":"2024-07-13T11:08:28","slug":"indicador-de-nivel-de-liquido-de-9-voltios","status":"publish","type":"product","link":"https:\/\/0barreras.com\/en\/product\/indicador-de-nivel-de-liquido-de-9-voltios\/","title":{"rendered":"Indicador de Nivel de L\u00edquido de 9V &#8211; Evite Desbordamientos"},"content":{"rendered":"<p>Evite los desbordamientos mientras sirve su caf\u00e9 con nuestro innovador Indicador de Nivel de L\u00edquido. Este dispositivo pr\u00e1ctico cuelga f\u00e1cilmente sobre el borde de una taza y emite un sonido cuando el l\u00edquido se acerca a la parte superior, ayud\u00e1ndole a detenerse justo a tiempo. Equipado con un sistema de 2 etapas, el indicador emite un pitido lento a medida que el l\u00edquido se aproxima al borde y un pitido m\u00e1s r\u00e1pido y agudo cuando llega a la parte superior. Gracias a este sistema inteligente, \u00a1no tendr\u00e1 que preocuparse m\u00e1s por los desbordamientos desordenados!<\/p>\n<p>Nuestro Indicador de Nivel de L\u00edquido es alimentado por una bater\u00eda de 9 voltios, la cual est\u00e1 incluida, para que pueda usarlo de inmediato. Este producto es ideal para personas con discapacidades visuales y auditivas, ofreciendo una soluci\u00f3n sencilla y efectiva para evitar accidentes y mantener su entorno limpio. La precisi\u00f3n y confiabilidad de este dispositivo lo diferencian de otros productos en el mercado, haci\u00e9ndolo una herramienta indispensable en su cocina.<\/p>\n<p>Al elegir nuestro Indicador de Nivel de L\u00edquido, est\u00e1 apoyando a la Fundaci\u00f3n 0 Barreras, una organizaci\u00f3n comprometida con mejorar la calidad de vida de personas con discapacidades. Su compra no solo le brinda un producto de alta calidad, sino que tambi\u00e9n contribuye a una noble causa.<\/p>","protected":false},"excerpt":{"rendered":"<p>Evite desbordamientos con nuestro Indicador de Nivel de L\u00edquido de 9V. Emite un pitido lento y luego r\u00e1pido cuando el l\u00edquido se acerca a la parte superior de la taza, ofreciendo una soluci\u00f3n efectiva para personas con discapacidades visuales y auditivas. Incluye bater\u00eda. Con su compra, apoya a la Fundaci\u00f3n 0 Barreras.<\/p>","protected":false},"featured_media":4170,"comment_status":"open","ping_status":"closed","template":"","meta":[],"product_cat":[223,217],"product_tag":[],"class_list":["post-4169","product","type-product","status-publish","has-post-thumbnail","hentry","product_cat-medicion","product_cat-productos-de-ayuda-para-la-vida-diaria"],"_links":{"self":[{"href":"https:\/\/0barreras.com\/en\/wp-json\/wp\/v2\/product\/4169","targetHints":{"allow":["GET"]}}],"collection":[{"href":"https:\/\/0barreras.com\/en\/wp-json\/wp\/v2\/product"}],"about":[{"href":"https:\/\/0barreras.com\/en\/wp-json\/wp\/v2\/types\/product"}],"replies":[{"embeddable":true,"href":"https:\/\/0barreras.com\/en\/wp-json\/wp\/v2\/comments?post=4169"}],"version-history":[{"count":2,"href":"https:\/\/0barreras.com\/en\/wp-json\/wp\/v2\/product\/4169\/revisions"}],"predecessor-version":[{"id":4680,"href":"https:\/\/0barreras.com\/en\/wp-json\/wp\/v2\/product\/4169\/revisions\/4680"}],"wp:featuredmedia":[{"embeddable":true,"href":"https:\/\/0barreras.com\/en\/wp-json\/wp\/v2\/media\/4170"}],"wp:attachment":[{"href":"https:\/\/0barreras.com\/en\/wp-json\/wp\/v2\/media?parent=4169"}],"wp:term":[{"taxonomy":"product_cat","embeddable":true,"href":"https:\/\/0barreras.com\/en\/wp-json\/wp\/v2\/product_cat?post=4169"},{"taxonomy":"product_tag","embeddable":true,"href":"https:\/\/0barreras.com\/en\/wp-json\/wp\/v2\/product_tag?post=4169"}],"curies":[{"name":"wp","href":"https:\/\/api.w.org\/{rel}","templated":true}]}}