{"id":4167,"date":"2024-06-16T08:37:39","date_gmt":"2024-06-16T13:37:39","guid":{"rendered":"https:\/\/0barreras.com\/?post_type=product&#038;p=4167"},"modified":"2024-07-12T23:53:30","modified_gmt":"2024-07-13T04:53:30","slug":"indicador-de-nivel-de-liquido-vibratorio","status":"publish","type":"product","link":"https:\/\/0barreras.com\/en\/product\/indicador-de-nivel-de-liquido-vibratorio\/","title":{"rendered":"Indicador de Nivel de L\u00edquido con Alerta Sensorial y Pilas Incluidas"},"content":{"rendered":"<p>El indicador de nivel de l\u00edquido de menor tama\u00f1o es una herramienta innovadora dise\u00f1ada para facilitar la vida de las personas con discapacidad visual. Este dispositivo zumbar\u00e1 y vibrar\u00e1 cuando el l\u00edquido se acerque a la parte superior de un vaso, proporcionando una alerta sensorial que ayuda a evitar derrames. Adem\u00e1s, detecta dos niveles diferentes de l\u00edquido en el vaso y emite un ruido intermitente a medida que el l\u00edquido se acerca a la parte superior. Una vez que el l\u00edquido llega a la superficie, suena un tono continuo, asegurando una medici\u00f3n precisa.<\/p>\n<p>Este indicador de nivel de l\u00edquido utiliza 4 pilas de bot\u00f3n LR44, las cuales est\u00e1n incluidas, asegurando que puedas empezar a usarlo de inmediato. Su dise\u00f1o compacto lo hace f\u00e1cil de llevar y usar en cualquier lugar, brindando independencia y seguridad en la vida cotidiana.<\/p>\n<p>Al adquirir este producto, estar\u00e1s colaborando con la Fundaci\u00f3n 0 Barreras, apoyando a personas con discapacidades para mejorar su calidad de vida. Haz que tu d\u00eda a d\u00eda sea m\u00e1s f\u00e1cil y seguro mientras contribuyes a una causa noble.<\/p>","protected":false},"excerpt":{"rendered":"<p>El indicador de nivel de l\u00edquido de menor tama\u00f1o zumba y vibra cuando el l\u00edquido se acerca a la parte superior de un vaso. Detecta dos niveles de l\u00edquido y suena un tono continuo al llegar a la superficie. Incluye 4 pilas de bot\u00f3n LR44. Con tu compra, apoyas a la Fundaci\u00f3n 0 Barreras.<\/p>","protected":false},"featured_media":4168,"comment_status":"open","ping_status":"closed","template":"","meta":[],"product_cat":[223,217],"product_tag":[],"class_list":["post-4167","product","type-product","status-publish","has-post-thumbnail","hentry","product_cat-medicion","product_cat-productos-de-ayuda-para-la-vida-diaria"],"_links":{"self":[{"href":"https:\/\/0barreras.com\/en\/wp-json\/wp\/v2\/product\/4167","targetHints":{"allow":["GET"]}}],"collection":[{"href":"https:\/\/0barreras.com\/en\/wp-json\/wp\/v2\/product"}],"about":[{"href":"https:\/\/0barreras.com\/en\/wp-json\/wp\/v2\/types\/product"}],"replies":[{"embeddable":true,"href":"https:\/\/0barreras.com\/en\/wp-json\/wp\/v2\/comments?post=4167"}],"version-history":[{"count":2,"href":"https:\/\/0barreras.com\/en\/wp-json\/wp\/v2\/product\/4167\/revisions"}],"predecessor-version":[{"id":4678,"href":"https:\/\/0barreras.com\/en\/wp-json\/wp\/v2\/product\/4167\/revisions\/4678"}],"wp:featuredmedia":[{"embeddable":true,"href":"https:\/\/0barreras.com\/en\/wp-json\/wp\/v2\/media\/4168"}],"wp:attachment":[{"href":"https:\/\/0barreras.com\/en\/wp-json\/wp\/v2\/media?parent=4167"}],"wp:term":[{"taxonomy":"product_cat","embeddable":true,"href":"https:\/\/0barreras.com\/en\/wp-json\/wp\/v2\/product_cat?post=4167"},{"taxonomy":"product_tag","embeddable":true,"href":"https:\/\/0barreras.com\/en\/wp-json\/wp\/v2\/product_tag?post=4167"}],"curies":[{"name":"wp","href":"https:\/\/api.w.org\/{rel}","templated":true}]}}