{"id":4157,"date":"2024-06-16T08:29:17","date_gmt":"2024-06-16T13:29:17","guid":{"rendered":"https:\/\/0barreras.com\/?post_type=product&#038;p=4157"},"modified":"2024-07-11T22:51:26","modified_gmt":"2024-07-12T03:51:26","slug":"halos-pegatinas-tactiles-para-horno-transparentes-2-juegos-por-paquete","status":"publish","type":"product","link":"https:\/\/0barreras.com\/en\/product\/halos-pegatinas-tactiles-para-horno-transparentes-2-juegos-por-paquete\/","title":{"rendered":"Pegatinas T\u00e1ctiles Transparentes HALOS para Hornos 2 Juegos por Paquetes &#8211; Accesibilidad y Autonom\u00eda"},"content":{"rendered":"<p>Ofrecemos las pegatinas t\u00e1ctiles transparentes HALOS para hornos, dise\u00f1adas espec\u00edficamente para identificar las funciones m\u00e1s populares de tu horno.\u00a0 Estas 9 pegatinas autoadhesivas en relieve, distribuidas en 2 juegos, son ideales para personas ciegas o con discapacidad visual, permitiendo que puedan ver o sentir los botones que usan com\u00fanmente de manera sencilla y precisa.<\/p>\n<p>Cada pegatina tiene una forma \u00fanica que representa una funci\u00f3n espec\u00edfica del horno: el bot\u00f3n de inicio est\u00e1 marcado con un tri\u00e1ngulo lateral, el bot\u00f3n de cancelaci\u00f3n con una X, y hay pegatinas adicionales para funciones como hornear, asar, el temporizador, la configuraci\u00f3n de autolimpieza, entre otras. Estas formas t\u00e1ctiles elevadas proporcionan una experiencia de uso m\u00e1s accesible y aut\u00f3noma.<\/p>\n<p>HALOS, que significa Home Appliance Labeling and Overlay System (Sistema de Etiquetado y Superposici\u00f3n de Electrodom\u00e9sticos), es un innovador sistema de etiquetado t\u00e1ctil que mejora la accesibilidad de los electrodom\u00e9sticos. Las pegatinas de iconos t\u00e1ctiles se adhieren f\u00e1cilmente a las superficies t\u00e1ctiles de tus dispositivos, permiti\u00e9ndote identificar tanto la ubicaci\u00f3n como la funci\u00f3n de los botones mediante el tacto.<\/p>\n<p>Al adquirir estas pegatinas t\u00e1ctiles, no solo est\u00e1s mejorando tu calidad de vida, sino que tambi\u00e9n est\u00e1s colaborando con la Fundaci\u00f3n 0 Barreras, apoyando a todas las discapacidades.<\/p>","protected":false},"excerpt":{"rendered":"<p>Las pegatinas t\u00e1ctiles transparentes HALOS para hornos ofrecen una soluci\u00f3n innovadora para personas ciegas o con discapacidad visual, permitiendo identificar y usar las funciones m\u00e1s populares del horno al tacto. Cada paquete contiene 2 juegos de 9 pegatinas autoadhesivas que representan diferentes controles, mejorando la accesibilidad y autonom\u00eda. Con tu compra, est\u00e1s apoyando a la Fundaci\u00f3n 0 Barreras.<\/p>","protected":false},"featured_media":4158,"comment_status":"open","ping_status":"closed","template":"","meta":[],"product_cat":[222,217],"product_tag":[],"class_list":["post-4157","product","type-product","status-publish","has-post-thumbnail","hentry","product_cat-ayudas-para-la-cocina","product_cat-productos-de-ayuda-para-la-vida-diaria"],"_links":{"self":[{"href":"https:\/\/0barreras.com\/en\/wp-json\/wp\/v2\/product\/4157","targetHints":{"allow":["GET"]}}],"collection":[{"href":"https:\/\/0barreras.com\/en\/wp-json\/wp\/v2\/product"}],"about":[{"href":"https:\/\/0barreras.com\/en\/wp-json\/wp\/v2\/types\/product"}],"replies":[{"embeddable":true,"href":"https:\/\/0barreras.com\/en\/wp-json\/wp\/v2\/comments?post=4157"}],"version-history":[{"count":2,"href":"https:\/\/0barreras.com\/en\/wp-json\/wp\/v2\/product\/4157\/revisions"}],"predecessor-version":[{"id":4667,"href":"https:\/\/0barreras.com\/en\/wp-json\/wp\/v2\/product\/4157\/revisions\/4667"}],"wp:featuredmedia":[{"embeddable":true,"href":"https:\/\/0barreras.com\/en\/wp-json\/wp\/v2\/media\/4158"}],"wp:attachment":[{"href":"https:\/\/0barreras.com\/en\/wp-json\/wp\/v2\/media?parent=4157"}],"wp:term":[{"taxonomy":"product_cat","embeddable":true,"href":"https:\/\/0barreras.com\/en\/wp-json\/wp\/v2\/product_cat?post=4157"},{"taxonomy":"product_tag","embeddable":true,"href":"https:\/\/0barreras.com\/en\/wp-json\/wp\/v2\/product_tag?post=4157"}],"curies":[{"name":"wp","href":"https:\/\/api.w.org\/{rel}","templated":true}]}}