{"id":4151,"date":"2024-06-16T08:21:04","date_gmt":"2024-06-16T13:21:04","guid":{"rendered":"https:\/\/0barreras.com\/?post_type=product&#038;p=4151"},"modified":"2024-07-11T12:05:10","modified_gmt":"2024-07-11T17:05:10","slug":"pelador-de-frutas-y-verduras","status":"publish","type":"product","link":"https:\/\/0barreras.com\/en\/product\/pelador-de-frutas-y-verduras\/","title":{"rendered":"Pelador de Frutas y Verduras con Empu\u00f1adura de Dedo &#8211; Pelado Eficiente y Sin Esfuerzo"},"content":{"rendered":"<p>El pelador de frutas y verduras con empu\u00f1adura de dedo es la soluci\u00f3n perfecta para pelar de manera f\u00e1cil y c\u00f3moda. Simplemente deslice la empu\u00f1adura sobre su dedo y utilice la palma de la mano para deslizar el pelador sobre la superficie de frutas como manzanas, papas, zanahorias y m\u00e1s. Este dise\u00f1o innovador elimina la necesidad de agarrar constantemente el mango del pelador, proporcionando un pelado eficiente y sin esfuerzo.<\/p>\n<p>Fabricado con materiales de alta calidad, este pelador es seguro para lavavajillas en el estante superior, lo que facilita su limpieza y mantenimiento. Su dise\u00f1o compacto y ergon\u00f3mico asegura un agarre c\u00f3modo y seguro, adapt\u00e1ndose a diversas manos y facilitando su uso para personas con diferentes capacidades.<\/p>\n<p>Al adquirir este pelador de frutas y verduras, no solo estar\u00e1s simplificando tus tareas en la cocina, sino que tambi\u00e9n estar\u00e1s colaborando con la Fundaci\u00f3n 0 Barreras, apoyando a todas las discapacidades. Con tu compra, contribuyes a una causa noble mientras disfrutas de un producto pr\u00e1ctico y de calidad.<\/p>","protected":false},"excerpt":{"rendered":"<p>Pelador de frutas y verduras con empu\u00f1adura de dedo para un pelado f\u00e1cil y c\u00f3modo. Seguro para lavavajillas en el estante superior. Ideal para manzanas, papas, zanahorias y m\u00e1s. Colabora con la Fundaci\u00f3n 0 Barreras con tu compra.<\/p>","protected":false},"featured_media":4154,"comment_status":"open","ping_status":"closed","template":"","meta":[],"product_cat":[222,217],"product_tag":[],"class_list":["post-4151","product","type-product","status-publish","has-post-thumbnail","hentry","product_cat-ayudas-para-la-cocina","product_cat-productos-de-ayuda-para-la-vida-diaria"],"_links":{"self":[{"href":"https:\/\/0barreras.com\/en\/wp-json\/wp\/v2\/product\/4151","targetHints":{"allow":["GET"]}}],"collection":[{"href":"https:\/\/0barreras.com\/en\/wp-json\/wp\/v2\/product"}],"about":[{"href":"https:\/\/0barreras.com\/en\/wp-json\/wp\/v2\/types\/product"}],"replies":[{"embeddable":true,"href":"https:\/\/0barreras.com\/en\/wp-json\/wp\/v2\/comments?post=4151"}],"version-history":[{"count":2,"href":"https:\/\/0barreras.com\/en\/wp-json\/wp\/v2\/product\/4151\/revisions"}],"predecessor-version":[{"id":4663,"href":"https:\/\/0barreras.com\/en\/wp-json\/wp\/v2\/product\/4151\/revisions\/4663"}],"wp:featuredmedia":[{"embeddable":true,"href":"https:\/\/0barreras.com\/en\/wp-json\/wp\/v2\/media\/4154"}],"wp:attachment":[{"href":"https:\/\/0barreras.com\/en\/wp-json\/wp\/v2\/media?parent=4151"}],"wp:term":[{"taxonomy":"product_cat","embeddable":true,"href":"https:\/\/0barreras.com\/en\/wp-json\/wp\/v2\/product_cat?post=4151"},{"taxonomy":"product_tag","embeddable":true,"href":"https:\/\/0barreras.com\/en\/wp-json\/wp\/v2\/product_tag?post=4151"}],"curies":[{"name":"wp","href":"https:\/\/api.w.org\/{rel}","templated":true}]}}