{"id":4142,"date":"2024-06-16T08:08:02","date_gmt":"2024-06-16T13:08:02","guid":{"rendered":"https:\/\/0barreras.com\/?post_type=product&#038;p=4142"},"modified":"2024-07-11T11:46:05","modified_gmt":"2024-07-11T16:46:05","slug":"juego-de-cuchillos-florales-de-4-piezas","status":"publish","type":"product","link":"https:\/\/0barreras.com\/en\/product\/juego-de-cuchillos-florales-de-4-piezas\/","title":{"rendered":"Juego de Cuchillos de Cocina &#8211; Elegante y Duradero (Set de 4 Piezas)"},"content":{"rendered":"<p>Este juego de 4 cuchillos con patrones pintados sobre esmalte horneado sobre acero combina estilo y funcionalidad en tu cocina. Cada cuchillo est\u00e1 dise\u00f1ado para una tarea espec\u00edfica: pelar, bistec, chef y pan, proporcionando versatilidad y precisi\u00f3n en tus preparaciones culinarias. El esmalte horneado sobre acero no solo ofrece una apariencia elegante y moderna, sino que tambi\u00e9n garantiza durabilidad y resistencia al desgaste.<\/p>\n<p>El dise\u00f1o de f\u00e1cil agarre asegura comodidad y control durante el uso, reduciendo la fatiga de las manos y mejorando la seguridad. Estos cuchillos no solo son herramientas pr\u00e1cticas, sino que tambi\u00e9n a\u00f1aden un toque de sofisticaci\u00f3n a tu colecci\u00f3n de utensilios de cocina.<\/p>\n<p>Al adquirir este juego de cuchillos, no solo estar\u00e1s elevando tu experiencia culinaria, sino que tambi\u00e9n estar\u00e1s colaborando con la Fundaci\u00f3n 0 Barreras, apoyando a todas las discapacidades. Con tu compra, contribuyes a una causa noble mientras disfrutas de productos de alta calidad y dise\u00f1o.<\/p>","protected":false},"excerpt":{"rendered":"<p>Juego de 4 cuchillos con patrones pintados sobre esmalte horneado sobre acero: pelar, bistec, chef y pan. Dise\u00f1o de f\u00e1cil agarre para comodidad y control. Colabora con la Fundaci\u00f3n 0 Barreras con tu compra.<\/p>","protected":false},"featured_media":4146,"comment_status":"open","ping_status":"closed","template":"","meta":[],"product_cat":[222,217],"product_tag":[],"class_list":["post-4142","product","type-product","status-publish","has-post-thumbnail","hentry","product_cat-ayudas-para-la-cocina","product_cat-productos-de-ayuda-para-la-vida-diaria"],"_links":{"self":[{"href":"https:\/\/0barreras.com\/en\/wp-json\/wp\/v2\/product\/4142","targetHints":{"allow":["GET"]}}],"collection":[{"href":"https:\/\/0barreras.com\/en\/wp-json\/wp\/v2\/product"}],"about":[{"href":"https:\/\/0barreras.com\/en\/wp-json\/wp\/v2\/types\/product"}],"replies":[{"embeddable":true,"href":"https:\/\/0barreras.com\/en\/wp-json\/wp\/v2\/comments?post=4142"}],"version-history":[{"count":2,"href":"https:\/\/0barreras.com\/en\/wp-json\/wp\/v2\/product\/4142\/revisions"}],"predecessor-version":[{"id":4656,"href":"https:\/\/0barreras.com\/en\/wp-json\/wp\/v2\/product\/4142\/revisions\/4656"}],"wp:featuredmedia":[{"embeddable":true,"href":"https:\/\/0barreras.com\/en\/wp-json\/wp\/v2\/media\/4146"}],"wp:attachment":[{"href":"https:\/\/0barreras.com\/en\/wp-json\/wp\/v2\/media?parent=4142"}],"wp:term":[{"taxonomy":"product_cat","embeddable":true,"href":"https:\/\/0barreras.com\/en\/wp-json\/wp\/v2\/product_cat?post=4142"},{"taxonomy":"product_tag","embeddable":true,"href":"https:\/\/0barreras.com\/en\/wp-json\/wp\/v2\/product_tag?post=4142"}],"curies":[{"name":"wp","href":"https:\/\/api.w.org\/{rel}","templated":true}]}}