{"id":414,"date":"2024-01-23T19:28:08","date_gmt":"2024-01-24T00:28:08","guid":{"rendered":"https:\/\/0barreras.com\/?post_type=product&#038;p=414"},"modified":"2024-04-02T20:06:03","modified_gmt":"2024-04-03T01:06:03","slug":"soporte-de-lectura-para-lupa-redonda-schweizer-ergo-3x","status":"publish","type":"product","link":"https:\/\/0barreras.com\/en\/product\/soporte-de-lectura-para-lupa-redonda-schweizer-ergo-3x\/","title":{"rendered":"Soporte de lectura para lupa redonda Schweizer ERGO 3X"},"content":{"rendered":"<p>Los soportes de lectura y escritura ERGO mobil base convierten cualquier lupa de mano Schweizer ERGO-Lux MP mobil o ERGO-Lux i mobil en una lupa de pie sin comprometer la calidad de la imagen. Al encajar la lupa ERGO de bolsillo en el soporte, se establece la distancia focal exacta para la intensidad de aumento de una lupa en particular. Esta base m\u00f3vil opcional debe comprarse para la potencia espec\u00edfica de una lupa determinada, ya que establece la distancia de trabajo para esa potencia. Esto permite al usuario colocar la lupa en el soporte directamente sobre el material de lectura y no tener dificultades para encontrar la distancia de trabajo correcta.<br \/>\nAqu\u00ed se muestra el soporte de lectura para la lupa de mano Schweizer redonda 8D \/ 3X de 85 mm. Este soporte se apoya sobre el papel para proporcionar una lectura manos libres en forma de lupa de pie. Solo se puede utilizar con cualquiera de las dos lupas redondas Schweizer 3X ERGO. Adem\u00e1s, el soporte 3X tambi\u00e9n se puede utilizar en posici\u00f3n vertical para permitir la ampliaci\u00f3n con manos libres delante de la lente de aumento.<\/p>","protected":false},"excerpt":{"rendered":"<p>El soporte de lectura para la lupa de mano Schweizer redonda 8D \/ 3X de 85 mm ofrece una soluci\u00f3n pr\u00e1ctica para la ampliaci\u00f3n de lectura, tanto en posici\u00f3n horizontal como vertical.<br \/>\nlectura manos libres en forma de lupa de pie. Solo se puede utilizar con cualquiera de las dos lupas redondas Schweizer 3X ERGO. El soporte 3X tambi\u00e9n se puede utilizar en posici\u00f3n vertical para permitir la ampliaci\u00f3n con manos libres delante de la lente de aumento.<\/p>","protected":false},"featured_media":415,"comment_status":"open","ping_status":"closed","template":"","meta":[],"product_cat":[42,56,53],"product_tag":[],"class_list":["post-414","product","type-product","status-publish","has-post-thumbnail","hentry","product_cat-accesorios","product_cat-accesorios-schweizer","product_cat-lupas-schweizer-lupas"],"_links":{"self":[{"href":"https:\/\/0barreras.com\/en\/wp-json\/wp\/v2\/product\/414","targetHints":{"allow":["GET"]}}],"collection":[{"href":"https:\/\/0barreras.com\/en\/wp-json\/wp\/v2\/product"}],"about":[{"href":"https:\/\/0barreras.com\/en\/wp-json\/wp\/v2\/types\/product"}],"replies":[{"embeddable":true,"href":"https:\/\/0barreras.com\/en\/wp-json\/wp\/v2\/comments?post=414"}],"version-history":[{"count":1,"href":"https:\/\/0barreras.com\/en\/wp-json\/wp\/v2\/product\/414\/revisions"}],"predecessor-version":[{"id":1158,"href":"https:\/\/0barreras.com\/en\/wp-json\/wp\/v2\/product\/414\/revisions\/1158"}],"wp:featuredmedia":[{"embeddable":true,"href":"https:\/\/0barreras.com\/en\/wp-json\/wp\/v2\/media\/415"}],"wp:attachment":[{"href":"https:\/\/0barreras.com\/en\/wp-json\/wp\/v2\/media?parent=414"}],"wp:term":[{"taxonomy":"product_cat","embeddable":true,"href":"https:\/\/0barreras.com\/en\/wp-json\/wp\/v2\/product_cat?post=414"},{"taxonomy":"product_tag","embeddable":true,"href":"https:\/\/0barreras.com\/en\/wp-json\/wp\/v2\/product_tag?post=414"}],"curies":[{"name":"wp","href":"https:\/\/api.w.org\/{rel}","templated":true}]}}