{"id":4133,"date":"2024-06-16T08:01:49","date_gmt":"2024-06-16T13:01:49","guid":{"rendered":"https:\/\/0barreras.com\/?post_type=product&#038;p=4133"},"modified":"2024-07-11T10:18:10","modified_gmt":"2024-07-11T15:18:10","slug":"abrelatas-de-arrastre-de-anillo","status":"publish","type":"product","link":"https:\/\/0barreras.com\/en\/product\/abrelatas-de-arrastre-de-anillo\/","title":{"rendered":"Herramienta de Apertura de Latas con Anillos &#8211; Pr\u00e1ctica y Antideslizante"},"content":{"rendered":"<p>\u00a1Abra f\u00e1cilmente todas las latas de extracci\u00f3n de anillos\u00a0 con esta herramienta pr\u00e1ctica y eficiente! Dise\u00f1ada para facilitar el acceso a bebidas, at\u00fan, sopas, verduras enlatadas, pastas e incluso alimentos para mascotas, esta herramienta elimina la frustraci\u00f3n y el riesgo de u\u00f1as rotas al intentar abrir las latas. Su agarre antideslizante proporciona un control seguro y c\u00f3modo, haciendo que sea especialmente \u00fatil para personas que sufren de artritis, tienen problemas de movilidad o manos d\u00e9biles.<\/p>\n<p>Esta herramienta de apertura de latas se destaca por su dise\u00f1o ergon\u00f3mico y su construcci\u00f3n duradera, garantizando un uso prolongado y confiable. Adem\u00e1s, su tama\u00f1o compacto la hace f\u00e1cil de almacenar en cualquier cocina. No m\u00e1s esfuerzo ni dolor, esta herramienta convierte la tarea de abrir latas en un proceso simple y sin complicaciones.<\/p>\n<p>Al adquirir esta herramienta de apertura de latas, no solo mejoras tu comodidad en la cocina, sino que tambi\u00e9n colaboras con la Fundaci\u00f3n 0 Barreras, apoyando a todas las discapacidades. Con tu compra, contribuyes a una causa noble mientras disfrutas de un producto de alta calidad.<\/p>","protected":false},"excerpt":{"rendered":"<p>Abra f\u00e1cilmente todas las latas de extracci\u00f3n de anillos con esta herramienta pr\u00e1ctica. Su agarre antideslizante es ideal para personas con artritis o manos d\u00e9biles. Colabora con la Fundaci\u00f3n 0 Barreras con tu compra.<\/p>","protected":false},"featured_media":4134,"comment_status":"open","ping_status":"closed","template":"","meta":[],"product_cat":[222,217],"product_tag":[],"class_list":["post-4133","product","type-product","status-publish","has-post-thumbnail","hentry","product_cat-ayudas-para-la-cocina","product_cat-productos-de-ayuda-para-la-vida-diaria"],"_links":{"self":[{"href":"https:\/\/0barreras.com\/en\/wp-json\/wp\/v2\/product\/4133","targetHints":{"allow":["GET"]}}],"collection":[{"href":"https:\/\/0barreras.com\/en\/wp-json\/wp\/v2\/product"}],"about":[{"href":"https:\/\/0barreras.com\/en\/wp-json\/wp\/v2\/types\/product"}],"replies":[{"embeddable":true,"href":"https:\/\/0barreras.com\/en\/wp-json\/wp\/v2\/comments?post=4133"}],"version-history":[{"count":2,"href":"https:\/\/0barreras.com\/en\/wp-json\/wp\/v2\/product\/4133\/revisions"}],"predecessor-version":[{"id":4650,"href":"https:\/\/0barreras.com\/en\/wp-json\/wp\/v2\/product\/4133\/revisions\/4650"}],"wp:featuredmedia":[{"embeddable":true,"href":"https:\/\/0barreras.com\/en\/wp-json\/wp\/v2\/media\/4134"}],"wp:attachment":[{"href":"https:\/\/0barreras.com\/en\/wp-json\/wp\/v2\/media?parent=4133"}],"wp:term":[{"taxonomy":"product_cat","embeddable":true,"href":"https:\/\/0barreras.com\/en\/wp-json\/wp\/v2\/product_cat?post=4133"},{"taxonomy":"product_tag","embeddable":true,"href":"https:\/\/0barreras.com\/en\/wp-json\/wp\/v2\/product_tag?post=4133"}],"curies":[{"name":"wp","href":"https:\/\/api.w.org\/{rel}","templated":true}]}}